{"id":234224,"date":"2025-07-10T18:49:13","date_gmt":"2025-07-10T18:49:13","guid":{"rendered":"https:\/\/linkxa.es\/contratacion\/producto\/auriculares-micro-energy-sistem-style-3\/"},"modified":"2025-08-02T02:45:06","modified_gmt":"2025-08-02T02:45:06","slug":"auriculares-micro-energy-sistem-style-3","status":"publish","type":"product","link":"https:\/\/linkxa.es\/linkshop\/producto\/auriculares-micro-energy-sistem-style-3\/","title":{"rendered":"Auriculares micro energy sistem style 3"},"content":{"rendered":"<h3 style=\"text-align: center;\"><strong>Energy sistem\u00a0 |\u00a0 Auriculares<\/strong><\/h3>\n<p>\u00a0<\/p>\n<p>Auriculares con tecnolog\u00eda Bluetooth 5.1 plegables y con dise\u00f1o circumaural que cubre toda la superficie del o\u00eddo, te proporciona una mejor sensaci\u00f3n de aislamiento y mayor comodidad. 25 horas de<br \/>m\u00fasica con Deep Bass y llamadas claras con HQ voice calls.<\/p>\n<p>\u00a0Late al ritmo de la m\u00fasica<\/p>\n<p>Vibra con tu m\u00fasica preferida gracias a los graves profundos y contundentes de este auricular inal\u00e1mbrico. Disfruta por mucho m\u00e1s tiempo gracias a su Long Battery Life, hasta 25 horas de autonom\u00eda en<br \/>la bater\u00eda. \u00a1Diversi\u00f3n non-stop!<\/p>\n<p>El mejor audio en tus llamadas<\/p>\n<p>Gracias a HQ Voice Calls podr\u00e1s conversar con un audio n\u00edtido y claro en tus llamadas. Su dise\u00f1o circumaural, que cubre toda la oreja, te proporciona una mayor sensaci\u00f3n de aislamiento y comodidad.<\/p>\n<p>Olv\u00eddate de los cables<\/p>\n<p>Auricular con tecnolog\u00eda Bluetooth 5.1, con hasta 20 metros de alcance. Funci\u00f3n manos libres y asistente de voz compatible con Google\/Siri. Mayor libertad sin cables para estar siempre conectado.<\/p>\n<p>ESPECIFICACIONES<\/p>\n<p>General<br \/>Marca: ENERGY SISTEM<br \/>Garant\u00eda: 3<br \/>Part Number: 453030<br \/>Categor\u00edas: SONIDO<br \/>Reacondicionado: No<br \/>Reposici\u00f3n &#8211; Etiqueta: No<br \/>Peso Volumetrico 0.74 Kg.<\/p>\n<p>Contenido del embalaje<br \/>Material incluido: Audio (3.5mm), USB TIPO C<\/p>\n<p>Detalles t\u00e9cnicos<br \/>Tipolog\u00eda Imagen Sonido: Auriculares<br \/>Alcance Bluetooth: 20 m<br \/>Conexi\u00f3n inal\u00e1mbrica: Si<br \/>Tipo de auricular: Binaurale<\/p>\n<p>Conectividad<br \/>Interfaz: Bluetooth\/3.5 mm<br \/>Alcance de frecuencia: 2.4 GHz<br \/>Conectividad del dispositivo: Inal\u00e1mbrico \/ Al\u00e1mbrico<br \/>Longitud del cable: 1.2 m<\/p>\n<p>Control de energ\u00eda<br \/>Alimentaci\u00f3n: Bater\u00eda<br \/>Carga por USB: Si<\/p>\n<p>Otras caracter\u00edsticas<br \/>Tecnolog\u00eda inal\u00e1mbrica: Bluetooth<br \/>Versi\u00f3n de Bluetooth: 5.1<\/p>\n<p>Peso y dimensiones<br \/>Altura: 171 mm<br \/>Ancho: 182 mm<br \/>Peso: 176 g<br \/>Profundidad: 85 mm<\/p>\n<p>Auriculares<br \/>Tipolog\u00eda Auriculares: Diadema, Micr\u00f3fono Incluido<br \/>Auriculares: 3.5 mm, Bluetooth<br \/>Estilo de uso: Diadema<br \/>Frecuencia de auricular: 20 &#8211; 20000 Hz<br \/>Tipo de controlador: Din\u00e1mico<br \/>Unidad de disco: 40 mm<\/p>\n<p>Bater\u00eda<br \/>Capacidad: 400 mAh<br \/>Tecnolog\u00eda de bater\u00eda: Pol\u00edmero de litio<br \/>Tiempo de carga: 2 h<\/p>\n<p>Auriculares<br \/>Audifonos: Circumaural<\/p>\n<p>Micr\u00f3fono<br \/>Frecuencia de micr\u00f3fono: 10 &#8211; 10000 Hz<br \/>Sensibilidad de micr\u00f3fono: -39 dB<\/p>\n<p>\u00a0<\/p>\n","protected":false},"excerpt":{"rendered":"<p>Auriculares micro energy sistem style 3 stone &#8211; bt &#8211; supraural &#8211; diadema &#8211; jack3.5 &#8211; limitador de volumen<\/p>\n","protected":false},"featured_media":234225,"comment_status":"closed","ping_status":"open","template":"","meta":{"_et_pb_use_builder":"","_et_pb_old_content":"","_et_gb_content_width":""},"product_brand":[2879],"product_cat":[2799,2800,2058],"product_tag":[2803,2804,2900,2068,2880],"class_list":{"0":"post-234224","1":"product","2":"type-product","3":"status-publish","4":"has-post-thumbnail","6":"product_brand-energy-sistem","7":"product_cat-altavoces-mp3-y-auriculares","8":"product_cat-auriculares","9":"product_cat-dispositivos","10":"product_tag-altavoces-mp3-y-auriculares","11":"product_tag-auriculares","12":"product_tag-auriculares-micro-energy-sistem-style-3","13":"product_tag-dispositivos","14":"product_tag-energy-sistem","15":"product_shipping_class-2059","16":"pa_canon-digital-incluida-0-e-incluidos","18":"first","19":"instock","20":"taxable","21":"shipping-taxable","22":"purchasable","23":"product-type-simple"},"_links":{"self":[{"href":"https:\/\/linkxa.es\/linkshop\/wp-json\/wp\/v2\/product\/234224","targetHints":{"allow":["GET"]}}],"collection":[{"href":"https:\/\/linkxa.es\/linkshop\/wp-json\/wp\/v2\/product"}],"about":[{"href":"https:\/\/linkxa.es\/linkshop\/wp-json\/wp\/v2\/types\/product"}],"replies":[{"embeddable":true,"href":"https:\/\/linkxa.es\/linkshop\/wp-json\/wp\/v2\/comments?post=234224"}],"wp:featuredmedia":[{"embeddable":true,"href":"https:\/\/linkxa.es\/linkshop\/wp-json\/wp\/v2\/media\/234225"}],"wp:attachment":[{"href":"https:\/\/linkxa.es\/linkshop\/wp-json\/wp\/v2\/media?parent=234224"}],"wp:term":[{"taxonomy":"product_brand","embeddable":true,"href":"https:\/\/linkxa.es\/linkshop\/wp-json\/wp\/v2\/product_brand?post=234224"},{"taxonomy":"product_cat","embeddable":true,"href":"https:\/\/linkxa.es\/linkshop\/wp-json\/wp\/v2\/product_cat?post=234224"},{"taxonomy":"product_tag","embeddable":true,"href":"https:\/\/linkxa.es\/linkshop\/wp-json\/wp\/v2\/product_tag?post=234224"}],"curies":[{"name":"wp","href":"https:\/\/api.w.org\/{rel}","templated":true}]}}