{"id":234228,"date":"2025-01-17T00:37:05","date_gmt":"2025-01-17T00:37:05","guid":{"rendered":"https:\/\/linkxa.es\/contratacion\/producto\/auriculares-con-microfono-logitech-g435-gaming\/"},"modified":"2025-08-02T09:14:18","modified_gmt":"2025-08-02T09:14:18","slug":"auriculares-con-microfono-logitech-g435-gaming","status":"publish","type":"product","link":"https:\/\/linkxa.es\/linkshop\/producto\/auriculares-con-microfono-logitech-g435-gaming\/","title":{"rendered":"Auriculares con microfono logitech g435 gaming"},"content":{"rendered":"<h3 style=\"text-align: center;\"><strong>Logitech\u00a0 |\u00a0 Auriculares<\/strong><\/h3>\n<p>\u00a0<\/p>\n<p>Ficha T\u00e9cnica<br \/>General<br \/>Tipo de producto Auricular &#8211; Bluetooth\/radiofrecuencia de 2,4 GHz &#8211; inal\u00e1mbrico<br \/>Anchura 16.3 cm<br \/>Profundidad 7.1 cm<br \/>Altura 17 cm<br \/>Peso 165 g<br \/>Color Blanco<br \/>Uso recomendado Consola de juegos,ordenador<br \/>Distancia operativa m\u00e1x. 10 m<br \/>Audio salida<br \/>Factor de forma de los auriculares Tama\u00f1o completo<br \/>Tecnolog\u00eda de conectividad Inal\u00e1mbrico<br \/>Tecnolog\u00eda inal\u00e1mbrica Bluetooth\/radiofrecuencia de 2,4 GHz<br \/>Decodificadores integrados Dolby Atmos<br \/>Efectos de sonido Sonido envolvente Windows Sonic<br \/>Respuesta de frecuencia 20 &#8211; 20000 Hz<br \/>Sensibilidad 83.1 dB\/mW<br \/>Impedancia 45 Ohm<br \/>Caracter\u00edsticas Tecnolog\u00eda inal\u00e1mbrica LIGHTSPEED<br \/>Tipo de micr\u00f3fono<br \/>Factor de forma Integrado<br \/>Modo de operaci\u00f3n del micr\u00f3fono Conformaci\u00f3n de haces<br \/>Respuesta de frecuencia 100 &#8211; 8000 Hz<br \/>Conexiones<br \/>Tipo de conector USB (UBC-C de 24 pines)<br \/>Diverso<br \/>Accesorios incluidos Receptor USB<br \/>Detalles de cables Cable de carga USB-C<br \/>Certificaci\u00f3n de software Certificado Discord<br \/>Cumplimiento de normas CarbonNeutral<br \/>Alimentaci\u00f3n<br \/>Bater\u00eda Pila para auriculares recargable<br \/>Tiempo de ejecuci\u00f3n (m\u00e1ximo) 18 hora(s)<\/p>\n<p>\u00a0<\/p>\n","protected":false},"excerpt":{"rendered":"<p>Auriculares con microfono logitech g435 gaming wireless inalambrico blanco<\/p>\n","protected":false},"featured_media":234385,"comment_status":"closed","ping_status":"open","template":"","meta":{"_et_pb_use_builder":"","_et_pb_old_content":"","_et_gb_content_width":""},"product_brand":[2798],"product_cat":[2799,2800,2058],"product_tag":[2803,2804,2901,2068,2801],"class_list":{"0":"post-234228","1":"product","2":"type-product","3":"status-publish","4":"has-post-thumbnail","6":"product_brand-logitech","7":"product_cat-altavoces-mp3-y-auriculares","8":"product_cat-auriculares","9":"product_cat-dispositivos","10":"product_tag-altavoces-mp3-y-auriculares","11":"product_tag-auriculares","12":"product_tag-auriculares-con-microfono-logitech-g435-gaming","13":"product_tag-dispositivos","14":"product_tag-logitech","15":"product_shipping_class-2088","16":"pa_canon-digital-incluida-0-e-incluidos","18":"first","19":"instock","20":"taxable","21":"shipping-taxable","22":"purchasable","23":"product-type-simple"},"_links":{"self":[{"href":"https:\/\/linkxa.es\/linkshop\/wp-json\/wp\/v2\/product\/234228","targetHints":{"allow":["GET"]}}],"collection":[{"href":"https:\/\/linkxa.es\/linkshop\/wp-json\/wp\/v2\/product"}],"about":[{"href":"https:\/\/linkxa.es\/linkshop\/wp-json\/wp\/v2\/types\/product"}],"replies":[{"embeddable":true,"href":"https:\/\/linkxa.es\/linkshop\/wp-json\/wp\/v2\/comments?post=234228"}],"wp:featuredmedia":[{"embeddable":true,"href":"https:\/\/linkxa.es\/linkshop\/wp-json\/wp\/v2\/media\/234385"}],"wp:attachment":[{"href":"https:\/\/linkxa.es\/linkshop\/wp-json\/wp\/v2\/media?parent=234228"}],"wp:term":[{"taxonomy":"product_brand","embeddable":true,"href":"https:\/\/linkxa.es\/linkshop\/wp-json\/wp\/v2\/product_brand?post=234228"},{"taxonomy":"product_cat","embeddable":true,"href":"https:\/\/linkxa.es\/linkshop\/wp-json\/wp\/v2\/product_cat?post=234228"},{"taxonomy":"product_tag","embeddable":true,"href":"https:\/\/linkxa.es\/linkshop\/wp-json\/wp\/v2\/product_tag?post=234228"}],"curies":[{"name":"wp","href":"https:\/\/api.w.org\/{rel}","templated":true}]}}