{"id":234238,"date":"2025-05-16T06:55:30","date_gmt":"2025-05-16T06:55:30","guid":{"rendered":"https:\/\/linkxa.es\/contratacion\/producto\/auriculares-urban-con-cable-y-manos\/"},"modified":"2025-08-02T02:46:19","modified_gmt":"2025-08-02T02:46:19","slug":"auriculares-urban-con-cable-y-manos","status":"publish","type":"product","link":"https:\/\/linkxa.es\/linkshop\/producto\/auriculares-urban-con-cable-y-manos\/","title":{"rendered":"Auriculares urban con cable y manos"},"content":{"rendered":"<h3 style=\"text-align: center;\"><strong>Phoenix technologies\u00a0 |\u00a0 Auriculares<\/strong><\/h3>\n<p>\u00a0<\/p>\n<p>Ideales para el deporte o la calle.<br \/>Auriculares ergon\u00f3micos para uso diario con cubierta de silicona para |m\u00e1ximo confort. Su dise\u00f1o ultraligero y ajuste perfecto al o\u00eddo los hace ideales para hacer deporte.<br \/>Aislamiento contra ruido ambiental.<br \/>Sonido n\u00edtido y equilibrado con todo tipo de m\u00fasica o voces.<br \/>Con almohadillas de silicona de recambio.<\/p>\n<p>\u00a0<\/p>\n","protected":false},"excerpt":{"rendered":"<p>Auriculares urban  con cable y manos libres<\/p>\n","protected":false},"featured_media":234239,"comment_status":"closed","ping_status":"open","template":"","meta":{"_et_pb_use_builder":"","_et_pb_old_content":"","_et_gb_content_width":""},"product_brand":[2657],"product_cat":[2799,2800,2058],"product_tag":[2803,2804,2903,2068,2658],"class_list":{"0":"post-234238","1":"product","2":"type-product","3":"status-publish","4":"has-post-thumbnail","6":"product_brand-phoenix-technologies","7":"product_cat-altavoces-mp3-y-auriculares","8":"product_cat-auriculares","9":"product_cat-dispositivos","10":"product_tag-altavoces-mp3-y-auriculares","11":"product_tag-auriculares","12":"product_tag-auriculares-urban-con-cable-y-manos","13":"product_tag-dispositivos","14":"product_tag-phoenix-technologies","15":"product_shipping_class-2088","16":"pa_canon-digital-incluida-0-e-incluidos","18":"first","19":"instock","20":"taxable","21":"shipping-taxable","22":"purchasable","23":"product-type-simple"},"_links":{"self":[{"href":"https:\/\/linkxa.es\/linkshop\/wp-json\/wp\/v2\/product\/234238","targetHints":{"allow":["GET"]}}],"collection":[{"href":"https:\/\/linkxa.es\/linkshop\/wp-json\/wp\/v2\/product"}],"about":[{"href":"https:\/\/linkxa.es\/linkshop\/wp-json\/wp\/v2\/types\/product"}],"replies":[{"embeddable":true,"href":"https:\/\/linkxa.es\/linkshop\/wp-json\/wp\/v2\/comments?post=234238"}],"wp:featuredmedia":[{"embeddable":true,"href":"https:\/\/linkxa.es\/linkshop\/wp-json\/wp\/v2\/media\/234239"}],"wp:attachment":[{"href":"https:\/\/linkxa.es\/linkshop\/wp-json\/wp\/v2\/media?parent=234238"}],"wp:term":[{"taxonomy":"product_brand","embeddable":true,"href":"https:\/\/linkxa.es\/linkshop\/wp-json\/wp\/v2\/product_brand?post=234238"},{"taxonomy":"product_cat","embeddable":true,"href":"https:\/\/linkxa.es\/linkshop\/wp-json\/wp\/v2\/product_cat?post=234238"},{"taxonomy":"product_tag","embeddable":true,"href":"https:\/\/linkxa.es\/linkshop\/wp-json\/wp\/v2\/product_tag?post=234238"}],"curies":[{"name":"wp","href":"https:\/\/api.w.org\/{rel}","templated":true}]}}