{"id":234246,"date":"2025-05-02T13:54:18","date_gmt":"2025-05-02T13:54:18","guid":{"rendered":"https:\/\/linkxa.es\/contratacion\/producto\/auriculares-micro-energy-sistem-eco-cherry\/"},"modified":"2025-08-02T09:02:13","modified_gmt":"2025-08-02T09:02:13","slug":"auriculares-micro-energy-sistem-eco-cherry","status":"publish","type":"product","link":"https:\/\/linkxa.es\/linkshop\/producto\/auriculares-micro-energy-sistem-eco-cherry\/","title":{"rendered":"Auriculares micro energy sistem eco cherry"},"content":{"rendered":"<h3 style=\"text-align: center;\"><strong>Energy sistem\u00a0 |\u00a0 Auriculares<\/strong><\/h3>\n<p>\u00a0<\/p>\n<p>Auriculares intrauditivos elaborados en materiales sostenibles como<br \/>madera y c\u00e1\u00f1amo. Disponen de un sonido equilibrado, agudos n\u00edtidos y<br \/>graves potentes gracias al ajuste din\u00e1mico. Con micr\u00f3fono incorporado.<br \/>Caracter\u00edsticas:<\/p>\n<p>Intraural: Auriculares intrauditivos elaborados con materiales sostenibles<br \/>como madera certificada y c\u00e1\u00f1amo que se adaptan a la anatom\u00eda del o\u00eddo y<br \/>proporcionan mayor ergonom\u00eda y calidad de sonido.<br \/>Control de llamadas: Micr\u00f3fono integrado y control de llamadas, para<br \/>responder llamadas con un s\u00f3lo clic gracias al micr\u00f3fono integrado en el<br \/>propio cable elaborado con c\u00e1\u00f1amo natural.<br \/>Dise\u00f1o: Auricular con cuerpo de madera sostenible en madera de cerezo<br \/>que proporciona un acabado de calidad.<br \/>Bolsa de transporte: Incluye una bolsa de transporte de materiales<br \/>sostenibles para llevar los auriculares donde quieras y que no se rayen.<\/p>\n<p>Especificaciones:<\/p>\n<p>Tipo de conector Con cable<br \/>Nombre del modelo Earphones Eco Cherry Wood (Mini jack, In-ear,<br \/>Sustainable Wood, Hemp cable, Mic, Control talk)<br \/>Color Cherry Wood<br \/>Headphones Jack 3,5 mm<br \/>Material Madera<br \/>Factor de forma de los auriculares In Ear<br \/>Control Type Control de llamadas<\/p>\n<p>\u00a0<\/p>\n","protected":false},"excerpt":{"rendered":"<p>Auriculares micro energy sistem eco cherry wood eco cherry wood &#8211;  jack 3.5mm &#8211;  20hz &#8211;  cable 120cm<\/p>\n","protected":false},"featured_media":234247,"comment_status":"closed","ping_status":"open","template":"","meta":{"_et_pb_use_builder":"","_et_pb_old_content":"","_et_gb_content_width":""},"product_brand":[2879],"product_cat":[2799,2800,2058],"product_tag":[2803,2804,2904,2068,2880],"class_list":{"0":"post-234246","1":"product","2":"type-product","3":"status-publish","4":"has-post-thumbnail","6":"product_brand-energy-sistem","7":"product_cat-altavoces-mp3-y-auriculares","8":"product_cat-auriculares","9":"product_cat-dispositivos","10":"product_tag-altavoces-mp3-y-auriculares","11":"product_tag-auriculares","12":"product_tag-auriculares-micro-energy-sistem-eco-cherry","13":"product_tag-dispositivos","14":"product_tag-energy-sistem","15":"product_shipping_class-2059","16":"pa_canon-digital-incluida-0-e-incluidos","18":"first","19":"instock","20":"taxable","21":"shipping-taxable","22":"purchasable","23":"product-type-simple"},"_links":{"self":[{"href":"https:\/\/linkxa.es\/linkshop\/wp-json\/wp\/v2\/product\/234246","targetHints":{"allow":["GET"]}}],"collection":[{"href":"https:\/\/linkxa.es\/linkshop\/wp-json\/wp\/v2\/product"}],"about":[{"href":"https:\/\/linkxa.es\/linkshop\/wp-json\/wp\/v2\/types\/product"}],"replies":[{"embeddable":true,"href":"https:\/\/linkxa.es\/linkshop\/wp-json\/wp\/v2\/comments?post=234246"}],"wp:featuredmedia":[{"embeddable":true,"href":"https:\/\/linkxa.es\/linkshop\/wp-json\/wp\/v2\/media\/234247"}],"wp:attachment":[{"href":"https:\/\/linkxa.es\/linkshop\/wp-json\/wp\/v2\/media?parent=234246"}],"wp:term":[{"taxonomy":"product_brand","embeddable":true,"href":"https:\/\/linkxa.es\/linkshop\/wp-json\/wp\/v2\/product_brand?post=234246"},{"taxonomy":"product_cat","embeddable":true,"href":"https:\/\/linkxa.es\/linkshop\/wp-json\/wp\/v2\/product_cat?post=234246"},{"taxonomy":"product_tag","embeddable":true,"href":"https:\/\/linkxa.es\/linkshop\/wp-json\/wp\/v2\/product_tag?post=234246"}],"curies":[{"name":"wp","href":"https:\/\/api.w.org\/{rel}","templated":true}]}}