{"id":234250,"date":"2025-04-20T11:35:08","date_gmt":"2025-04-20T11:35:08","guid":{"rendered":"https:\/\/linkxa.es\/contratacion\/producto\/auriculares-energy-sistem-streetmusic-inalambrico-blanco\/"},"modified":"2025-08-02T09:02:35","modified_gmt":"2025-08-02T09:02:35","slug":"auriculares-energy-sistem-streetmusic-inalambrico-blanco","status":"publish","type":"product","link":"https:\/\/linkxa.es\/linkshop\/producto\/auriculares-energy-sistem-streetmusic-inalambrico-blanco\/","title":{"rendered":"Auriculares energy sistem streetmusic inalambrico blanco"},"content":{"rendered":"<h3 style=\"text-align: center;\"><strong>Energy sistem\u00a0 |\u00a0 Auriculares<\/strong><\/h3>\n<p>\u00a0<\/p>\n<p>Vibra con tu m\u00fasica favorita<br \/>Con 20 horas de bater\u00eda y un potente driver de 13mm para graves profundos y un sonido claro. Disfruta de una experiencia sonora completa con los auriculares True Wireless StreetMusic.<\/p>\n<p>Sostenibilidad y estilo<br \/>Auriculares True Wireless fabricados con pl\u00e1stico 100% reciclado certificado GRS (Global Recycled Standard) y embalaje certificado FSC. Tu elecci\u00f3n consciente y responsable.<\/p>\n<p>Dise\u00f1o compacto y ajuste perfecto<br \/>Dise\u00f1ados para ofrecer un uso c\u00f3modo y seguro, estos auriculares inal\u00e1mbricos son perfectos para llevar a cualquier lugar.<\/p>\n<p>Llamadas claras y asistente de voz<br \/>Con micr\u00f3fono incorporado y llamadas en est\u00e9reo para conversaciones claras. Cuenta con asistente de voz integrado para una mayor comodidad.<\/p>\n<p>Energy Sistem StreetMusic. Tipo de producto: Auriculares. Tecnolog\u00eda de conectividad: True Wireless Stereo (TWS), Bluetooth. Uso recomendado: M\u00fasica\/uso diario. Frecuencia de auricular: 20 &#8211; 20000 Hz. Alcance<br \/>inal\u00e1mbrico: 20 m. Longitud de cable: 0,3 m. Peso: 31 g. Color del producto: Blanco<br \/>Desempe\u00f1o<br \/>Tipo de producto Auriculares<br \/>Estilo de uso Dentro de o\u00eddo<br \/>Uso recomendado M\u00fasica\/uso diario<br \/>Tipo de auricular Binaural<br \/>Color del producto Blanco<br \/>Teclas de funcionamiento Track &#038;lt,, Pista &#038;gt,, Volumen +, Volume &#8211;<br \/>Longitud de cable 0,3 m<br \/>Indicadores LED Si<br \/>G\u00e9nero Ni\u00f1o\/ni\u00f1a<br \/>Conectar y usar (Plug and Play) Si<br \/>Funciona con Apple Siri Si<br \/>Puertos e Interfaces<br \/>Tecnolog\u00eda de conectividad True Wireless Stereo (TWS)<br \/>Conexi\u00f3n USB Si<br \/>Conector USB USB Tipo C<br \/>Bluetooth Si<br \/>Versi\u00f3n de Bluetooth 5.4<br \/>Frecuencia de banda 2.4 GHz<br \/>Alcance inal\u00e1mbrico 20 m<br \/>Auriculares<br \/>Auriculares de tipo Intraural Auriculares<br \/>Frecuencia de auricular 20 &#8211; 20000 Hz<br \/>Obstrucci\u00f3n 16<br \/>N\u00famero de dispositivos 1<br \/>Micr\u00f3fono<br \/>Tipo de micr\u00f3fono Integrado<br \/>Frecuencia de micr\u00f3fono 100 &#8211; 10000 Hz<br \/>Sensibilidad de micr\u00f3fono -42 dB<br \/>Bater\u00eda<br \/>Bater\u00eda Si<br \/>Tipo de bater\u00eda Bater\u00eda integrada<br \/>Tecnolog\u00eda de bater\u00eda Pol\u00edmero de litio<br \/>Tensi\u00f3n de entrada (estuche de carga) 3,7 V<br \/>Tiempo continuo de reproducci\u00f3n de audio 4 h<br \/>Autonom\u00eda en reproducci\u00f3n continua de audio (con estuche de carga) 16 h<br \/>Capacidad de la bater\u00eda (estuche de carga) 300 mAh<br \/>Fuente de carga USB<br \/>Requisitos del sistema<br \/>Sistema operativo Windows soportado Si<br \/>Sistema operativo MAC soportado Si<br \/>Peso y dimensiones<br \/>Ancho 45 mm<br \/>Profundidad 25 mm<br \/>Altura 50 mm<br \/>Peso 31 g<br \/>Contenido del embalaje<br \/>Funda de carga Si<br \/>Cables incluidos USB Tipo C<br \/>Cantidad 1<\/p>\n<p>\u00a0<\/p>\n","protected":false},"excerpt":{"rendered":"<p>Auriculares energy sistem streetmusic inalambrico blanco<\/p>\n","protected":false},"featured_media":234251,"comment_status":"closed","ping_status":"open","template":"","meta":{"_et_pb_use_builder":"","_et_pb_old_content":"","_et_gb_content_width":""},"product_brand":[2879],"product_cat":[2799,2800,2058],"product_tag":[2803,2804,2905,2068,2880],"class_list":{"0":"post-234250","1":"product","2":"type-product","3":"status-publish","4":"has-post-thumbnail","6":"product_brand-energy-sistem","7":"product_cat-altavoces-mp3-y-auriculares","8":"product_cat-auriculares","9":"product_cat-dispositivos","10":"product_tag-altavoces-mp3-y-auriculares","11":"product_tag-auriculares","12":"product_tag-auriculares-energy-sistem-streetmusic-inalambrico-blanco","13":"product_tag-dispositivos","14":"product_tag-energy-sistem","15":"product_shipping_class-2059","16":"pa_canon-digital-incluida-0-e-incluidos","18":"first","19":"instock","20":"taxable","21":"shipping-taxable","22":"purchasable","23":"product-type-simple"},"_links":{"self":[{"href":"https:\/\/linkxa.es\/linkshop\/wp-json\/wp\/v2\/product\/234250","targetHints":{"allow":["GET"]}}],"collection":[{"href":"https:\/\/linkxa.es\/linkshop\/wp-json\/wp\/v2\/product"}],"about":[{"href":"https:\/\/linkxa.es\/linkshop\/wp-json\/wp\/v2\/types\/product"}],"replies":[{"embeddable":true,"href":"https:\/\/linkxa.es\/linkshop\/wp-json\/wp\/v2\/comments?post=234250"}],"wp:featuredmedia":[{"embeddable":true,"href":"https:\/\/linkxa.es\/linkshop\/wp-json\/wp\/v2\/media\/234251"}],"wp:attachment":[{"href":"https:\/\/linkxa.es\/linkshop\/wp-json\/wp\/v2\/media?parent=234250"}],"wp:term":[{"taxonomy":"product_brand","embeddable":true,"href":"https:\/\/linkxa.es\/linkshop\/wp-json\/wp\/v2\/product_brand?post=234250"},{"taxonomy":"product_cat","embeddable":true,"href":"https:\/\/linkxa.es\/linkshop\/wp-json\/wp\/v2\/product_cat?post=234250"},{"taxonomy":"product_tag","embeddable":true,"href":"https:\/\/linkxa.es\/linkshop\/wp-json\/wp\/v2\/product_tag?post=234250"}],"curies":[{"name":"wp","href":"https:\/\/api.w.org\/{rel}","templated":true}]}}