{"id":234261,"date":"2025-05-28T02:40:57","date_gmt":"2025-05-28T02:40:57","guid":{"rendered":"https:\/\/linkxa.es\/contratacion\/producto\/auriculares-logitech-pro-gaming-x\/"},"modified":"2025-08-02T09:03:53","modified_gmt":"2025-08-02T09:03:53","slug":"auriculares-logitech-pro-gaming-x","status":"publish","type":"product","link":"https:\/\/linkxa.es\/linkshop\/producto\/auriculares-logitech-pro-gaming-x\/","title":{"rendered":"Auriculares logitech pro gaming x"},"content":{"rendered":"<h3 style=\"text-align: center;\"><strong>Logitech\u00a0 |\u00a0 Auriculares<\/strong><\/h3>\n<p>\u00a0<\/p>\n<p>Descripci\u00f3n de Producto<\/p>\n<p>Dise\u00f1ados en colaboraci\u00f3n con y para profesionales para comunicaciones<br \/>avanzadas y audio de precisi\u00f3n.<\/p>\n<p>La tecnolog\u00eda de micr\u00f3fono BLUE VO!CE te ofrece una selecci\u00f3n de filtros de<br \/>voz en tiempo real para reducir el ruido,a\u00f1adir compresi\u00f3n y eliminar el<br \/>siseo.<br \/>Adem\u00e1s,garantiza que tu voz suene m\u00e1s rica,limpia y profesional. Consigue<br \/>comunicaciones de voz en el juego consistentes y con calidad de estudio<br \/>con BLUE VO!CE a trav\u00e9s del software para juegos G HUB.<\/p>\n<p>La espuma viscoel\u00e1stica envuelta en piel sint\u00e9tica Premium o tejido<br \/>aterciopelado transpirable te proporciona confort duradero. Para que<br \/>puedas jugar m\u00e1s tiempo y m\u00e1s duro,y concentrarte en ganar.<\/p>\n<p>Ficha T\u00e9cnica Resumida<br \/>Descripci\u00f3n del producto Logitech G Pro X &#8211; auricular<br \/>Tipo de producto Auricular &#8211; cableado &#8211; conector de 3,5 mm<br \/>Uso recomendado Ordenador<br \/>Factor de forma de los auriculares Tama\u00f1o completo<br \/>Tecnolog\u00eda de conectividad Cableado<br \/>Modo de salida del sonido Sonido envolvente de 7.1 canales<br \/>Efectos de sonido DTS Headphone:X 2.0<br \/>Especificaciones de audio Respuesta de frecuencia 20 &#8211; 20000 Hz &#8211;<br \/>Sensibilidad 91.7 dB<br \/>Impedancia 35 Ohm<br \/>Aislamiento de ruido Aislamiento de ruido<br \/>Tipo de micr\u00f3fono Boom<br \/>Tecnolog\u00eda del micr\u00f3fono Condensador de electretos<br \/>Modo de operaci\u00f3n del micr\u00f3fono Cardioide (unidireccional)<br \/>Controles Volumen<br \/>Garant\u00eda del fabricante 2 a\u00f1os de garant\u00eda<\/p>\n<p>Argumentos de Venta (descripciones extendidas)<\/p>\n<p>Desempe\u00f1o profesional<br \/>Dise\u00f1ados en colaboraci\u00f3n con y para profesionales para<br \/>comunicaciones avanzadas y audio de precisi\u00f3n.<br \/>BLUE VO!CE<br \/>La tecnolog\u00eda de micr\u00f3fono BLUE VO!CE te ofrece una selecci\u00f3n de filtros<br \/>de voz en tiempo real para reducir el ruido,a\u00f1adir compresi\u00f3n y eliminar el<br \/>siseo.<br \/>Adem\u00e1s,garantiza que tu voz suene m\u00e1s rica,limpia y profesional. Consigue<br \/>comunicaciones de voz en el juego consistentes y con calidad de estudio<br \/>con BLUE VO!CE a trav\u00e9s del software para juegos G HUB.<br \/>Confortable espuma viscoel\u00e1stica<br \/>La espuma viscoel\u00e1stica envuelta en piel sint\u00e9tica Premium o tejido<br \/>aterciopelado transpirable te proporciona confort duradero. Para que<br \/>puedas jugar m\u00e1s tiempo y m\u00e1s duro,y concentrarte en ganar.<br \/>Acero y aluminio duraderos<br \/>Con una robusta y ligera estructura construida en aluminio y acero,los<br \/>aud\u00edfonos PRO X se crearon para ofrecer durabilidad,confort y una est\u00e9tica<br \/>Premium.<br \/>Sonido envolvente de pr\u00f3xima generaci\u00f3n<br \/>DTS HEADPHONE:X 2.0 es la versi\u00f3n m\u00e1s reciente de la imagen espacial<br \/>del sonido basada en objetos de DTS. La versi\u00f3n 2.0 lleva el sonido<br \/>envolvente de 7.1 canales m\u00e1s lejos que nunca con una mejor reproducci\u00f3n<br \/>de graves,claridad de audio y pistas de proximidad. Y lo que es m\u00e1s<br \/>importante,un nuevo nivel de conciencia de la distancia diferencia entre el<br \/>audio de campo cercano y el de campo lejano,por lo que la ubicaci\u00f3n de tus<br \/>enemigos est\u00e1 m\u00e1s clara que nunca.<br \/>Transductores PRO-G de 50 mm<br \/>Los aud\u00edfonos PRO-G poseen un dise\u00f1o exclusivo de malla h\u00edbrida para<br \/>ofrecer una imagen espacial del sonido incre\u00edblemente clara y precisa.<br \/>Podr\u00e1s o\u00edr pisadas y se\u00f1ales ambientales con impresionante claridad y<br \/>obtendr\u00e1s la ventaja competitiva que necesitas para ganar. Ahora,con los<br \/>transductores de 50 mm,los aud\u00edfonos PRO-G de pr\u00f3xima generaci\u00f3n<br \/>consiguen una precisi\u00f3n a\u00fan mayor en un rango de frecuencia m\u00e1s<br \/>amplio,adem\u00e1s de una respuesta de graves de mayor fidelidad.<br \/>Ecualizaci\u00f3n con optimizaci\u00f3n profesional<br \/>Los perfiles de ecualizaci\u00f3n de audio,optimizados por deportistas de<br \/>eSports,est\u00e1n ahora disponibles en el software para juegos G HUB. Usa sus<br \/>perfiles tal y como est\u00e1n,o ad\u00e1ptalos a tus o\u00eddos. Gu\u00e1rdalos en la tarjeta de<br \/>sonido USB externa y luego apl\u00edcalos a otras PC.<\/p>\n<p>Qu\u00e9 contiene la caja<\/p>\n<p>Logitech G Pro X<br \/>Almohadillas para auriculares,tarjeta de sonido USB,bolsa de transporte<\/p>\n<p>Ficha T\u00e9cnica Completa contraer<br \/>General<br \/>Tipo de producto Auricular &#8211; cableado &#8211; conector de 3,5 mm<br \/>Anchura 9.4 cm<br \/>Profundidad 13.8 cm<br \/>Altura 19.5 cm<br \/>Peso 320 g<br \/>Material del cuerpo Aluminio,acero<br \/>Material de las almohadillas Cuero sint\u00e9tico,espuma viscoel\u00e1stica<br \/>Uso recomendado Ordenador<br \/>Audio salida<br \/>Factor de forma de los auriculares Tama\u00f1o completo<br \/>Tecnolog\u00eda de conectividad Cableado<br \/>Modo de salida del sonido Sonido envolvente de 7.1 canales<br \/>Efectos de sonido DTS Headphone:X 2.0<br \/>Aislamiento de ruido S\u00ed<br \/>Respuesta de frecuencia 20 &#8211; 20000 Hz<br \/>Sensibilidad 91.7 dB<br \/>Impedancia 35 Ohm<br \/>Diafragma 50 mm<br \/>Material del magneto Neodimio<br \/>Control de volumen en el cable S\u00ed<br \/>Diadema ajustable S\u00ed<br \/>Caracter\u00edsticas Micr\u00f3fono desmontable<br \/>Tipo de micr\u00f3fono<br \/>Tipo Boom<br \/>Factor de forma Micr\u00f3fono de auriculares<br \/>Tecnolog\u00eda del micr\u00f3fono Condensador de electretos<br \/>Modo de operaci\u00f3n del micr\u00f3fono Cardioide (unidireccional)<br \/>Respuesta de frecuencia 100 &#8211; 10000 Hz<br \/>Control remoto<br \/>Controles Volumen<br \/>Cable<br \/>Cable de alimentaci\u00f3n S\u00ed<br \/>Longitud del cable 2 m<br \/>Diverso<br \/>Accesorios incluidos Almohadillas para auriculares,tarjeta de<br \/>sonido<br \/>USB,bolsa de transporte<br \/>Detalles de cables Cable para auriculares &#8211; extra\u00edble &#8211; 2 m<br \/>Cable para tel\u00e9fono celular &#8211; extra\u00edble &#8211; 1.5 m<br \/>Cable de divisor de audio &#8211; extra\u00edble &#8211; 1.2 m<br \/>Garant\u00eda del fabricante<br \/>Servicio y mantenimiento Garant\u00eda limitada &#8211; 2 a\u00f1os<br \/>PRO X<br \/>Dise\u00f1ados en colaboraci\u00f3n con y para profesionales para comunicaciones<br \/>avanzadas y audio de precisi\u00f3n.<\/p>\n<p>\u00a0<\/p>\n","protected":false},"excerpt":{"rendered":"<p>Auriculares logitech pro gaming x<\/p>\n","protected":false},"featured_media":234262,"comment_status":"closed","ping_status":"open","template":"","meta":{"_et_pb_use_builder":"","_et_pb_old_content":"","_et_gb_content_width":""},"product_brand":[2798],"product_cat":[2799,2800,2058],"product_tag":[2803,2804,2907,2068,2801],"class_list":{"0":"post-234261","1":"product","2":"type-product","3":"status-publish","4":"has-post-thumbnail","6":"product_brand-logitech","7":"product_cat-altavoces-mp3-y-auriculares","8":"product_cat-auriculares","9":"product_cat-dispositivos","10":"product_tag-altavoces-mp3-y-auriculares","11":"product_tag-auriculares","12":"product_tag-auriculares-logitech-pro-gaming-x","13":"product_tag-dispositivos","14":"product_tag-logitech","15":"product_shipping_class-2088","16":"pa_canon-digital-incluida-0-e-incluidos","18":"first","19":"instock","20":"taxable","21":"shipping-taxable","22":"purchasable","23":"product-type-simple"},"_links":{"self":[{"href":"https:\/\/linkxa.es\/linkshop\/wp-json\/wp\/v2\/product\/234261","targetHints":{"allow":["GET"]}}],"collection":[{"href":"https:\/\/linkxa.es\/linkshop\/wp-json\/wp\/v2\/product"}],"about":[{"href":"https:\/\/linkxa.es\/linkshop\/wp-json\/wp\/v2\/types\/product"}],"replies":[{"embeddable":true,"href":"https:\/\/linkxa.es\/linkshop\/wp-json\/wp\/v2\/comments?post=234261"}],"wp:featuredmedia":[{"embeddable":true,"href":"https:\/\/linkxa.es\/linkshop\/wp-json\/wp\/v2\/media\/234262"}],"wp:attachment":[{"href":"https:\/\/linkxa.es\/linkshop\/wp-json\/wp\/v2\/media?parent=234261"}],"wp:term":[{"taxonomy":"product_brand","embeddable":true,"href":"https:\/\/linkxa.es\/linkshop\/wp-json\/wp\/v2\/product_brand?post=234261"},{"taxonomy":"product_cat","embeddable":true,"href":"https:\/\/linkxa.es\/linkshop\/wp-json\/wp\/v2\/product_cat?post=234261"},{"taxonomy":"product_tag","embeddable":true,"href":"https:\/\/linkxa.es\/linkshop\/wp-json\/wp\/v2\/product_tag?post=234261"}],"curies":[{"name":"wp","href":"https:\/\/api.w.org\/{rel}","templated":true}]}}