{"id":234263,"date":"2024-12-20T01:25:21","date_gmt":"2024-12-20T01:25:21","guid":{"rendered":"https:\/\/linkxa.es\/contratacion\/producto\/auriculares-xiaomi-redmi-buds-6-active\/"},"modified":"2025-08-02T09:08:51","modified_gmt":"2025-08-02T09:08:51","slug":"auriculares-xiaomi-redmi-buds-6-active","status":"publish","type":"product","link":"https:\/\/linkxa.es\/linkshop\/producto\/auriculares-xiaomi-redmi-buds-6-active\/","title":{"rendered":"Auriculares xiaomi redmi buds 6 active"},"content":{"rendered":"<h3 style=\"text-align: center;\"><strong>Xiaomi\u00a0 |\u00a0 Auriculares<\/strong><\/h3>\n<p>\u00a0<\/p>\n<p>El dise\u00f1o ergon\u00f3mico y semiinterno con forma arqueada de Redmi Buds 6 Active equilibra con eficacia el peso de los auriculares dentro y fuera de la oreja para que disfrutes de un ajuste c\u00f3modo y sin tensiones. Al ajustarse firmemente a la oreja, proporcionan una experiencia de escucha sin restricciones.<\/p>\n<p>Caracter\u00edsticas<br \/>Diafragma din\u00e1mico de gran tama\u00f1o (14,2 mm): Woofer potente. Ac\u00fastica de calidad. El diafragma din\u00e1mico de gran tama\u00f1o (14,2 mm) y los ajustes precisos de Xiaomi Acoustic Lab han mejorado el woofer para ofrecer una experiencia sonora espectacular.<br \/>Reducci\u00f3n de ruido con doble micr\u00f3fono para una voz m\u00e1s clara: Filtra el ruido ambiental. Disfruta de llamadas n\u00edtidas e inteligentes. El algoritmo de cancelaci\u00f3n de ruido de doble canal puede generar un efecto de cancelaci\u00f3n del ruido del viento hasta 4 m\/s* para las llamadas. En combinaci\u00f3n con la tecnolog\u00eda de reducci\u00f3n de ruido con doble micr\u00f3fono, reduce eficazmente el ruido ambiental para que puedas disfrutar de llamadas m\u00e1s claras, tanto en espacios interiores como exteriores. *Los datos sobre la cancelaci\u00f3n del ruido del viento durante las llamadas proceden de los laboratorios internos de Xiaomi. Los resultados reales pueden variar dependiendo de la forma de la oreja, los h\u00e1bitos de uso, c\u00f3mo lleves los auriculares, etc.<br \/>Hasta 30 horas de duraci\u00f3n de la bater\u00eda: Sonido de gran calidad durante todo el d\u00eda. Escucha hasta 6 horas de m\u00fasica con una sola carga de los auriculares o comb\u00ednalos con el estuche de carga para poder usarlos durante hasta 30 horas. Deja de preocuparte por la bater\u00eda. Disfruta de hasta 1 hora de reproducci\u00f3n con tan solo 10 minutos de carga. Disfruta de un sonido musical excepcional sin interrupciones.<br \/>Cinco ajustes de ecualizaci\u00f3n integrados: Cambia f\u00e1cilmente. Adapta la escucha a tus preferencias. Los cinco ajustes de ecualizaci\u00f3n integrados se adaptan a tus necesidades de escucha para distintas situaciones. Para cambiar de ajuste, solo tienes que acceder a la aplicaci\u00f3n Xiaomi Earbuds y tocar un bot\u00f3n. Disfruta de un ritmo de bater\u00eda potente y din\u00e1mico en el modo de mejora de los graves. Supera los l\u00edmites del volumen y disfruta de una experiencia de escucha excepcional en el modo de potenciaci\u00f3n del volumen.<br \/>Elegancia y versatilidad: Un accesorio de moda port\u00e1til. Por primera vez, los auriculares est\u00e1n disponibles en color azul y rosa con una franja decorativa brillante. En combinaci\u00f3n con la tapa transparente del estuche, rezuman vitalidad y te mantienen de buen humor durante todo el d\u00eda. El dise\u00f1o curvado de las esquinas del estuche transmite sensaciones visuales m\u00e1s estilizadas. Sencillez, elegancia y tama\u00f1o compacto con un estilo que cabe en la palma de la mano.<br \/>Pulsa para activar el asistente de voz. Mant\u00e9n pulsado un auricular durante 2 segundos para activar el asistente de voz. Llama a tu asistente de voz en cualquier momento para abordar con presteza las tareas diarias. *El asistente de voz solo est\u00e1 disponible si es compatible con el dispositivo conectado.<br \/>Bluetooth\u00ae 5.4. La latencia ultrabaja de 90 ms es m\u00e1s r\u00e1pida y estable.<br \/>Rapidez de conexi\u00f3n. Facilidad para emparejar y rapidez de manejo.<br \/>Google Fast Pair: Abre la tapa para que salgan los auriculares y toca para conectar. Con un solo toque, los Redmi Buds 6 Active se pueden emparejar r\u00e1pidamente y sin esfuerzo con tus dispositivos Android a trav\u00e9s de Bluetooth. Incluso podr\u00e1s saber d\u00f3nde dejaste los auriculares por \u00faltima vez.<br \/>Clasificaci\u00f3n IPX4. Deja de preocuparte por los da\u00f1os que puedan causar las salpicaduras de agua al hacer deporte o ir de viaje.<br \/>Admite el audio espacial en el smartphone. Una experiencia de audio envolvente que te hace sentir como si estuvieras ah\u00ed.<br \/>Conexi\u00f3n r\u00e1pida. Conserva registros de las conexiones con otros dispositivos y olv\u00eddate de tener que volver a emparejarlos.<br \/>Xiaomi Earbuds: Personaliza los auriculares a tu manera. Descarga la aplicaci\u00f3n Xiaomi Earbuds para personalizar los controles t\u00e1ctiles de los Redmi Buds 6 Active. T\u00fa tienes el control: ajusta la configuraci\u00f3n para disfrutar de una experiencia auditiva \u00f3ptima e instala actualizaciones de firmware en l\u00ednea. Todav\u00eda te quedan muchas funciones por descubrir.<\/p>\n<p>Especificaciones Xiaomi Redmi Buds 6 Active<\/p>\n<p>Dimensiones y peso<br \/>Peso de un solo auricular: 4 g<br \/>Peso total: 36 g<br \/>Tama\u00f1o de un solo auricular: 32 x 17,8 x 18,5 mm<br \/>Dimensiones del estuche de carga: 49 x 48,6 x 23 mm<br \/>Carga<br \/>Capacidad de la bater\u00eda:<br \/>Auriculares: 37 mAh<br \/>Estuche de carga: 475 mAh<br \/>Auriculares: 90 minutos<br \/>Estuche de carga: 120 minutos<br \/>Puerto de carga: USB tipo C<br \/>Par\u00e1metros de entrada de los auriculares: 5 V ? 50 mA como m\u00e1ximo (un solo auricular)<br \/>Duraci\u00f3n de la bater\u00eda:<br \/>Duraci\u00f3n de la bater\u00eda con una carga: 6 horas<br \/>Duraci\u00f3n de la bater\u00eda con el estuche de carga: 30 horas<br \/>Conexi\u00f3n<br \/>Versi\u00f3n de Bluetooth: Bluetooth\u00ae 5.4<br \/>Alcance de comunicaci\u00f3n: 10 m (espacio abierto sin obst\u00e1culos)<br \/>Contenido del paquete<br \/>2 auriculares<br \/>1 estuche de carga<br \/>1 manual de usuario<\/p>\n<p><\/p>\n<p>\u00a0<\/p>\n","protected":false},"excerpt":{"rendered":"<p>Auriculares xiaomi redmi buds 6 active inalambrico rosa<\/p>\n","protected":false},"featured_media":234313,"comment_status":"closed","ping_status":"open","template":"","meta":{"_et_pb_use_builder":"","_et_pb_old_content":"","_et_gb_content_width":""},"product_brand":[2092],"product_cat":[2799,2800,2058],"product_tag":[2803,2804,2908,2068,2093],"class_list":{"0":"post-234263","1":"product","2":"type-product","3":"status-publish","4":"has-post-thumbnail","6":"product_brand-xiaomi","7":"product_cat-altavoces-mp3-y-auriculares","8":"product_cat-auriculares","9":"product_cat-dispositivos","10":"product_tag-altavoces-mp3-y-auriculares","11":"product_tag-auriculares","12":"product_tag-auriculares-xiaomi-redmi-buds-6-active","13":"product_tag-dispositivos","14":"product_tag-xiaomi","15":"product_shipping_class-2059","16":"pa_canon-digital-incluida-0-e-incluidos","18":"first","19":"instock","20":"taxable","21":"shipping-taxable","22":"purchasable","23":"product-type-simple"},"_links":{"self":[{"href":"https:\/\/linkxa.es\/linkshop\/wp-json\/wp\/v2\/product\/234263","targetHints":{"allow":["GET"]}}],"collection":[{"href":"https:\/\/linkxa.es\/linkshop\/wp-json\/wp\/v2\/product"}],"about":[{"href":"https:\/\/linkxa.es\/linkshop\/wp-json\/wp\/v2\/types\/product"}],"replies":[{"embeddable":true,"href":"https:\/\/linkxa.es\/linkshop\/wp-json\/wp\/v2\/comments?post=234263"}],"wp:featuredmedia":[{"embeddable":true,"href":"https:\/\/linkxa.es\/linkshop\/wp-json\/wp\/v2\/media\/234313"}],"wp:attachment":[{"href":"https:\/\/linkxa.es\/linkshop\/wp-json\/wp\/v2\/media?parent=234263"}],"wp:term":[{"taxonomy":"product_brand","embeddable":true,"href":"https:\/\/linkxa.es\/linkshop\/wp-json\/wp\/v2\/product_brand?post=234263"},{"taxonomy":"product_cat","embeddable":true,"href":"https:\/\/linkxa.es\/linkshop\/wp-json\/wp\/v2\/product_cat?post=234263"},{"taxonomy":"product_tag","embeddable":true,"href":"https:\/\/linkxa.es\/linkshop\/wp-json\/wp\/v2\/product_tag?post=234263"}],"curies":[{"name":"wp","href":"https:\/\/api.w.org\/{rel}","templated":true}]}}