{"id":234268,"date":"2025-01-20T23:10:53","date_gmt":"2025-01-20T23:10:53","guid":{"rendered":"https:\/\/linkxa.es\/contratacion\/producto\/auriculares-micro-energy-sistem-sport-1\/"},"modified":"2025-08-02T09:04:47","modified_gmt":"2025-08-02T09:04:47","slug":"auriculares-micro-energy-sistem-sport-1","status":"publish","type":"product","link":"https:\/\/linkxa.es\/linkshop\/producto\/auriculares-micro-energy-sistem-sport-1\/","title":{"rendered":"Auriculares micro energy sistem sport 1"},"content":{"rendered":"<h3 style=\"text-align: center;\"><strong>Energy sistem\u00a0 |\u00a0 Auriculares<\/strong><\/h3>\n<p>\u00a0<\/p>\n<p>Auriculares Bluetooth 5.1 para los amantes del deporte y el sonido. Control talk y Voice Assistant para contestar tus llamadas y controlar tu m\u00fasica. Sujeci\u00f3n Secure-fit, conector USB Tipo C y protecci\u00f3n a<br \/>las salpicaduras. Confort total.<\/p>\n<p>\u00a0<\/p>\n<p>T\u00fa te mueves, ellos no<\/p>\n<p>Auriculares inal\u00e1mbricos deportivos dise\u00f1ados con sistema de sujeci\u00f3n Secure-Fit que se ajusta perfectamente a tus o\u00eddos y proporciona una fijaci\u00f3n perfecta durante tus sesiones de entrenamiento.<\/p>\n<p>\u00a0<\/p>\n<p>\u00a1A por todas!<\/p>\n<p>Auriculares deportivos resistentes al sudor y salpicaduras de agua para los entrenamientos m\u00e1s duros. Para que t\u00fa solo te preocupes de entrenar.<\/p>\n<p>\u00a0<\/p>\n<p>Conectan contigo y con todo<\/p>\n<p>Auriculares deportivos con tecnolog\u00eda Bluetooth 5.1, micr\u00f3fono integrado, funci\u00f3n manos libres, control por voz y conector USB Tipo C. Dise\u00f1ados para practicar deporte con total libertad de moviemiento.<\/p>\n<p>\u00a0<\/p>\n<p>El mejor sonido para tus entrenos<\/p>\n<p>Los mejores auriculares deportivos para disfrutar de un sonido equilibrado con unos graves potentes y unos agudos n\u00edtidos. \u00a1Supera cada reto al ritmo de cada canci\u00f3n!<\/p>\n<p>ESPECIFICACIONES<\/p>\n<p>General<br \/>Marca: ENERGY SISTEM<br \/>Garant\u00eda: 2<br \/>Part Number: 451777<br \/>Categor\u00edas: SONIDO<br \/>Reacondicionado: No<br \/>Reposici\u00f3n &#8211; Etiqueta: No<br \/>Peso Volumetrico 0.08 Kg.<br \/>Contenido del embalaje<br \/>Almohadillas para oidos: Si<br \/>Detalles t\u00e9cnicos<br \/>Tipolog\u00eda Imagen Sonido: Auriculares<br \/>Alcance Bluetooth: 20 m<br \/>Conexi\u00f3n inal\u00e1mbrica: Si<br \/>Conectividad<br \/>Interfaz: Bluetooth<br \/>Conectividad del dispositivo: Inal\u00e1mbrico<br \/>Control de energ\u00eda<br \/>Alimentaci\u00f3n: Bater\u00eda<br \/>Carga por USB: Si<br \/>Fuente de energ\u00eda: Bater\u00eda<br \/>Recargable: Si<br \/>Otras caracter\u00edsticas<br \/>Tecnolog\u00eda inal\u00e1mbrica: Bluetooth<br \/>Versi\u00f3n de Bluetooth: 5.1<br \/>Peso y dimensiones<br \/>Peso: 20 g<br \/>Auriculares<br \/>Tipolog\u00eda Auriculares: Deportivo<br \/>Auriculares: Bluetooth<br \/>Estilo de uso: Gancho de oreja<br \/>Frecuencia de auricular: 20 &#8211; 20000 Hz<br \/>Tipo de controlador: Din\u00e1mico<br \/>Unidad de disco: 13 mm<br \/>Bater\u00eda<br \/>Autonom\u00eda: 8 h<br \/>Capacidad: 100 mAh<br \/>Tecnolog\u00eda de bater\u00eda: Pol\u00edmero de litio<br \/>Tiempo de carga: 1.5 h<br \/>Color<br \/>Color: Negro<br \/>Ports &#038; interfaces<br \/>Conectividad: Inal\u00e1mbrico<br \/>Auriculares<br \/>Audifonos: Intraaural<br \/>Micr\u00f3fono<br \/>Micr\u00f3fono incluido: Si<br \/>Sensibilidad de micr\u00f3fono: -42 dB<\/p>\n<p>\u00a0<\/p>\n","protected":false},"excerpt":{"rendered":"<p>Auriculares micro energy sistem sport 1 gris oscuro bluetooth 5.1 &#8211; 100mah &#8211; 20dbm &#8211; manos libres<\/p>\n","protected":false},"featured_media":234269,"comment_status":"closed","ping_status":"open","template":"","meta":{"_et_pb_use_builder":"","_et_pb_old_content":"","_et_gb_content_width":""},"product_brand":[2879],"product_cat":[2799,2800,2058],"product_tag":[2803,2804,2909,2068,2880],"class_list":{"0":"post-234268","1":"product","2":"type-product","3":"status-publish","4":"has-post-thumbnail","6":"product_brand-energy-sistem","7":"product_cat-altavoces-mp3-y-auriculares","8":"product_cat-auriculares","9":"product_cat-dispositivos","10":"product_tag-altavoces-mp3-y-auriculares","11":"product_tag-auriculares","12":"product_tag-auriculares-micro-energy-sistem-sport-1","13":"product_tag-dispositivos","14":"product_tag-energy-sistem","15":"product_shipping_class-2059","16":"pa_canon-digital-incluida-0-e-incluidos","18":"first","19":"instock","20":"taxable","21":"shipping-taxable","22":"purchasable","23":"product-type-simple"},"_links":{"self":[{"href":"https:\/\/linkxa.es\/linkshop\/wp-json\/wp\/v2\/product\/234268","targetHints":{"allow":["GET"]}}],"collection":[{"href":"https:\/\/linkxa.es\/linkshop\/wp-json\/wp\/v2\/product"}],"about":[{"href":"https:\/\/linkxa.es\/linkshop\/wp-json\/wp\/v2\/types\/product"}],"replies":[{"embeddable":true,"href":"https:\/\/linkxa.es\/linkshop\/wp-json\/wp\/v2\/comments?post=234268"}],"wp:featuredmedia":[{"embeddable":true,"href":"https:\/\/linkxa.es\/linkshop\/wp-json\/wp\/v2\/media\/234269"}],"wp:attachment":[{"href":"https:\/\/linkxa.es\/linkshop\/wp-json\/wp\/v2\/media?parent=234268"}],"wp:term":[{"taxonomy":"product_brand","embeddable":true,"href":"https:\/\/linkxa.es\/linkshop\/wp-json\/wp\/v2\/product_brand?post=234268"},{"taxonomy":"product_cat","embeddable":true,"href":"https:\/\/linkxa.es\/linkshop\/wp-json\/wp\/v2\/product_cat?post=234268"},{"taxonomy":"product_tag","embeddable":true,"href":"https:\/\/linkxa.es\/linkshop\/wp-json\/wp\/v2\/product_tag?post=234268"}],"curies":[{"name":"wp","href":"https:\/\/api.w.org\/{rel}","templated":true}]}}