{"id":234280,"date":"2025-06-06T21:58:07","date_gmt":"2025-06-06T21:58:07","guid":{"rendered":"https:\/\/linkxa.es\/contratacion\/producto\/auriculares-deportivos-energy-sistem-sport-1\/"},"modified":"2025-08-02T09:05:30","modified_gmt":"2025-08-02T09:05:30","slug":"auriculares-deportivos-energy-sistem-sport-1","status":"publish","type":"product","link":"https:\/\/linkxa.es\/linkshop\/producto\/auriculares-deportivos-energy-sistem-sport-1\/","title":{"rendered":"Auriculares deportivos energy sistem sport 1"},"content":{"rendered":"<h3 style=\"text-align: center;\"><strong>Energy sistem\u00a0 |\u00a0 Auriculares<\/strong><\/h3>\n<p>\u00a0<\/p>\n<p>Auriculares deportivos para llevar la \u00faltima tendencia con total comodidad. Su resistencia al sudor y salpicaduras lo hace apto para superar las condiciones m\u00e1s exigentes, su bot\u00f3n con micr\u00f3fono<br \/>integrado permite responder llamadas y controlar tu m\u00fasica.<\/p>\n<p>La sujeci\u00f3n que necesitas<br \/>Gracias al sistema de sujeci\u00f3n Secure-Fit tus auriculares se adaptan perfectamente al contorno de tu oreja. Sus almohadillas intercambiables permiten que escojas las que mejor se adaptan a tus o\u00eddos<br \/>para un confort total mientras practicas deporte.<\/p>\n<p>Controla tu m\u00fasica<br \/>Su cable de 1,2 metros incluye un bot\u00f3n multifunci\u00f3n para subir y bajar el volumen o avanzar y retroceder la pista. Adem\u00e1s, sus almohadillas intercambiables se adaptan perfectamente a tus o\u00eddos<br \/>evitando que entre el sudor mientras practicas deporte.<\/p>\n<p>Protecci\u00f3n Sweatproof<br \/>Una sesi\u00f3n de cross-fit, spinning o una clase de fitness&#8230; Resistencia al sudor y salpicaduras para que nada se interponga entre tu m\u00fasica y t\u00fa durante tus sesiones de gimnasio.<\/p>\n<p>Tus llamadas a mano<br \/>Si suena tu tel\u00e9fono, olv\u00eddate de parar tu ejercicio para responder. Con el micr\u00f3fono integrado en el bot\u00f3n multifunci\u00f3n contesta todas tus llamadas mientras contin\u00faas tu entrenamiento.<\/p>\n<p>ESPECIFICACIONES<\/p>\n<p>&#8211; Dise\u00f1o: Intrauditivo.<br \/>&#8211; Tipo: Din\u00e1mico.<br \/>&#8211; Im\u00e1n de neodimio.<br \/>&#8211; Di\u00e1metro del auricular: 9mm.<br \/>&#8211; Respuesta en frecuencia: 20 Hz ~ 20 KHz.<br \/>&#8211; SPL: 933dB.<br \/>&#8211; Impedancia: 16 Ohm.<br \/>&#8211; THD &#038;lt, 1%.<br \/>&#8211; Micr\u00f3fono: Sensibilidad: -42 dB3 dB (@1 Khz).<br \/>&#8211; Cable: Longitud: 120 cm.<br \/>&#8211; Conector: miniJack 3.5 mm. (est\u00e1ndar CTIA)<br \/>&#8211; Dimensiones: 55 x 35 x 18 mm<br \/>&#8211; Peso: 16g<br \/>Contenido<br \/>&#8211; Auriculares Energy Earphones Sport 1 Yellow Mic<br \/>&#8211; Almohadillas intercambiables<\/p>\n<p>\u00a0<\/p>\n","protected":false},"excerpt":{"rendered":"<p>Auriculares deportivos energy sistem sport 1 amarillo<\/p>\n","protected":false},"featured_media":234281,"comment_status":"closed","ping_status":"open","template":"","meta":{"_et_pb_use_builder":"","_et_pb_old_content":"","_et_gb_content_width":""},"product_brand":[2879],"product_cat":[2799,2800,2058],"product_tag":[2803,2804,2911,2068,2880],"class_list":{"0":"post-234280","1":"product","2":"type-product","3":"status-publish","4":"has-post-thumbnail","6":"product_brand-energy-sistem","7":"product_cat-altavoces-mp3-y-auriculares","8":"product_cat-auriculares","9":"product_cat-dispositivos","10":"product_tag-altavoces-mp3-y-auriculares","11":"product_tag-auriculares","12":"product_tag-auriculares-deportivos-energy-sistem-sport-1","13":"product_tag-dispositivos","14":"product_tag-energy-sistem","15":"product_shipping_class-2059","16":"pa_canon-digital-incluida-0-e-incluidos","18":"first","19":"instock","20":"taxable","21":"shipping-taxable","22":"purchasable","23":"product-type-simple"},"_links":{"self":[{"href":"https:\/\/linkxa.es\/linkshop\/wp-json\/wp\/v2\/product\/234280","targetHints":{"allow":["GET"]}}],"collection":[{"href":"https:\/\/linkxa.es\/linkshop\/wp-json\/wp\/v2\/product"}],"about":[{"href":"https:\/\/linkxa.es\/linkshop\/wp-json\/wp\/v2\/types\/product"}],"replies":[{"embeddable":true,"href":"https:\/\/linkxa.es\/linkshop\/wp-json\/wp\/v2\/comments?post=234280"}],"wp:featuredmedia":[{"embeddable":true,"href":"https:\/\/linkxa.es\/linkshop\/wp-json\/wp\/v2\/media\/234281"}],"wp:attachment":[{"href":"https:\/\/linkxa.es\/linkshop\/wp-json\/wp\/v2\/media?parent=234280"}],"wp:term":[{"taxonomy":"product_brand","embeddable":true,"href":"https:\/\/linkxa.es\/linkshop\/wp-json\/wp\/v2\/product_brand?post=234280"},{"taxonomy":"product_cat","embeddable":true,"href":"https:\/\/linkxa.es\/linkshop\/wp-json\/wp\/v2\/product_cat?post=234280"},{"taxonomy":"product_tag","embeddable":true,"href":"https:\/\/linkxa.es\/linkshop\/wp-json\/wp\/v2\/product_tag?post=234280"}],"curies":[{"name":"wp","href":"https:\/\/api.w.org\/{rel}","templated":true}]}}