{"id":234291,"date":"2025-03-10T07:12:38","date_gmt":"2025-03-10T07:12:38","guid":{"rendered":"https:\/\/linkxa.es\/contratacion\/producto\/altavoz-portatil-bluetooth-5-0-phoenix-showersound\/"},"modified":"2025-08-02T09:06:50","modified_gmt":"2025-08-02T09:06:50","slug":"altavoz-portatil-bluetooth-5-0-phoenix-showersound","status":"publish","type":"product","link":"https:\/\/linkxa.es\/linkshop\/producto\/altavoz-portatil-bluetooth-5-0-phoenix-showersound\/","title":{"rendered":"Altavoz port\u00e1til bluetooth 5.0 phoenix showersound"},"content":{"rendered":"<h3 style=\"text-align: center;\"><strong>Phoenix technologies\u00a0 |\u00a0 Altavoces<\/strong><\/h3>\n<p>\u00a0<\/p>\n<p>Si eres de las personas a las que les gusta cantar en la ducha, est\u00e1s de enhorabuena: Phoenix Technologies te trae este altavoz impermeable para que puedas disfrutar de tu m\u00fasica favorita en cualquier parte.<br \/>Cuenta con conexi\u00f3n Bluetooth para reproducir tu m\u00fasica desde tu tel\u00e9fono, y entrada de l\u00ednea AUX. Adem\u00e1s incorpora una funci\u00f3n TWS para que puedas conectarlo de forma inal\u00e1mbrica a otro altavoz PHSHOWERSOUNDB o PHSHOWERSOUNDS y tener una verdadera experiencia est\u00e9reo.<br \/>Incorpora una bater\u00eda de larga duraci\u00f3n de 500mAh con una autonom\u00eda (en condiciones normales) de hasta 5 horas de funcionamiento ininterrumpidas. El chipset bluetooth Jiely de 5\u00aa generaci\u00f3n te permitir\u00e1 una conexi\u00f3n perfecta sin interferencias dentro de un rango de 10 metros de distancia. La impermeabilidad IPX5 soporta las salpicaduras de agua y humedad que se pueden producir en la ducha o en el exterior con la lluvia (este altavoz no es sumergible)<br \/>De dise\u00f1o elegante y completamente funcional, el altavoz SHOWERSOUND de Phoenix ser\u00e1 tu principal raz\u00f3n por la cual levantarse cada ma\u00f1ana. Su altavoz interno de 5W crear\u00e1 el mejor entorno en tu ducha para cantar a pleno pulm\u00f3n, as\u00ed como darte un buen sonido de ambiente en tu sal\u00f3n o amenizar tus fiestas en el exterior.<\/p>\n<p>\u00a0<\/p>\n","protected":false},"excerpt":{"rendered":"<p>Altavoz port\u00e1til  bluetooth 5.0 phoenix showersound bt impermeable 5w tws<\/p>\n","protected":false},"featured_media":234292,"comment_status":"closed","ping_status":"open","template":"","meta":{"_et_pb_use_builder":"","_et_pb_old_content":"","_et_gb_content_width":""},"product_brand":[2657],"product_cat":[2822,2799,2058],"product_tag":[2824,2803,2916,2068,2658],"class_list":{"0":"post-234291","1":"product","2":"type-product","3":"status-publish","4":"has-post-thumbnail","6":"product_brand-phoenix-technologies","7":"product_cat-altavoces","8":"product_cat-altavoces-mp3-y-auriculares","9":"product_cat-dispositivos","10":"product_tag-altavoces","11":"product_tag-altavoces-mp3-y-auriculares","12":"product_tag-altavoz-portatil-bluetooth-5-0-phoenix-showersound","13":"product_tag-dispositivos","14":"product_tag-phoenix-technologies","15":"product_shipping_class-2088","16":"pa_canon-digital-incluida-0-e-incluidos","18":"first","19":"instock","20":"taxable","21":"shipping-taxable","22":"purchasable","23":"product-type-simple"},"_links":{"self":[{"href":"https:\/\/linkxa.es\/linkshop\/wp-json\/wp\/v2\/product\/234291","targetHints":{"allow":["GET"]}}],"collection":[{"href":"https:\/\/linkxa.es\/linkshop\/wp-json\/wp\/v2\/product"}],"about":[{"href":"https:\/\/linkxa.es\/linkshop\/wp-json\/wp\/v2\/types\/product"}],"replies":[{"embeddable":true,"href":"https:\/\/linkxa.es\/linkshop\/wp-json\/wp\/v2\/comments?post=234291"}],"wp:featuredmedia":[{"embeddable":true,"href":"https:\/\/linkxa.es\/linkshop\/wp-json\/wp\/v2\/media\/234292"}],"wp:attachment":[{"href":"https:\/\/linkxa.es\/linkshop\/wp-json\/wp\/v2\/media?parent=234291"}],"wp:term":[{"taxonomy":"product_brand","embeddable":true,"href":"https:\/\/linkxa.es\/linkshop\/wp-json\/wp\/v2\/product_brand?post=234291"},{"taxonomy":"product_cat","embeddable":true,"href":"https:\/\/linkxa.es\/linkshop\/wp-json\/wp\/v2\/product_cat?post=234291"},{"taxonomy":"product_tag","embeddable":true,"href":"https:\/\/linkxa.es\/linkshop\/wp-json\/wp\/v2\/product_tag?post=234291"}],"curies":[{"name":"wp","href":"https:\/\/api.w.org\/{rel}","templated":true}]}}