{"id":234323,"date":"2025-07-23T22:22:12","date_gmt":"2025-07-23T22:22:12","guid":{"rendered":"https:\/\/linkxa.es\/contratacion\/producto\/auriculares-jabra-evolve2-65-uc-color\/"},"modified":"2025-08-02T09:09:44","modified_gmt":"2025-08-02T09:09:44","slug":"auriculares-jabra-evolve2-65-uc-color","status":"publish","type":"product","link":"https:\/\/linkxa.es\/linkshop\/producto\/auriculares-jabra-evolve2-65-uc-color\/","title":{"rendered":"Auriculares jabra evolve2 65 uc color"},"content":{"rendered":"<h3 style=\"text-align: center;\"><strong>Jabra\u00a0 |\u00a0 Auriculares<\/strong><\/h3>\n<p>\u00a0<\/p>\n<p>Tanto si est\u00e1 en la oficina como si est\u00e1 desplaz\u00e1ndose, el ruido de fondo puede interrumpir su trabajo. P\u00f3ngase su Evolve2 65 y sienta que el ruido se desvanece instant\u00e1neamente a su alrededor. Sus<br \/>almohadillas ovaladas de espuma aislante y su nuevo y pionero dise\u00f1o de auriculares en \u00e1ngulo se unen para bloquear el ruido de su entorno eficazmente, ofreci\u00e9ndole una cancelaci\u00f3n de ruido pasiva<br \/>sobresaliente como nunca antes.<\/p>\n<p>Podr\u00edamos decir que es como disponer de una habitaci\u00f3n silenciosa port\u00e1til para sus o\u00eddos.<\/p>\n<p>AUDIO<\/p>\n<p>Cancelaci\u00f3n de ruido activa<br \/>N\/D<br \/>Tama\u00f1o del altavoz<br \/>40 mm<br \/>Sensibilidad del altavoz<br \/>117 dB @1 mW-1 kHz<br \/>Potencia de entrada m\u00e1xima del altavoz<br \/>30 mW<br \/>Rango de frecuencia del altavoz<br \/>20 Hz &#8211; 20 000 Hz<br \/>Ancho de banda de altavoz: modo de m\u00fasica<br \/>20 Hz &#8211; 20 000 Hz<br \/>Ancho de banda del altavoz, modo Conversaci\u00f3n<br \/>100 Hz &#8211; 8000 Hz<br \/>Tipo de micr\u00f3fono<br \/>3 MEMS digitales<br \/>Sensibilidad del micr\u00f3fono<br \/>-26 dBFS\/Pa<br \/>Gama de frecuencia del micr\u00f3fono<br \/>100 Hz &#8211; 8000 Hz<br \/>C\u00f3decs de audio compatibles<br \/>SBC<br \/>Protecci\u00f3n ac\u00fastica para usuarios<br \/>Jabra SafeToneTM<br \/>Certificaciones<br \/>Principales proveedores de UC, cumplen con los requisitos de Microsoft Teams para oficinas abiertas*<\/p>\n<p>BATERIA<\/p>\n<p>Tiempo de m\u00fasica<br \/>Hasta 37 horas<br \/>Tiempo de conversaci\u00f3n<br \/>Hasta 35 horas (sin busylight) y hasta 24 horas (con busylight)<br \/>Tiempo de carga<br \/>Hasta 90 min<br \/>Consumo<br \/>5 V\/500 mA<br \/>Estado de la bater\u00eda en % tras 30 min\/60 min<br \/>40% despu\u00e9s de 30 min y 80% despu\u00e9s de 60 min<\/p>\n<p>CONECTIVIDAD<\/p>\n<p>Conexi\u00f3n (ordenador y dispositivos m\u00f3viles)<br \/>Adaptador Bluetooth (USB-C o USB-A), Bluetooth<br \/>Dispositivo Bluetooth<br \/>S\u00ed<br \/>Versi\u00f3n de Bluetooth<br \/>Bluetooth 5.0<br \/>Perfiles Bluetooth<br \/>HSP v1.2, HFP v1.7, A2DP v1.3, AVRCP v1.6, PBAP v1.1, SPP v1.2<br \/>Alcance<br \/>Hasta 30 m\/hasta 100 ft<br \/>Lista de sincronizaci\u00f3n de Bluetooth<br \/>Hasta 8 dispositivos<br \/>Conexiones Bluetooth simult\u00e1neas<br \/>2<\/p>\n<p>\u00a0<\/p>\n","protected":false},"excerpt":{"rendered":"<p>Auriculares jabra evolve2 65 uc color negro<\/p>\n","protected":false},"featured_media":234324,"comment_status":"closed","ping_status":"open","template":"","meta":{"_et_pb_use_builder":"","_et_pb_old_content":"","_et_gb_content_width":""},"product_brand":[2839],"product_cat":[2799,2800,2058],"product_tag":[2803,2804,2918,2068,2840],"class_list":{"0":"post-234323","1":"product","2":"type-product","3":"status-publish","4":"has-post-thumbnail","6":"product_brand-jabra","7":"product_cat-altavoces-mp3-y-auriculares","8":"product_cat-auriculares","9":"product_cat-dispositivos","10":"product_tag-altavoces-mp3-y-auriculares","11":"product_tag-auriculares","12":"product_tag-auriculares-jabra-evolve2-65-uc-color","13":"product_tag-dispositivos","14":"product_tag-jabra","15":"product_shipping_class-2059","16":"pa_canon-digital-incluida-0-e-incluidos","18":"first","19":"instock","20":"taxable","21":"shipping-taxable","22":"purchasable","23":"product-type-simple"},"_links":{"self":[{"href":"https:\/\/linkxa.es\/linkshop\/wp-json\/wp\/v2\/product\/234323","targetHints":{"allow":["GET"]}}],"collection":[{"href":"https:\/\/linkxa.es\/linkshop\/wp-json\/wp\/v2\/product"}],"about":[{"href":"https:\/\/linkxa.es\/linkshop\/wp-json\/wp\/v2\/types\/product"}],"replies":[{"embeddable":true,"href":"https:\/\/linkxa.es\/linkshop\/wp-json\/wp\/v2\/comments?post=234323"}],"wp:featuredmedia":[{"embeddable":true,"href":"https:\/\/linkxa.es\/linkshop\/wp-json\/wp\/v2\/media\/234324"}],"wp:attachment":[{"href":"https:\/\/linkxa.es\/linkshop\/wp-json\/wp\/v2\/media?parent=234323"}],"wp:term":[{"taxonomy":"product_brand","embeddable":true,"href":"https:\/\/linkxa.es\/linkshop\/wp-json\/wp\/v2\/product_brand?post=234323"},{"taxonomy":"product_cat","embeddable":true,"href":"https:\/\/linkxa.es\/linkshop\/wp-json\/wp\/v2\/product_cat?post=234323"},{"taxonomy":"product_tag","embeddable":true,"href":"https:\/\/linkxa.es\/linkshop\/wp-json\/wp\/v2\/product_tag?post=234323"}],"curies":[{"name":"wp","href":"https:\/\/api.w.org\/{rel}","templated":true}]}}