{"id":234331,"date":"2024-12-28T06:24:29","date_gmt":"2024-12-28T06:24:29","guid":{"rendered":"https:\/\/linkxa.es\/contratacion\/producto\/auriculares-deportivos-phoenix-spartan-bluetooth-5-3\/"},"modified":"2025-08-02T09:47:01","modified_gmt":"2025-08-02T09:47:01","slug":"auriculares-deportivos-phoenix-spartan-bluetooth-5-3","status":"publish","type":"product","link":"https:\/\/linkxa.es\/linkshop\/producto\/auriculares-deportivos-phoenix-spartan-bluetooth-5-3\/","title":{"rendered":"Auriculares deportivos phoenix spartan bluetooth 5.3"},"content":{"rendered":"<h3 style=\"text-align: center;\"><strong>Phoenix technologies\u00a0 |\u00a0 Auriculares<\/strong><\/h3>\n<p>\u00a0<\/p>\n<p>Para los amantes del deporte y la m\u00fasica presentamos Spartan, unos auriculares pensados para aguantarlo todo y acompa\u00f1arte all\u00e1 donde necesites ir.<br \/>Un dise\u00f1o deportivo capaz de adaptarse a tus necesidades y gustos. Spartan pueden convertirse r\u00e1pidamente en formato in-ear u on-ear gracias a sus accesorios de silicona intercambiables lo que<br \/>te brinda todas las ventajas de ambos mundos.<br \/>Un sonido cuidado con ecualizador adaptado espec\u00edficamente para ofrecer un equilibrio perfecto en cualquier rango din\u00e1mico o estilo de m\u00fasica. Acompa\u00f1ado de la tecnolog\u00eda bluetooth 5.3 para un<br \/>funcionamiento optimo y estable.<br \/>Adem\u00e1s, Spartan vienen con doble micr\u00f3fono integrado para que puedas atender tus llamadas o comunicarte con asistentes como Google Assitant o Siri para aumentar al m\u00e1ximo tus posibilidades.<br \/>Su estuche de carga con fijaci\u00f3n magn\u00e9tica tiene una capacidad de carga de 200 mAh y viene moldeado para poder alojar los auriculares con cualquiera de sus accesorios.<br \/>Phoenix Spartan est\u00e1n preparados para todo, cuando y donde sea.<\/p>\n<p>\u00a0<\/p>\n","protected":false},"excerpt":{"rendered":"<p>Auriculares deportivos phoenix spartan bluetooth 5.3 manos libres accesorios intercambiables detalles en azul<\/p>\n","protected":false},"featured_media":234736,"comment_status":"closed","ping_status":"open","template":"","meta":{"_et_pb_use_builder":"","_et_pb_old_content":"","_et_gb_content_width":""},"product_brand":[2657],"product_cat":[2799,2800,2058],"product_tag":[2803,2804,2919,2068,2658],"class_list":{"0":"post-234331","1":"product","2":"type-product","3":"status-publish","4":"has-post-thumbnail","6":"product_brand-phoenix-technologies","7":"product_cat-altavoces-mp3-y-auriculares","8":"product_cat-auriculares","9":"product_cat-dispositivos","10":"product_tag-altavoces-mp3-y-auriculares","11":"product_tag-auriculares","12":"product_tag-auriculares-deportivos-phoenix-spartan-bluetooth-5-3","13":"product_tag-dispositivos","14":"product_tag-phoenix-technologies","15":"product_shipping_class-2088","16":"pa_canon-digital-incluida-0-e-incluidos","18":"first","19":"instock","20":"taxable","21":"shipping-taxable","22":"purchasable","23":"product-type-simple"},"_links":{"self":[{"href":"https:\/\/linkxa.es\/linkshop\/wp-json\/wp\/v2\/product\/234331","targetHints":{"allow":["GET"]}}],"collection":[{"href":"https:\/\/linkxa.es\/linkshop\/wp-json\/wp\/v2\/product"}],"about":[{"href":"https:\/\/linkxa.es\/linkshop\/wp-json\/wp\/v2\/types\/product"}],"replies":[{"embeddable":true,"href":"https:\/\/linkxa.es\/linkshop\/wp-json\/wp\/v2\/comments?post=234331"}],"wp:featuredmedia":[{"embeddable":true,"href":"https:\/\/linkxa.es\/linkshop\/wp-json\/wp\/v2\/media\/234736"}],"wp:attachment":[{"href":"https:\/\/linkxa.es\/linkshop\/wp-json\/wp\/v2\/media?parent=234331"}],"wp:term":[{"taxonomy":"product_brand","embeddable":true,"href":"https:\/\/linkxa.es\/linkshop\/wp-json\/wp\/v2\/product_brand?post=234331"},{"taxonomy":"product_cat","embeddable":true,"href":"https:\/\/linkxa.es\/linkshop\/wp-json\/wp\/v2\/product_cat?post=234331"},{"taxonomy":"product_tag","embeddable":true,"href":"https:\/\/linkxa.es\/linkshop\/wp-json\/wp\/v2\/product_tag?post=234331"}],"curies":[{"name":"wp","href":"https:\/\/api.w.org\/{rel}","templated":true}]}}