{"id":234344,"date":"2025-02-19T09:08:47","date_gmt":"2025-02-19T09:08:47","guid":{"rendered":"https:\/\/linkxa.es\/contratacion\/producto\/auriculares-phoenix-earbuds-tpro-inalambricos-bluetooth\/"},"modified":"2025-08-02T09:11:33","modified_gmt":"2025-08-02T09:11:33","slug":"auriculares-phoenix-earbuds-tpro-inalambricos-bluetooth","status":"publish","type":"product","link":"https:\/\/linkxa.es\/linkshop\/producto\/auriculares-phoenix-earbuds-tpro-inalambricos-bluetooth\/","title":{"rendered":"Auriculares phoenix earbuds tpro inalambricos bluetooth"},"content":{"rendered":"<h3 style=\"text-align: center;\"><strong>Phoenix technologies\u00a0 |\u00a0 Auriculares<\/strong><\/h3>\n<p>\u00a0<\/p>\n<p>Es el momento de dejarse de l\u00edos y olvidar los cables, la tecnolog\u00eda Bluetooth 5.0 est\u00e1 aqu\u00ed y con ella nuestros nuevos EarBuds Tpro, con chipset Realtek para garantizar la duraci\u00f3n de uso adem\u00e1s de incorporar sistema de ANC para cancelar el sonido exterior al m\u00e1ximo y ofrecer el mejor sonido.<br \/>Todo totalmente de manera t\u00e1ctil, nada de botones!.<br \/>Gracias a los\u00a0auriculares bluetooth EarBuds TPro\u00a0de Phoenix Technologies, puedes disfrutar de tu m\u00fasica favorita donde quiera que vayas o atender tus llamadas en un nuevo sistema de manos libres est\u00e9reo y con doble micr\u00f3fono para ofrecer la mejor calidad, sin preocuparse de cables ni de inc\u00f3modos auriculares.<br \/>Los\u00a0auriculares inal\u00e1mbricos EarBuds TPro\u00a0est\u00e9reo son perfectos parallevarlos a practicar deportes como ciclismo, correr o en el gimnasio y todohasta con fuerte lluvia, ya que son resistentes al agua IPX7, ofreciendo alta calidad y claridad de sonido bajo cualquier circunstancia y est\u00e9s donde est\u00e9s.<br \/>Con su estuche Powerbank puedes cargar hasta 3 veces tus\u00a0auriculares bluetooth (Hasta 15 horas adicionales de autonom\u00eda) al ser de un tama\u00f1o tan discreto, no ser\u00e1 ning\u00fan problema llevarlo siempre contigo en el bolsillo o el bolso.<br \/>Utilizan la tecnolog\u00eda de reproducci\u00f3n\u00a0con chipset de audio Realtek\u00a0garantizando\u00a0 una calidad de sonido incre\u00edble y gracias al uso de la tecnolog\u00eda Bluetooth 5.0 la transmisi\u00f3n ser\u00e1 perfecta siempre que te encuentres en un rango de hasta 10 metros. Son\u00a0s\u00faper ligeros y ergon\u00f3micos\u00a0para que su uso sea lo m\u00e1s c\u00f3modo posible.<br \/>Sus auriculares acabados en silicona, se adaptan perfectamente a la oreja lo que permite utilizarlos para correr, practicar fitness, viajes, realizar<br \/>deportes o cualquier otra actividad que implique movimientos del cuerpo.<br \/>Los\u00a0auriculares inal\u00e1mbricos EarBuds TPro\u00a0pueden durar entre de 4-5 horas de reproducci\u00f3n con una sola carga. La bater\u00eda ya no ser\u00e1 un problema ya que puedes llevar su caja contigo y esta soporta hasta 3 cargas de los cascos (Hasta 15 horas adicionales de autonom\u00eda) .<br \/>El\u00a0estuche powerbank\u00a0cuenta con una bater\u00eda de 380 mAh mientras que la bater\u00eda de los auriculares es de 55 mAh.<br \/>Se encienden y se\u00a0emparejan autom\u00e1ticamente\u00a0con el dispositivo que tengas activado con bluetooth cuando salen del estuche de carga, cuando los vuelvas a meter en la caja se empiezan a cargar autom\u00e1ticamente.<br \/>\u00a0<br \/>Una vez conectados ofrecen una\u00a0calidad de sonido incre\u00edble, graves profundos y agudos cristalinos.<br \/>Gracias al\u00a0micr\u00f3fono\u00a0que llevan incorporado cada uno de los auriculares podr\u00e1s mantener conversaciones en est\u00e9reo mientras que caminas, practicas deporte o realizas cualquier otro tipo de actividad sin necesidad de tener el tel\u00e9fono en la mano ni tediosos cables colgando. Adem\u00e1s los puedes utilizar de manera unitario, es decir, s\u00f3lo uno.<br \/>Los\u00a0auriculares inal\u00e1mbricos EarBuds TPro\u00a0est\u00e1n creados para encontrar el mejor punto de ajuste de forma segura, adecuada y c\u00f3moda en tus o\u00eddos.<\/p>\n<p>\u00a0<\/p>\n","protected":false},"excerpt":{"rendered":"<p>Auriculares phoenix earbuds tpro inalambricos bluetooth chipset realtek<\/p>\n","protected":false},"featured_media":234345,"comment_status":"closed","ping_status":"open","template":"","meta":{"_et_pb_use_builder":"","_et_pb_old_content":"","_et_gb_content_width":""},"product_brand":[2657],"product_cat":[2799,2800,2058],"product_tag":[2803,2804,2924,2068,2658],"class_list":{"0":"post-234344","1":"product","2":"type-product","3":"status-publish","4":"has-post-thumbnail","6":"product_brand-phoenix-technologies","7":"product_cat-altavoces-mp3-y-auriculares","8":"product_cat-auriculares","9":"product_cat-dispositivos","10":"product_tag-altavoces-mp3-y-auriculares","11":"product_tag-auriculares","12":"product_tag-auriculares-phoenix-earbuds-tpro-inalambricos-bluetooth","13":"product_tag-dispositivos","14":"product_tag-phoenix-technologies","15":"product_shipping_class-2088","16":"pa_canon-digital-incluida-0-e-incluidos","18":"first","19":"instock","20":"taxable","21":"shipping-taxable","22":"purchasable","23":"product-type-simple"},"_links":{"self":[{"href":"https:\/\/linkxa.es\/linkshop\/wp-json\/wp\/v2\/product\/234344","targetHints":{"allow":["GET"]}}],"collection":[{"href":"https:\/\/linkxa.es\/linkshop\/wp-json\/wp\/v2\/product"}],"about":[{"href":"https:\/\/linkxa.es\/linkshop\/wp-json\/wp\/v2\/types\/product"}],"replies":[{"embeddable":true,"href":"https:\/\/linkxa.es\/linkshop\/wp-json\/wp\/v2\/comments?post=234344"}],"wp:featuredmedia":[{"embeddable":true,"href":"https:\/\/linkxa.es\/linkshop\/wp-json\/wp\/v2\/media\/234345"}],"wp:attachment":[{"href":"https:\/\/linkxa.es\/linkshop\/wp-json\/wp\/v2\/media?parent=234344"}],"wp:term":[{"taxonomy":"product_brand","embeddable":true,"href":"https:\/\/linkxa.es\/linkshop\/wp-json\/wp\/v2\/product_brand?post=234344"},{"taxonomy":"product_cat","embeddable":true,"href":"https:\/\/linkxa.es\/linkshop\/wp-json\/wp\/v2\/product_cat?post=234344"},{"taxonomy":"product_tag","embeddable":true,"href":"https:\/\/linkxa.es\/linkshop\/wp-json\/wp\/v2\/product_tag?post=234344"}],"curies":[{"name":"wp","href":"https:\/\/api.w.org\/{rel}","templated":true}]}}