{"id":234354,"date":"2025-02-09T00:25:23","date_gmt":"2025-02-09T00:25:23","guid":{"rendered":"https:\/\/linkxa.es\/contratacion\/producto\/auriculares-con-microfono-hp-pavilion-400\/"},"modified":"2025-08-02T09:11:56","modified_gmt":"2025-08-02T09:11:56","slug":"auriculares-con-microfono-hp-pavilion-400","status":"publish","type":"product","link":"https:\/\/linkxa.es\/linkshop\/producto\/auriculares-con-microfono-hp-pavilion-400\/","title":{"rendered":"Auriculares con microfono hp pavilion 400"},"content":{"rendered":"<h3 style=\"text-align: center;\"><strong>Hp\u00a0 |\u00a0 Auriculares<\/strong><\/h3>\n<p>\u00a0<\/p>\n<p>Mejora tu juego y entretenimiento a nuevas cotas con sonido<br \/>est\u00e9reo de gran calidad y un dise\u00f1o caracter\u00edstico y elegante.<br \/>Dise\u00f1ado para amplificar tus juegos, m\u00fasica y pel\u00edculas,<br \/>prep\u00e1rate para una experiencia de audio inmersiva.<\/p>\n<p>Diadema ligera y autoajustable<br \/>Sonido increible. Tanto para juegos como m\u00fasica y pel\u00edculas, el<br \/>sonido est\u00e9reo de alta calidad ofrece los graves profundos y los<br \/>agudos n\u00edtidos que est\u00e1s buscando Los auriculares y la<br \/>diadema est\u00e1n cubiertos con un suave acolchado de cuero<br \/>sint\u00e9tico para un ajuste c\u00f3modo Controle r\u00e1pidamente el<br \/>volumen o silencie el micr\u00f3fono con controles integrados<br \/>directamente en el cable. Micr\u00f3fono retr\u00e1ctil El conector<br \/>anal\u00f3gico de 3.5 mm funciona con tu port\u00e1til, PC,m\u00f3vil,<br \/>PlayStation o Xbox Cobertura total: descansa tranquilo con la<br \/>garant\u00eda limitada de dos a\u00f1os est\u00e1ndar de HP.<br \/>Caracter\u00edsticas<br \/>Graves profundos. Agudos n\u00edtidos. Sonido incre\u00edble.<\/p>\n<p>Desde juegos a m\u00fasica o pel\u00edculas, el sonido est\u00e9reo de gran<br \/>calidad ofrece los graves profundos y los agudos n\u00edtidos que<br \/>buscas.[1] Acolchado para la comodidad<\/p>\n<p>Los auriculares y la banda est\u00e1n recubiertos de un suave<br \/>acolchado de polipiel para un ajuste c\u00f3modo.<br \/>Controles en el cable<\/p>\n<p>Controla r\u00e1pidamente el volumen o silencia el micr\u00f3fono con los<br \/>controles integrados en el cable.<br \/>Comunicaci\u00f3n c\u00f3moda<\/p>\n<p>Pliega con facilidad el micr\u00f3fono con brazo hacia arriba cuando no<br \/>est\u00e9 en uso.<br \/>Funciona con tus dispositivos y consolas<\/p>\n<p>El vers\u00e1til conector anal\u00f3gico de 3,5 mm funciona con tu port\u00e1til,<br \/>sobremesa, dispositivo m\u00f3vil, PlayStation o Xbox.<br \/>Ficha t\u00e9cnica<br \/>Sistemas operativos compatibles<br \/>Sistemas operativos compatiblesWindows 10<br \/>Android<br \/>Xbox<br \/>iOS<br \/>PlayStation<br \/>Contenido de la caja<br \/>Contenido de la cajaAuriculares gaming HP Pavilion 400<br \/>Avisos sobre el producto<br \/>Tarjeta de garant\u00eda<br \/>Pesos<br \/>Peso0,28 kg<br \/>Peso del embalaje0,56 kg<br \/>Requisitos del sistema<br \/>Requisitos m\u00ednimos del sistemaDisponible conector de 3,5 mm<br \/>para audio y micr\u00f3fono.<br \/>Dimensiones<br \/>Dimensiones m\u00ednimas (P x A x L) 22,5 x 20 x 8,5 cm<br \/>Dimensiones del embalaje (An x P x Al)22,2 x 40 x 9,9 cm<br \/>Garant\u00eda<br \/>Garant\u00edaCobertura total: descansa tranquilo con la garant\u00eda<br \/>limitada de dos a\u00f1os est\u00e1ndar de HP.<\/p>\n<p>\u00a0<\/p>\n","protected":false},"excerpt":{"rendered":"<p>Auriculares con microfono hp pavilion 400 gaming jack<\/p>\n","protected":false},"featured_media":234355,"comment_status":"closed","ping_status":"open","template":"","meta":{"_et_pb_use_builder":"","_et_pb_old_content":"","_et_gb_content_width":""},"product_brand":[2536],"product_cat":[2799,2800,2058],"product_tag":[2803,2804,2925,2068,2537],"class_list":{"0":"post-234354","1":"product","2":"type-product","3":"status-publish","4":"has-post-thumbnail","6":"product_brand-hp","7":"product_cat-altavoces-mp3-y-auriculares","8":"product_cat-auriculares","9":"product_cat-dispositivos","10":"product_tag-altavoces-mp3-y-auriculares","11":"product_tag-auriculares","12":"product_tag-auriculares-con-microfono-hp-pavilion-400","13":"product_tag-dispositivos","14":"product_tag-hp","15":"product_shipping_class-2059","16":"pa_canon-digital-incluida-0-e-incluidos","18":"first","19":"instock","20":"taxable","21":"shipping-taxable","22":"purchasable","23":"product-type-simple"},"_links":{"self":[{"href":"https:\/\/linkxa.es\/linkshop\/wp-json\/wp\/v2\/product\/234354","targetHints":{"allow":["GET"]}}],"collection":[{"href":"https:\/\/linkxa.es\/linkshop\/wp-json\/wp\/v2\/product"}],"about":[{"href":"https:\/\/linkxa.es\/linkshop\/wp-json\/wp\/v2\/types\/product"}],"replies":[{"embeddable":true,"href":"https:\/\/linkxa.es\/linkshop\/wp-json\/wp\/v2\/comments?post=234354"}],"wp:featuredmedia":[{"embeddable":true,"href":"https:\/\/linkxa.es\/linkshop\/wp-json\/wp\/v2\/media\/234355"}],"wp:attachment":[{"href":"https:\/\/linkxa.es\/linkshop\/wp-json\/wp\/v2\/media?parent=234354"}],"wp:term":[{"taxonomy":"product_brand","embeddable":true,"href":"https:\/\/linkxa.es\/linkshop\/wp-json\/wp\/v2\/product_brand?post=234354"},{"taxonomy":"product_cat","embeddable":true,"href":"https:\/\/linkxa.es\/linkshop\/wp-json\/wp\/v2\/product_cat?post=234354"},{"taxonomy":"product_tag","embeddable":true,"href":"https:\/\/linkxa.es\/linkshop\/wp-json\/wp\/v2\/product_tag?post=234354"}],"curies":[{"name":"wp","href":"https:\/\/api.w.org\/{rel}","templated":true}]}}