{"id":234359,"date":"2025-05-21T08:03:15","date_gmt":"2025-05-21T08:03:15","guid":{"rendered":"https:\/\/linkxa.es\/contratacion\/producto\/altavoz-hiditec-bluetooth-urban-rok-m\/"},"modified":"2025-08-02T09:12:20","modified_gmt":"2025-08-02T09:12:20","slug":"altavoz-hiditec-bluetooth-urban-rok-m","status":"publish","type":"product","link":"https:\/\/linkxa.es\/linkshop\/producto\/altavoz-hiditec-bluetooth-urban-rok-m\/","title":{"rendered":"Altavoz hiditec bluetooth urban rok m"},"content":{"rendered":"<h3 style=\"text-align: center;\"><strong>Hiditec\u00a0 |\u00a0 Altavoces<\/strong><\/h3>\n<p>\u00a0<\/p>\n<p>DESCRIPCI\u00d3N<\/p>\n<p>Altavoz bluetooth port\u00e1til de dise\u00f1o<br \/>Marca tendencia en cualquier lugar con el altavoz bluetooth portatil Urban Rok M,<br \/>\u00a1hasta dentro del agua! y disfruta del n\u00edtido sonido con potentes graves sin distorsi\u00f3n.<\/p>\n<p>Altavoz con incre\u00edble sonido<br \/>Alucinar\u00e1s con su incre\u00edble sonido ya que incorpora un altavoz de 42mm de rango<br \/>completo con un radiador pasivo para ofrecer un sonido n\u00edtido y profundos graves.<br \/>Urban Rok M alcanza una potencia de 5W RMS sin distorsi\u00f3n, por lo que podr\u00e1s<br \/>escuchar hasta el m\u00e1s m\u00ednimo detalle, incluso responder tus llamadas telef\u00f3nicas<br \/>con el micr\u00f3fono de alta calidad que incorpora.<\/p>\n<p>Alcanza hasta 10 horas de autonom\u00eda<br \/>El altavoz bluetooth port\u00e1til alcanza hasta 10 horas de autonom\u00eda, todo ello en tan<br \/>solo una carga, ya que cuenta con una bater\u00eda de 2000mAh.<\/p>\n<p>Escucha tu playlist desde Urban Rok M<br \/>Reproduce tu m\u00fasica favorita con el sistema bluetooth del altavoz Urban Rok M y<br \/>despreoc\u00fapate de los cables.<br \/>Adem\u00e1s, podr\u00e1s conectarlo a cualquier dispositivo con la conexi\u00f3n de 3.5mm que<br \/>incorpora.<\/p>\n<p>Altavoz port\u00e1til resistente al agua<br \/>El dise\u00f1o herm\u00e9tico y portable del altavoz Urban Rok M resistir\u00e1 adem\u00e1s del polvo y<br \/>arena a cualquier l\u00edquido que caiga por encima de \u00e9l, porque cuenta con certificado<br \/>IPX7.<br \/>Ya no tienes excusas, \u00a1ll\u00e9vatelo a d\u00f3nde quieras!<\/p>\n<p>Cuidado hasta el m\u00e1s m\u00ednimo detalle<br \/>Se han seleccionado materiales de calidad y se ha cuidado hasta el m\u00e1s minimo<br \/>detalle en el proceso de fabricaci\u00f3n para ofrecer un producto con altas calidades y<br \/>detalles que marquen la diferencia.<br \/>El altavoz Urban Rok M te aportar\u00e1 durabilidad y resistencia adem\u00e1s de un<br \/>espectacular dise\u00f1o.<br \/>ESPECIFICACIONES T\u00c9CNICAS<\/p>\n<p>Peso y dimensiones<br \/>Altura<br \/>116 mm<br \/>Ancho<br \/>78 mm<br \/>Peso<br \/>285 g<br \/>Profundidad<br \/>78 mm<br \/>Altavoces<br \/>N\u00famero de altavoces<br \/>1<br \/>N\u00famero de radiadores pasivos<br \/>1<br \/>Audio<br \/>Potencia estimada RMS<br \/>5 W<br \/>Rango de frecuencia<br \/>90 &#8211; 18000 Hz<br \/>Relaci\u00f3n se\u00f1al\/ruido (SNR)<br \/>65 dB<br \/>Puertos e Interfaces<br \/>Conector de 3,5 mm<br \/>Si<br \/>Bluetooth<br \/>Si<br \/>Versi\u00f3n de Bluetooth<br \/>4.2<br \/>Perfiles de Bluetooth<br \/>A2DP,AVCTP,AVRCP,HFP,SPP<br \/>alcance Bluetooth<br \/>10 m<br \/>Tecnolog\u00eda de conectividad<br \/>Inal\u00e1mbrico y al\u00e1mbrico<br \/>Control de energ\u00eda<br \/>Alimentaci\u00f3n<br \/>Bater\u00eda<br \/>Autonom\u00eda<br \/>10 h<br \/>Capacidad de bater\u00eda<br \/>2000 mAh<br \/>Tecnolog\u00eda de bater\u00eda<br \/>Pol\u00edmero de litio<br \/>Tiempo de recarga de la bater\u00eda<br \/>4 h<br \/>Tipo de bater\u00eda<br \/>Bater\u00eda integrada<\/p>\n<p>Contenido del embalaje<br \/>Cables incluidos<br \/>Audio (3,5mm), MicroUSB<br \/>Otras caracter\u00edsticas<br \/>Di\u00e1metro del altavoz<br \/>4,5 cm<br \/>Manual de usuario<br \/>Si<br \/>Dise\u00f1o<br \/>Color del producto<br \/>Negro<br \/>Control de volumen<br \/>Botones<br \/>C\u00f3digo IP (International Protection)<br \/>IPX7<br \/>Funciones de protecci\u00f3n<br \/>A prueba de salpicaduras, Resistente al agua<br \/>Gancho<br \/>Si<br \/>Tipo de producto<br \/>Altavoz mono port\u00e1til<br \/>Desempe\u00f1o<br \/>Micr\u00f3fono incorporado<br \/>Si<br \/>Modo manos libres<br \/>Si<br \/>Uso recomendado<br \/>Universal<\/p>\n<p>\u00a0<\/p>\n","protected":false},"excerpt":{"rendered":"<p>Altavoz hiditec bluetooth urban rok m 5w bluetooth ipx7<\/p>\n","protected":false},"featured_media":234360,"comment_status":"closed","ping_status":"open","template":"","meta":{"_et_pb_use_builder":"","_et_pb_old_content":"","_et_gb_content_width":""},"product_brand":[2876],"product_cat":[2822,2799,2058],"product_tag":[2824,2803,2926,2068,2877],"class_list":{"0":"post-234359","1":"product","2":"type-product","3":"status-publish","4":"has-post-thumbnail","6":"product_brand-hiditec","7":"product_cat-altavoces","8":"product_cat-altavoces-mp3-y-auriculares","9":"product_cat-dispositivos","10":"product_tag-altavoces","11":"product_tag-altavoces-mp3-y-auriculares","12":"product_tag-altavoz-hiditec-bluetooth-urban-rok-m","13":"product_tag-dispositivos","14":"product_tag-hiditec","15":"product_shipping_class-2059","16":"pa_canon-digital-incluida-0-e-incluidos","18":"first","19":"instock","20":"taxable","21":"shipping-taxable","22":"purchasable","23":"product-type-simple"},"_links":{"self":[{"href":"https:\/\/linkxa.es\/linkshop\/wp-json\/wp\/v2\/product\/234359","targetHints":{"allow":["GET"]}}],"collection":[{"href":"https:\/\/linkxa.es\/linkshop\/wp-json\/wp\/v2\/product"}],"about":[{"href":"https:\/\/linkxa.es\/linkshop\/wp-json\/wp\/v2\/types\/product"}],"replies":[{"embeddable":true,"href":"https:\/\/linkxa.es\/linkshop\/wp-json\/wp\/v2\/comments?post=234359"}],"wp:featuredmedia":[{"embeddable":true,"href":"https:\/\/linkxa.es\/linkshop\/wp-json\/wp\/v2\/media\/234360"}],"wp:attachment":[{"href":"https:\/\/linkxa.es\/linkshop\/wp-json\/wp\/v2\/media?parent=234359"}],"wp:term":[{"taxonomy":"product_brand","embeddable":true,"href":"https:\/\/linkxa.es\/linkshop\/wp-json\/wp\/v2\/product_brand?post=234359"},{"taxonomy":"product_cat","embeddable":true,"href":"https:\/\/linkxa.es\/linkshop\/wp-json\/wp\/v2\/product_cat?post=234359"},{"taxonomy":"product_tag","embeddable":true,"href":"https:\/\/linkxa.es\/linkshop\/wp-json\/wp\/v2\/product_tag?post=234359"}],"curies":[{"name":"wp","href":"https:\/\/api.w.org\/{rel}","templated":true}]}}