{"id":234364,"date":"2025-05-17T01:30:16","date_gmt":"2025-05-17T01:30:16","guid":{"rendered":"https:\/\/linkxa.es\/contratacion\/producto\/altavoz-energy-sistem-urban-box-2\/"},"modified":"2025-08-02T09:22:17","modified_gmt":"2025-08-02T09:22:17","slug":"altavoz-energy-sistem-urban-box-2","status":"publish","type":"product","link":"https:\/\/linkxa.es\/linkshop\/producto\/altavoz-energy-sistem-urban-box-2\/","title":{"rendered":"Altavoz energy sistem urban box 2"},"content":{"rendered":"<h3 style=\"text-align: center;\"><strong>Energy sistem\u00a0 |\u00a0 Altavoces<\/strong><\/h3>\n<p>\u00a0<\/p>\n<p>Altavoz est\u00e9reo con tecnolog\u00eda Bluetooth 5.0 y True Wireless Stereo para<br \/>utilizar dos unidades simult\u00e1neamente. Doble membrana de realce de<br \/>bajos, reproductor MP3 por USB \/ microSD, radio FM y audio-in.<br \/>Exprime la m\u00fasica al m\u00e1ximo<\/p>\n<p>Divi\u00e9rtete compartiendo con los tuyos tu m\u00fasica con este altavoz Bluetooth<br \/>5.0 que cuenta con tecnolog\u00eda True Wireless Stereo y permite sincronizar<br \/>dos altavoces al mismo tiempo y duplicar el sonido.<br \/>Modo FM On<\/p>\n<p>Divi\u00e9rtete con mucho estilo mientras sintonizas tus emisoras favoritas y<br \/>escuchas los programas de radio que m\u00e1s te gustan.<br \/>Todo en uno<\/p>\n<p>Este altavoz port\u00e1til cuenta con todos los modos de reproducci\u00f3n que<br \/>puedas imaginar: memoria USB, reproductor de archivos MP3 desde<br \/>tarjetas microSD, Bluetooth 5.0, tecnolog\u00eda True Wireless Stereo, Radio FM y<br \/>Audio-in.<br \/>12 horas de m\u00fasica en tu mano<\/p>\n<p>Vive una aut\u00e9ntica experiencia de sonido durante 12 horas, gracias a este<br \/>altavoz cubierto de tela con 10 W de potencia dise\u00f1ado para que lo lleves<br \/>contigo a cualquier parte. Su bater\u00eda de litio se recarga en tan solo 3 horas.<br \/>Caracter\u00edsticas:<\/p>\n<p>Divi\u00e9rtete con el altavoz que junta m\u00fasica, estilo y funcionalidad, Bluetooth<br \/>5.0, TWS, reproductor de MP3 y Radio FM.<br \/>La tecnolog\u00eda True Wireless Stereo te permitir\u00e1 sincronizar dos altavoces<br \/>para duplicar el sonido.<br \/>Cubierto de tela resistente y con los colores que hacen vibrar.<br \/>Contesta tus llamadas con total libertad gracias a su funci\u00f3n manos<br \/>libres.<br \/>10 W de potencia.<br \/>Reproduce archivos MP3 desde tarjetas microSD y memorias USB con<br \/>capacidad de hasta 64 GB.<br \/>Disfr\u00fatalo desde el amanecer hasta el anochecer con sus 12 horas de<br \/>autonom\u00eda.<\/p>\n<p>Especificaciones Energy Sistem Urban Box 2:<\/p>\n<p>Audio:<br \/>Sistema: 2.0<br \/>Potencia: 10 W<br \/>Altavoces: 2 de rango completo de 40 mm<br \/>Radiador de graves: doble membrana<br \/>Respuesta en frecuencia: 100 Hz ~ 18 KHz<br \/>Relaci\u00f3n Se\u00f1al \/ Ruido: &#038;gt, 60 dB<br \/>Conectividad inal\u00e1mbrica:<br \/>Bluetooth v5.0, clase II. Hasta 20 metros de alcance.<br \/>Soporta perfilles Bluetooth HSP \/ HFP \/ A2DP \/AVRCP<br \/>Frecuencia de trabajo: 2.4 GHz (2.402 ~ 2.480 GHz).<br \/>Potencia de emisi\u00f3n m\u00e1xima: &#038;lt, 20 dBm<br \/>Funci\u00f3n manos libres. Sensibilidad del micr\u00f3fono: -42 dB<br \/>Tecnolog\u00eda TWS (True Wireless Stereo)<br \/>TWS compatible con:<br \/>Urban Box 2<br \/>Entrada de audio:<br \/>Entrada de audio auxiliar mini jack est\u00e9reo de 3,5 mm<br \/>Radio FM:<br \/>Frecuencia de trabajo: 87.5 ~ 108 MHz<br \/>Funci\u00f3n de b\u00fasqueda autom\u00e1tica de emisoras<br \/>Reproducci\u00f3n microSD y USB:<br \/>Decodificador microSD y USB: reproduce archivos MP3 desde<br \/>memorias externas de hasta 64 GB de capacidad en formato FAT \/ FAT32.<br \/>Bater\u00eda:<br \/>Capacidad: 1200 mAh<br \/>Tipo: pol\u00edmero de litio<br \/>Autonom\u00eda: 12 horas *La autonom\u00eda var\u00eda seg\u00fan el nivel de volumen<br \/>seleccionado y el tipo de m\u00fasica reproducida.<br \/>Conector de carga: microUSB<br \/>Tiempo de carga: 3 horas<br \/>Dimensiones y peso:<br \/>68,8 mm x 68,8 mm x 160 mm<br \/>450 g<br \/>Contenido del paquete:<br \/>Urban Box 2<br \/>Cable de audio: 3,5 mm<br \/>Cable USB<br \/>Gu\u00eda r\u00e1pida<\/p>\n<p>\u00a0<\/p>\n","protected":false},"excerpt":{"rendered":"<p>Altavoz energy sistem urban box 2 onyx 10w &#8211;  tws &#8211;  bluetooth 5.0 &#8211;  usb &#8211;  micro sd &#8211;  mp3 &#8211;  fm radio<\/p>\n","protected":false},"featured_media":234470,"comment_status":"closed","ping_status":"open","template":"","meta":{"_et_pb_use_builder":"","_et_pb_old_content":"","_et_gb_content_width":""},"product_brand":[2879],"product_cat":[2822,2799,2058],"product_tag":[2824,2803,2927,2068,2880],"class_list":{"0":"post-234364","1":"product","2":"type-product","3":"status-publish","4":"has-post-thumbnail","6":"product_brand-energy-sistem","7":"product_cat-altavoces","8":"product_cat-altavoces-mp3-y-auriculares","9":"product_cat-dispositivos","10":"product_tag-altavoces","11":"product_tag-altavoces-mp3-y-auriculares","12":"product_tag-altavoz-energy-sistem-urban-box-2","13":"product_tag-dispositivos","14":"product_tag-energy-sistem","15":"product_shipping_class-2059","16":"pa_canon-digital-incluida-0-e-incluidos","18":"first","19":"instock","20":"taxable","21":"shipping-taxable","22":"purchasable","23":"product-type-simple"},"_links":{"self":[{"href":"https:\/\/linkxa.es\/linkshop\/wp-json\/wp\/v2\/product\/234364","targetHints":{"allow":["GET"]}}],"collection":[{"href":"https:\/\/linkxa.es\/linkshop\/wp-json\/wp\/v2\/product"}],"about":[{"href":"https:\/\/linkxa.es\/linkshop\/wp-json\/wp\/v2\/types\/product"}],"replies":[{"embeddable":true,"href":"https:\/\/linkxa.es\/linkshop\/wp-json\/wp\/v2\/comments?post=234364"}],"wp:featuredmedia":[{"embeddable":true,"href":"https:\/\/linkxa.es\/linkshop\/wp-json\/wp\/v2\/media\/234470"}],"wp:attachment":[{"href":"https:\/\/linkxa.es\/linkshop\/wp-json\/wp\/v2\/media?parent=234364"}],"wp:term":[{"taxonomy":"product_brand","embeddable":true,"href":"https:\/\/linkxa.es\/linkshop\/wp-json\/wp\/v2\/product_brand?post=234364"},{"taxonomy":"product_cat","embeddable":true,"href":"https:\/\/linkxa.es\/linkshop\/wp-json\/wp\/v2\/product_cat?post=234364"},{"taxonomy":"product_tag","embeddable":true,"href":"https:\/\/linkxa.es\/linkshop\/wp-json\/wp\/v2\/product_tag?post=234364"}],"curies":[{"name":"wp","href":"https:\/\/api.w.org\/{rel}","templated":true}]}}