{"id":234369,"date":"2025-07-18T19:07:41","date_gmt":"2025-07-18T19:07:41","guid":{"rendered":"https:\/\/linkxa.es\/contratacion\/producto\/phoenix-ergoflex-brazo-articulado-para-microfono\/"},"modified":"2025-08-02T09:13:11","modified_gmt":"2025-08-02T09:13:11","slug":"phoenix-ergoflex-brazo-articulado-para-microfono","status":"publish","type":"product","link":"https:\/\/linkxa.es\/linkshop\/producto\/phoenix-ergoflex-brazo-articulado-para-microfono\/","title":{"rendered":"Phoenix ergoflex brazo articulado para microfono"},"content":{"rendered":"<h3 style=\"text-align: center;\"><strong>Phoenix technologies\u00a0 |\u00a0 Micr\u00f3fonos<\/strong><\/h3>\n<p>\u00a0<\/p>\n<p>Presentamos ErgoFlex nuestro innovador brazo articulado para micr\u00f3fono con gesti\u00f3n de cables, la soluci\u00f3n perfecta para optimizar tu experiencia de grabaci\u00f3n o transmisi\u00f3n. Dise\u00f1ado con la m\u00e1s alta calidad y pensado para satisfacer las necesidades de los profesionales del audio, ofrece un rendimiento excepcional y una comodidad inigualable.<br \/>Con un sistema de articulaci\u00f3n de perfil bajo con un movimiento suave y preciso, nuestro brazo permite ajustar el micr\u00f3fono en m\u00faltiples posiciones, adapt\u00e1ndose a tus necesidades y garantizando una captura de audio \u00f3ptima en todo momento. Ya sea que necesites grabar podcasts, realizar transmisiones en vivo, realizar videos de YouTube o llevar a cabo sesiones de grabaci\u00f3n profesional, ErgoFlex te proporcionar\u00e1 una plataforma estable y flexible para tu micr\u00f3fono.<br \/>La gesti\u00f3n de cables integrada es una de las caracter\u00edsticas destacadas de nuestro brazo articulado ya que gracias a su sistema de cubiertas podr\u00e1s ocultar totalmente el cable. Simplemente coloca los cables en los canales designados y aj\u00fastalos seg\u00fan tus necesidades. El resultado: un espacio de trabajo limpio y ordenado, y una mayor eficiencia en tus sesiones de grabaci\u00f3n.<br \/>ErgoFlex est\u00e1 fabricado en metal para garantizar su longevidad y fiabilidad. Su construcci\u00f3n robusta soportar\u00e1 f\u00e1cilmente el peso de micr\u00f3fonos de condensador y din\u00e1micos, brind\u00e1ndote la tranquilidad de que tu equipo est\u00e1 seguro y protegido.<br \/>Adem\u00e1s, cuenta con una abrazadera de montaje resistente, dise\u00f1ada para sujetarse firmemente a tu escritorio o mesa de trabajo sin da\u00f1ar su superficie. La abrazadera se ajusta a diferentes grosores, lo que te permite utilizar el brazo en una amplia gama de configuraciones de estudio.<br \/>Si buscas un brazo articulado para micr\u00f3fono con gesti\u00f3n de cables que combine funcionalidad, comodidad y durabilidad, no busques m\u00e1s. ErgoFlex proporciona la soluci\u00f3n ideal para todos los profesionales del audio que desean maximizar su rendimiento y obtener resultados excepcionales en sus proyectos. Experimenta la libertad de movimiento y la eficiencia de nuestro brazo articulado, y lleva tu experiencia de grabaci\u00f3n al siguiente nivel.<\/p>\n<p>\u00a0<\/p>\n","protected":false},"excerpt":{"rendered":"<p>Phoenix ergoflex brazo articulado para microfono streaming ajustable con gesti\u00f3n de cables<\/p>\n","protected":false},"featured_media":234370,"comment_status":"closed","ping_status":"open","template":"","meta":{"_et_pb_use_builder":"","_et_pb_old_content":"","_et_gb_content_width":""},"product_brand":[2657],"product_cat":[2799,2058,2831],"product_tag":[2803,2068,2833,2928,2658],"class_list":{"0":"post-234369","1":"product","2":"type-product","3":"status-publish","4":"has-post-thumbnail","6":"product_brand-phoenix-technologies","7":"product_cat-altavoces-mp3-y-auriculares","8":"product_cat-dispositivos","9":"product_cat-microfonos","10":"product_tag-altavoces-mp3-y-auriculares","11":"product_tag-dispositivos","12":"product_tag-microfonos","13":"product_tag-phoenix-ergoflex-brazo-articulado-para-microfono","14":"product_tag-phoenix-technologies","15":"product_shipping_class-2088","16":"pa_canon-digital-incluida-0-e-incluidos","18":"first","19":"instock","20":"taxable","21":"shipping-taxable","22":"purchasable","23":"product-type-simple"},"_links":{"self":[{"href":"https:\/\/linkxa.es\/linkshop\/wp-json\/wp\/v2\/product\/234369","targetHints":{"allow":["GET"]}}],"collection":[{"href":"https:\/\/linkxa.es\/linkshop\/wp-json\/wp\/v2\/product"}],"about":[{"href":"https:\/\/linkxa.es\/linkshop\/wp-json\/wp\/v2\/types\/product"}],"replies":[{"embeddable":true,"href":"https:\/\/linkxa.es\/linkshop\/wp-json\/wp\/v2\/comments?post=234369"}],"wp:featuredmedia":[{"embeddable":true,"href":"https:\/\/linkxa.es\/linkshop\/wp-json\/wp\/v2\/media\/234370"}],"wp:attachment":[{"href":"https:\/\/linkxa.es\/linkshop\/wp-json\/wp\/v2\/media?parent=234369"}],"wp:term":[{"taxonomy":"product_brand","embeddable":true,"href":"https:\/\/linkxa.es\/linkshop\/wp-json\/wp\/v2\/product_brand?post=234369"},{"taxonomy":"product_cat","embeddable":true,"href":"https:\/\/linkxa.es\/linkshop\/wp-json\/wp\/v2\/product_cat?post=234369"},{"taxonomy":"product_tag","embeddable":true,"href":"https:\/\/linkxa.es\/linkshop\/wp-json\/wp\/v2\/product_tag?post=234369"}],"curies":[{"name":"wp","href":"https:\/\/api.w.org\/{rel}","templated":true}]}}