{"id":234377,"date":"2025-05-09T15:03:14","date_gmt":"2025-05-09T15:03:14","guid":{"rendered":"https:\/\/linkxa.es\/contratacion\/producto\/altavoz-mars-gaming-msbax-bt-10w\/"},"modified":"2025-08-02T12:09:29","modified_gmt":"2025-08-02T12:09:29","slug":"altavoz-mars-gaming-msbax-bt-10w","status":"publish","type":"product","link":"https:\/\/linkxa.es\/linkshop\/producto\/altavoz-mars-gaming-msbax-bt-10w\/","title":{"rendered":"Altavoz mars gaming msbax bt 10w"},"content":{"rendered":"<h3 style=\"text-align: center;\"><strong>Mars gaming\u00a0 |\u00a0 Altavoces<\/strong><\/h3>\n<p>\u00a0<\/p>\n<p>ALTAVOZ BLUETOOTH RGB FLOW MSBAX. Sonido potente en un espectacular dise\u00f1o ultra-compacto. Con iluminaci\u00f3n RGB Flow, 10W de potencia con dos radiadores pasivos de ultra-graves, chip HQ<br \/>Bluetooth 5.0 para una m\u00e1xima calidad de sonido y conexi\u00f3n, conectividad total: puerto USB, tarjetas microSD y Radio FM. Adem\u00e1s, incluye una bater\u00eda de larga duraci\u00f3n con 8 horas de uso y podr\u00e1s<br \/>elegir a tu gusto entre varios colores.<br \/>Caracter\u00edsticas:<\/p>\n<p>SONIDO IMPACTANTE. Gracias a su potente driver activo de 10W y a sus dos drivers pasivos ultra-BASS tendr\u00e1s una impresionante calidad y potencia de sonido.<br \/>COMPACTO Y GRAN AUTONOM\u00cdA. Tama\u00f1o super compacto y con una bater\u00eda de gran capacidad para hasta 8 horas de uso. Para que lo lleves a cualquier parte. \u00a1Sin limitaciones!<br \/>CONECTIVIDAD TOTAL. Este altavoz port\u00e1til dispone de la \u00faltima generaci\u00f3n Bluetooth 5.0 de hasta 10 metros de rango, para que puedas utilizar tu tel\u00e9fono m\u00f3vil o cualquier otro dispositivo. Adem\u00e1s<br \/>cuenta con un puerto USB y una ranura para MicroSD, ofreciendo m\u00faltiples formas distintas de reproducir tu m\u00fasica favorita.<\/p>\n<p>Especificaciones:<\/p>\n<p>Dimensiones: 110x82x82mm<br \/>Peso: 284g<br \/>Tama\u00f1o: Compacto<br \/>Iluminaci\u00f3n: RGB Flow<br \/>Materiales: ABS + Acero<br \/>Color: Negro \/ Rosa \/ Blanco<br \/>Potencia: 10W<br \/>Drivers: 1 Activo + 2 Pasivos<br \/>Subwoofer: No<br \/>Rango de frecuencia: 16Hz-20KHz<br \/>Impedancia: 4<br \/>Control de volumen: S\u00ed<br \/>Longitud del cable: 50 cm<br \/>Compatibilidad: Dispositivos Bluetooth, Pendrive y MicroSD (MP3)<br \/>Capacidad bater\u00eda: 1200mA Li-Ion<br \/>Tiempo de funcionamiento: 8 Horas<br \/>Versi\u00f3n Bluetooth: 5.0<br \/>Distancia de conexi\u00f3n: 10 metros<br \/>Micr\u00f3fono: S\u00ed<br \/>Funci\u00f3n manos libres: S\u00ed<\/p>\n<p>\u00a0<\/p>\n","protected":false},"excerpt":{"rendered":"<p>Altavoz mars gaming msbax bt 10w rosa<\/p>\n","protected":false},"featured_media":235678,"comment_status":"closed","ping_status":"open","template":"","meta":{"_et_pb_use_builder":"","_et_pb_old_content":"","_et_gb_content_width":""},"product_brand":[2929],"product_cat":[2822,2799,2058],"product_tag":[2824,2803,2931,2068,2930],"class_list":{"0":"post-234377","1":"product","2":"type-product","3":"status-publish","4":"has-post-thumbnail","6":"product_brand-mars-gaming","7":"product_cat-altavoces","8":"product_cat-altavoces-mp3-y-auriculares","9":"product_cat-dispositivos","10":"product_tag-altavoces","11":"product_tag-altavoces-mp3-y-auriculares","12":"product_tag-altavoz-mars-gaming-msbax-bt-10w","13":"product_tag-dispositivos","14":"product_tag-mars-gaming","15":"product_shipping_class-2059","16":"pa_canon-digital-incluida-0-e-incluidos","18":"first","19":"instock","20":"taxable","21":"shipping-taxable","22":"purchasable","23":"product-type-simple"},"_links":{"self":[{"href":"https:\/\/linkxa.es\/linkshop\/wp-json\/wp\/v2\/product\/234377","targetHints":{"allow":["GET"]}}],"collection":[{"href":"https:\/\/linkxa.es\/linkshop\/wp-json\/wp\/v2\/product"}],"about":[{"href":"https:\/\/linkxa.es\/linkshop\/wp-json\/wp\/v2\/types\/product"}],"replies":[{"embeddable":true,"href":"https:\/\/linkxa.es\/linkshop\/wp-json\/wp\/v2\/comments?post=234377"}],"wp:featuredmedia":[{"embeddable":true,"href":"https:\/\/linkxa.es\/linkshop\/wp-json\/wp\/v2\/media\/235678"}],"wp:attachment":[{"href":"https:\/\/linkxa.es\/linkshop\/wp-json\/wp\/v2\/media?parent=234377"}],"wp:term":[{"taxonomy":"product_brand","embeddable":true,"href":"https:\/\/linkxa.es\/linkshop\/wp-json\/wp\/v2\/product_brand?post=234377"},{"taxonomy":"product_cat","embeddable":true,"href":"https:\/\/linkxa.es\/linkshop\/wp-json\/wp\/v2\/product_cat?post=234377"},{"taxonomy":"product_tag","embeddable":true,"href":"https:\/\/linkxa.es\/linkshop\/wp-json\/wp\/v2\/product_tag?post=234377"}],"curies":[{"name":"wp","href":"https:\/\/api.w.org\/{rel}","templated":true}]}}