{"id":234383,"date":"2024-11-22T20:42:29","date_gmt":"2024-11-22T20:42:29","guid":{"rendered":"https:\/\/linkxa.es\/contratacion\/producto\/auriculares-poly-monoaurales-blackwire-3210-usb-c\/"},"modified":"2025-08-02T09:13:52","modified_gmt":"2025-08-02T09:13:52","slug":"auriculares-poly-monoaurales-blackwire-3210-usb-c","status":"publish","type":"product","link":"https:\/\/linkxa.es\/linkshop\/producto\/auriculares-poly-monoaurales-blackwire-3210-usb-c\/","title":{"rendered":"Auriculares poly monoaurales blackwire 3210 usb &#8211; c"},"content":{"rendered":"<h3 style=\"text-align: center;\"><strong>Poly\u00a0 |\u00a0 Auriculares<\/strong><\/h3>\n<p>\u00a0<\/p>\n<p>CARACTER\u00cdSTICAS<\/p>\n<p>&#8211; Capacidad para gestionar llamadas desde un PC, smartphone o tablet con una conectividad est\u00e1ndar USB.<br \/>&#8211; Dise\u00f1o monoaural<br \/>&#8211; Diadema ligera de metal muy resistente y capaz de ajustarse de forma personalizada para una mayor comodidad<br \/>&#8211; Intuitivos controles en el cable de respuesta y fin de llamada, control de volumen y mute<br \/>&#8211; Luces indicadoras con una ubicaci\u00f3n \u00f3ptima y \u00fatiles alertas de audio para ofrecer informaci\u00f3n sobre el estado del volumen, la funci\u00f3n mute y las llamadas<br \/>&#8211; El sonido de banda ancha con anulaci\u00f3n de ruido posibilita una telefon\u00eda por ordenador de gran calidad<br \/>&#8211; El ecualizador din\u00e1mico ajusta autom\u00e1ticamente el sonido para el uso para voz o multimedia<br \/>&#8211; El micr\u00f3fono con anulaci\u00f3n de ruido filtra el ruido de fondo<br \/>&#8211; La tecnolog\u00eda de procesamiento de se\u00f1al digital (DSP) mejorada ofrece un sonido de voz m\u00e1s natural<br \/>&#8211; La tecnolog\u00eda SoundGuard ofrece protecci\u00f3n contra picos de sonido<br \/>&#8211; Plantronics Hub ofrece opciones de personalizaci\u00f3n y prestaciones de valor a\u00f1adido, como funciones, ajustes de idioma y actualizaciones de firmware.<br \/>&#8211; Plantronics Manager Pro, un servicio adicional, permite al equipo de IT obtener m\u00e1s informaci\u00f3n de utilidad relativa a los auriculares de Plantronics utilizados en toda la empresa.<br \/>&#8211; Certificados para Skype for Business y optimizados para Microsoft\u00ae Lync\u00ae.<br \/>&#8211; Dise\u00f1ados para aplicaciones de UC y softphones de Avaya, Cisco, Skype y otros.<br \/>&#8211; Respaldados por el servicio y la asistencia globales l\u00edderes del sector de Plantronics.<\/p>\n<p>Ficha t\u00e9cnica<br \/>Descripci\u00f3n\u00a0Auricular monoaural Blackwire 3210 USB<br \/>Modelo\u00a0Blackwire 3210 USB<br \/>Conectividad\u00a0USB 0<br \/>Dispositivo\u00a0Ordenador<br \/>Entorno\u00a0Microsoft Lync<br \/>Uso\u00a0Intensivo (+ de 4 horas)<br \/>Tecnolog\u00eda\u00a0Cable<br \/>Audio\u00a0Banda Ancha<br \/>Control de volumen\u00a0Si<br \/>Control por voz\u00a0No<br \/>Desconexi\u00f3n r\u00e1pida\u00a0Si<br \/>Estilo de colocaci\u00f3n\u00a0Diadema monoaural<br \/>Estuche transporte\/carga\u00a0Si<br \/>Garant\u00eda\u00a02 a\u00f1os<br \/>Mute\u00a0Si<br \/>Peso\u00a0&#8211;<br \/>Plegable\u00a0Si<br \/>Smart sensor\u00a0No<br \/>Soundguard\u00a0Si<br \/>Tecnolog\u00eda DSP\u00a0Si<br \/>Tel\u00e9fono anal\u00f3gico incluido\u00a0No<br \/>Tipo de microfono\u00a0Supresi\u00f3n de ruidos<\/p>\n<p>\u00a0<\/p>\n","protected":false},"excerpt":{"rendered":"<p>Auriculares poly monoaurales blackwire 3210 usb &#8211; c + adaptador usb &#8211; c &#8211; a<\/p>\n","protected":false},"featured_media":234384,"comment_status":"closed","ping_status":"open","template":"","meta":{"_et_pb_use_builder":"","_et_pb_old_content":"","_et_gb_content_width":""},"product_brand":[2858],"product_cat":[2799,2800,2058],"product_tag":[2803,2804,2932,2068,2859],"class_list":{"0":"post-234383","1":"product","2":"type-product","3":"status-publish","4":"has-post-thumbnail","6":"product_brand-poly","7":"product_cat-altavoces-mp3-y-auriculares","8":"product_cat-auriculares","9":"product_cat-dispositivos","10":"product_tag-altavoces-mp3-y-auriculares","11":"product_tag-auriculares","12":"product_tag-auriculares-poly-monoaurales-blackwire-3210-usb-c","13":"product_tag-dispositivos","14":"product_tag-poly","15":"product_shipping_class-2059","16":"pa_canon-digital-incluida-0-e-incluidos","18":"first","19":"instock","20":"taxable","21":"shipping-taxable","22":"purchasable","23":"product-type-simple"},"_links":{"self":[{"href":"https:\/\/linkxa.es\/linkshop\/wp-json\/wp\/v2\/product\/234383","targetHints":{"allow":["GET"]}}],"collection":[{"href":"https:\/\/linkxa.es\/linkshop\/wp-json\/wp\/v2\/product"}],"about":[{"href":"https:\/\/linkxa.es\/linkshop\/wp-json\/wp\/v2\/types\/product"}],"replies":[{"embeddable":true,"href":"https:\/\/linkxa.es\/linkshop\/wp-json\/wp\/v2\/comments?post=234383"}],"wp:featuredmedia":[{"embeddable":true,"href":"https:\/\/linkxa.es\/linkshop\/wp-json\/wp\/v2\/media\/234384"}],"wp:attachment":[{"href":"https:\/\/linkxa.es\/linkshop\/wp-json\/wp\/v2\/media?parent=234383"}],"wp:term":[{"taxonomy":"product_brand","embeddable":true,"href":"https:\/\/linkxa.es\/linkshop\/wp-json\/wp\/v2\/product_brand?post=234383"},{"taxonomy":"product_cat","embeddable":true,"href":"https:\/\/linkxa.es\/linkshop\/wp-json\/wp\/v2\/product_cat?post=234383"},{"taxonomy":"product_tag","embeddable":true,"href":"https:\/\/linkxa.es\/linkshop\/wp-json\/wp\/v2\/product_tag?post=234383"}],"curies":[{"name":"wp","href":"https:\/\/api.w.org\/{rel}","templated":true}]}}