{"id":234395,"date":"2024-12-28T22:56:31","date_gmt":"2024-12-28T22:56:31","guid":{"rendered":"https:\/\/linkxa.es\/contratacion\/producto\/auriculares-gaming-phoenix-x-io-blancos-multiplataforma\/"},"modified":"2025-08-02T09:14:51","modified_gmt":"2025-08-02T09:14:51","slug":"auriculares-gaming-phoenix-x-io-blancos-multiplataforma","status":"publish","type":"product","link":"https:\/\/linkxa.es\/linkshop\/producto\/auriculares-gaming-phoenix-x-io-blancos-multiplataforma\/","title":{"rendered":"Auriculares gaming phoenix x &#8211; io blancos multiplataforma"},"content":{"rendered":"<h3 style=\"text-align: center;\"><strong>Phoenix technologies\u00a0 |\u00a0 Auriculares<\/strong><\/h3>\n<p>\u00a0<\/p>\n<p>Hecho a medida para los mejores jugadores. Con los auriculares X-IO y X-IO Carbon te sumergir\u00e1s en una nueva dimensi\u00f3n mientras disfrutas de tus mejores juegos.\u00a0 Magn\u00edfico acabado ergon\u00f3mico dise\u00f1ado para una mejor ac\u00fastica y sonido 100% envolvente, har\u00e1n que vibres con cada misi\u00f3n. La confortable diadema y almohadillas se ajustan perfectamente haci\u00e9ndote olvidar que los llevas puestos.<br \/>Incorpora un micr\u00f3fono omnidireccional retr\u00e1ctil, cuando no lo necesites solo tienes que deslizarlo suavemente hacia arriba, acopl\u00e1ndose autom\u00e1ticamente con la diadema quedando oculto.<br \/>Cuenta con controles en el cable que, incluyendo la funci\u00f3n de Mute, accesibles de forma intuitiva permiti\u00e9ndote realizar cambios en un tiempo r\u00e9cord.<br \/>Disfruta plenamente de intensos enfrentamientos o pl\u00e1cidas sesiones de tus juegos favoritos sin que nadie que tengas cerca se de cuenta, gracias a su gran sistema de insonorizaci\u00f3n exterior.<br \/>El material esta optimizado para largas horas de juego, sin sobrecalentarse y dejando transpirar el sudor.<br \/>Los X-IO y X-IO Carbon, te garantizan cientos de horas de la mejor diversi\u00f3n. \u00bfA qu\u00e9 esperas?<br \/>\u00a0<br \/>\u00a0<br \/>\u00a0<\/p>\n<p>\u00a0<\/p>\n","protected":false},"excerpt":{"rendered":"<p>Auriculares gaming phoenix x &#8211; io blancos multiplataforma con cable jack y adaptador<\/p>\n","protected":false},"featured_media":234396,"comment_status":"closed","ping_status":"open","template":"","meta":{"_et_pb_use_builder":"","_et_pb_old_content":"","_et_gb_content_width":""},"product_brand":[2657],"product_cat":[2799,2800,2058],"product_tag":[2803,2804,2933,2068,2658],"class_list":{"0":"post-234395","1":"product","2":"type-product","3":"status-publish","4":"has-post-thumbnail","6":"product_brand-phoenix-technologies","7":"product_cat-altavoces-mp3-y-auriculares","8":"product_cat-auriculares","9":"product_cat-dispositivos","10":"product_tag-altavoces-mp3-y-auriculares","11":"product_tag-auriculares","12":"product_tag-auriculares-gaming-phoenix-x-io-blancos-multiplataforma","13":"product_tag-dispositivos","14":"product_tag-phoenix-technologies","15":"product_shipping_class-2088","16":"pa_canon-digital-incluida-0-e-incluidos","18":"first","19":"instock","20":"taxable","21":"shipping-taxable","22":"purchasable","23":"product-type-simple"},"_links":{"self":[{"href":"https:\/\/linkxa.es\/linkshop\/wp-json\/wp\/v2\/product\/234395","targetHints":{"allow":["GET"]}}],"collection":[{"href":"https:\/\/linkxa.es\/linkshop\/wp-json\/wp\/v2\/product"}],"about":[{"href":"https:\/\/linkxa.es\/linkshop\/wp-json\/wp\/v2\/types\/product"}],"replies":[{"embeddable":true,"href":"https:\/\/linkxa.es\/linkshop\/wp-json\/wp\/v2\/comments?post=234395"}],"wp:featuredmedia":[{"embeddable":true,"href":"https:\/\/linkxa.es\/linkshop\/wp-json\/wp\/v2\/media\/234396"}],"wp:attachment":[{"href":"https:\/\/linkxa.es\/linkshop\/wp-json\/wp\/v2\/media?parent=234395"}],"wp:term":[{"taxonomy":"product_brand","embeddable":true,"href":"https:\/\/linkxa.es\/linkshop\/wp-json\/wp\/v2\/product_brand?post=234395"},{"taxonomy":"product_cat","embeddable":true,"href":"https:\/\/linkxa.es\/linkshop\/wp-json\/wp\/v2\/product_cat?post=234395"},{"taxonomy":"product_tag","embeddable":true,"href":"https:\/\/linkxa.es\/linkshop\/wp-json\/wp\/v2\/product_tag?post=234395"}],"curies":[{"name":"wp","href":"https:\/\/api.w.org\/{rel}","templated":true}]}}