{"id":234416,"date":"2025-05-19T15:35:34","date_gmt":"2025-05-19T15:35:34","guid":{"rendered":"https:\/\/linkxa.es\/contratacion\/producto\/auricular-inalambrico-denver-bth-150-azul-bluetooth\/"},"modified":"2025-08-02T09:17:01","modified_gmt":"2025-08-02T09:17:01","slug":"auricular-inalambrico-denver-bth-150-azul-bluetooth","status":"publish","type":"product","link":"https:\/\/linkxa.es\/linkshop\/producto\/auricular-inalambrico-denver-bth-150-azul-bluetooth\/","title":{"rendered":"Auricular inalambrico denver bth &#8211; 150 azul bluetooth"},"content":{"rendered":"<h3 style=\"text-align: center;\"><strong>Denver\u00a0 |\u00a0 Auriculares<\/strong><\/h3>\n<p>\u00a0<\/p>\n<p>Con entrada AUX para entrada cableada tambi\u00e9n<br \/>DESCRIPCI\u00d3N<br \/>Auriculares inal\u00e1mbricos bluetooth para ni\u00f1os<br \/>F\u00e1cil de usar, empareje con su dispositivo m\u00f3vil y est\u00e1 listo para<br \/>escuchar m\u00fasica \/ audio<br \/>Limitado a un m\u00e1ximo de 85dB para proteger la audici\u00f3n<br \/>Rango de operaci\u00f3n hasta 10 metros.<br \/>Entrada AUX para usar con cable (necesita energ\u00eda para funcionar)<br \/>Bater\u00eda recargable incorporada &#8211; 250mAh (tiempo de carga aprox. 3<br \/>horas)<br \/>Tiempo de reproducci\u00f3n de m\u00fasica hasta 8 horas.<br \/>Tiempo en espera hasta 200 horas.<br \/>Incl. Cable de carga micro USB y cable de audio (conector 2 x 3,5<br \/>mm)<\/p>\n<p>\u00a0<\/p>\n","protected":false},"excerpt":{"rendered":"<p>Auricular inalambrico denver bth &#8211; 150 azul &#8211;  bluetooth &#8211;<\/p>\n","protected":false},"featured_media":234417,"comment_status":"closed","ping_status":"open","template":"","meta":{"_et_pb_use_builder":"","_et_pb_old_content":"","_et_gb_content_width":""},"product_brand":[2440],"product_cat":[2799,2800,2058],"product_tag":[2803,2938,2804,2441,2068],"class_list":{"0":"post-234416","1":"product","2":"type-product","3":"status-publish","4":"has-post-thumbnail","6":"product_brand-denver","7":"product_cat-altavoces-mp3-y-auriculares","8":"product_cat-auriculares","9":"product_cat-dispositivos","10":"product_tag-altavoces-mp3-y-auriculares","11":"product_tag-auricular-inalambrico-denver-bth-150-azul-bluetooth","12":"product_tag-auriculares","13":"product_tag-denver","14":"product_tag-dispositivos","15":"product_shipping_class-2088","16":"pa_canon-digital-incluida-0-e-incluidos","18":"first","19":"instock","20":"taxable","21":"shipping-taxable","22":"purchasable","23":"product-type-simple"},"_links":{"self":[{"href":"https:\/\/linkxa.es\/linkshop\/wp-json\/wp\/v2\/product\/234416","targetHints":{"allow":["GET"]}}],"collection":[{"href":"https:\/\/linkxa.es\/linkshop\/wp-json\/wp\/v2\/product"}],"about":[{"href":"https:\/\/linkxa.es\/linkshop\/wp-json\/wp\/v2\/types\/product"}],"replies":[{"embeddable":true,"href":"https:\/\/linkxa.es\/linkshop\/wp-json\/wp\/v2\/comments?post=234416"}],"wp:featuredmedia":[{"embeddable":true,"href":"https:\/\/linkxa.es\/linkshop\/wp-json\/wp\/v2\/media\/234417"}],"wp:attachment":[{"href":"https:\/\/linkxa.es\/linkshop\/wp-json\/wp\/v2\/media?parent=234416"}],"wp:term":[{"taxonomy":"product_brand","embeddable":true,"href":"https:\/\/linkxa.es\/linkshop\/wp-json\/wp\/v2\/product_brand?post=234416"},{"taxonomy":"product_cat","embeddable":true,"href":"https:\/\/linkxa.es\/linkshop\/wp-json\/wp\/v2\/product_cat?post=234416"},{"taxonomy":"product_tag","embeddable":true,"href":"https:\/\/linkxa.es\/linkshop\/wp-json\/wp\/v2\/product_tag?post=234416"}],"curies":[{"name":"wp","href":"https:\/\/api.w.org\/{rel}","templated":true}]}}