{"id":234434,"date":"2025-02-20T21:10:12","date_gmt":"2025-02-20T21:10:12","guid":{"rendered":"https:\/\/linkxa.es\/contratacion\/producto\/auriculares-gaming-phoenix-x-io-negros-multiplataforma\/"},"modified":"2025-08-02T09:18:53","modified_gmt":"2025-08-02T09:18:53","slug":"auriculares-gaming-phoenix-x-io-negros-multiplataforma","status":"publish","type":"product","link":"https:\/\/linkxa.es\/linkshop\/producto\/auriculares-gaming-phoenix-x-io-negros-multiplataforma\/","title":{"rendered":"Auriculares gaming phoenix x &#8211; io negros multiplataforma"},"content":{"rendered":"<h3 style=\"text-align: center;\"><strong>Phoenix technologies\u00a0 |\u00a0 Auriculares<\/strong><\/h3>\n<p>\u00a0<\/p>\n<p>Phoenix &#8211; Auriculares Gaming PS5 con Microfono Retractil, Reduccion de Ruido, Almohadillas de Espuma de Alta Densidad, Iluminacion RGB, Compatible con PC, PS5, PS4, Xbox X, Xbox S, Nintendo, Portatil<br \/>\u00a0<br \/>Hecho a medida para los mejores jugadores. Con los auriculares X-IO y X-IO Carbon te sumergir\u00e1s en una nueva dimensi\u00f3n mientras disfrutas de tus mejores juegos.\u00a0 Magn\u00edfico acabado ergon\u00f3mico dise\u00f1ado para una mejor ac\u00fastica y sonido 100% envolvente, har\u00e1n que vibres con cada misi\u00f3n. La confortable diadema y almohadillas se ajustan perfectamente haci\u00e9ndote olvidar que los llevas puestos.<br \/>MICR\u00d3FONO CON CANCELACI\u00d3N DE RUIDO: Estos auriculares cuentan con micr\u00f3fono sensible para captar tu voz de la manera m\u00e1s n\u00edtida. Las conversaciones en tiempo real ser\u00e1n la diferencia hacia la victoria. Gracias a su funci\u00f3n de cancelaci\u00f3n filtra la mayoria de sonidos de tu entorno.<br \/>Incorpora un micr\u00f3fono omnidireccional retr\u00e1ctil, cuando no lo necesites solo tienes que deslizarlo suavemente hacia arriba, acopl\u00e1ndose autom\u00e1ticamente con la diadema quedando oculto.<br \/>EFECTO DE SONIDO ENVOLVENTE: Los auriculares poseen unos controladores de 50 mm y con dise\u00f1o para cubrir complamente tus orejas. Consigue una inmersi\u00f3n total en el juego y capta cualquier sonido a tu alrededor como pasos, fuego o vehiculos.<br \/>Cuenta con controles en el cable que, incluyendo la funci\u00f3n de Mute, accesibles de forma intuitiva permiti\u00e9ndote realizar cambios en un tiempo r\u00e9cord.<br \/>COMPATIBILIDAD MULTIPLATAFORMA: Los cascos son compatibles con PS5, PS4, Xbox One S, Xbox S, Xbox X y ordenador, PC, Nintendo Switch. NOTA: PS3, Xbox One y Xbox 360 necesitan adaptador adicional no incluido para ser compatibles.<br \/>Disfruta plenamente de intensos enfrentamientos o pl\u00e1cidas sesiones de tus juegos favoritos sin que nadie que tengas cerca se de cuenta, gracias a su gran sistema de insonorizaci\u00f3n exterior.<br \/>ERGON\u00d3MICO: Estos cascos gaming para juegos tienen un dise\u00f1o mimado para ofrecer una comodidad m\u00e1xima. Su diadema viene acolchada con espuma de alta densidad al igual que las orejeras para hacer que las horas pasen sin ning\u00fan tipo de dolor.<br \/>ACABADOS: Unos auriculares que cuentan con un fina linea con iluminaci\u00f3n rgb para acompa\u00f1ar el acabado elegante a juego con las consolas m\u00e1s populares del mercado.<br \/>El material esta optimizado para largas horas de juego, sin sobrecalentarse y dejando transpirar el sudor.<br \/>Los X-IO y X-IO Carbon, te garantizan cientos de horas de la mejor diversi\u00f3n. \u00bfA qu\u00e9 esperas?<br \/>\u00a0<\/p>\n<p>\u00a0<\/p>\n","protected":false},"excerpt":{"rendered":"<p>Auriculares gaming phoenix x &#8211; io negros multiplataforma con cable jack y adaptador<\/p>\n","protected":false},"featured_media":234435,"comment_status":"closed","ping_status":"open","template":"","meta":{"_et_pb_use_builder":"","_et_pb_old_content":"","_et_gb_content_width":""},"product_brand":[2657],"product_cat":[2799,2800,2058],"product_tag":[2803,2804,2944,2068,2658],"class_list":{"0":"post-234434","1":"product","2":"type-product","3":"status-publish","4":"has-post-thumbnail","6":"product_brand-phoenix-technologies","7":"product_cat-altavoces-mp3-y-auriculares","8":"product_cat-auriculares","9":"product_cat-dispositivos","10":"product_tag-altavoces-mp3-y-auriculares","11":"product_tag-auriculares","12":"product_tag-auriculares-gaming-phoenix-x-io-negros-multiplataforma","13":"product_tag-dispositivos","14":"product_tag-phoenix-technologies","15":"product_shipping_class-2088","16":"pa_canon-digital-incluida-0-e-incluidos","18":"first","19":"instock","20":"taxable","21":"shipping-taxable","22":"purchasable","23":"product-type-simple"},"_links":{"self":[{"href":"https:\/\/linkxa.es\/linkshop\/wp-json\/wp\/v2\/product\/234434","targetHints":{"allow":["GET"]}}],"collection":[{"href":"https:\/\/linkxa.es\/linkshop\/wp-json\/wp\/v2\/product"}],"about":[{"href":"https:\/\/linkxa.es\/linkshop\/wp-json\/wp\/v2\/types\/product"}],"replies":[{"embeddable":true,"href":"https:\/\/linkxa.es\/linkshop\/wp-json\/wp\/v2\/comments?post=234434"}],"wp:featuredmedia":[{"embeddable":true,"href":"https:\/\/linkxa.es\/linkshop\/wp-json\/wp\/v2\/media\/234435"}],"wp:attachment":[{"href":"https:\/\/linkxa.es\/linkshop\/wp-json\/wp\/v2\/media?parent=234434"}],"wp:term":[{"taxonomy":"product_brand","embeddable":true,"href":"https:\/\/linkxa.es\/linkshop\/wp-json\/wp\/v2\/product_brand?post=234434"},{"taxonomy":"product_cat","embeddable":true,"href":"https:\/\/linkxa.es\/linkshop\/wp-json\/wp\/v2\/product_cat?post=234434"},{"taxonomy":"product_tag","embeddable":true,"href":"https:\/\/linkxa.es\/linkshop\/wp-json\/wp\/v2\/product_tag?post=234434"}],"curies":[{"name":"wp","href":"https:\/\/api.w.org\/{rel}","templated":true}]}}