{"id":234443,"date":"2025-06-02T12:28:31","date_gmt":"2025-06-02T12:28:31","guid":{"rendered":"https:\/\/linkxa.es\/contratacion\/producto\/altavoces-logitech-s150-2-0-oem-usb\/"},"modified":"2025-08-02T09:19:12","modified_gmt":"2025-08-02T09:19:12","slug":"altavoces-logitech-s150-2-0-oem-usb","status":"publish","type":"product","link":"https:\/\/linkxa.es\/linkshop\/producto\/altavoces-logitech-s150-2-0-oem-usb\/","title":{"rendered":"Altavoces logitech s150 2.0 oem usb"},"content":{"rendered":"<h3 style=\"text-align: center;\"><strong>Logitech\u00a0 |\u00a0 Altavoces<\/strong><\/h3>\n<p>\u00a0<\/p>\n<p>Detalles<br \/>Sistema de altavoces Logitech S-150 &#8211; 2.0 &#8211; 1,2 W RMS &#8211; Black &#8211; 20 kHz &#8211; USB<br \/>Dise\u00f1o elegante y gran rendimiento de audio digital. Sonido digital pleno con<br \/>el sistema de altavoces est\u00e9reo 2.0 S-150 de Logitech, con pr\u00e1ctica conexi\u00f3n<br \/>USB, y dise\u00f1o moderno con acabado pulido y equipado con pr\u00e1cticos botones<br \/>de control multimedia. No necesita pilas: la alimentaci\u00f3n y el audio proceden<br \/>del PC o el port\u00e1til a trav\u00e9s de un solo cable USB.<\/p>\n<p>\u00a0<\/p>\n","protected":false},"excerpt":{"rendered":"<p>Altavoces logitech s150 2.0 oem usb<\/p>\n","protected":false},"featured_media":234444,"comment_status":"closed","ping_status":"open","template":"","meta":{"_et_pb_use_builder":"","_et_pb_old_content":"","_et_gb_content_width":""},"product_brand":[2798],"product_cat":[2822,2799,2058],"product_tag":[2824,2803,2945,2068,2801],"class_list":{"0":"post-234443","1":"product","2":"type-product","3":"status-publish","4":"has-post-thumbnail","6":"product_brand-logitech","7":"product_cat-altavoces","8":"product_cat-altavoces-mp3-y-auriculares","9":"product_cat-dispositivos","10":"product_tag-altavoces","11":"product_tag-altavoces-mp3-y-auriculares","12":"product_tag-altavoces-logitech-s150-2-0-oem-usb","13":"product_tag-dispositivos","14":"product_tag-logitech","15":"product_shipping_class-2088","16":"pa_canon-digital-incluida-0-e-incluidos","18":"first","19":"instock","20":"taxable","21":"shipping-taxable","22":"purchasable","23":"product-type-simple"},"_links":{"self":[{"href":"https:\/\/linkxa.es\/linkshop\/wp-json\/wp\/v2\/product\/234443","targetHints":{"allow":["GET"]}}],"collection":[{"href":"https:\/\/linkxa.es\/linkshop\/wp-json\/wp\/v2\/product"}],"about":[{"href":"https:\/\/linkxa.es\/linkshop\/wp-json\/wp\/v2\/types\/product"}],"replies":[{"embeddable":true,"href":"https:\/\/linkxa.es\/linkshop\/wp-json\/wp\/v2\/comments?post=234443"}],"wp:featuredmedia":[{"embeddable":true,"href":"https:\/\/linkxa.es\/linkshop\/wp-json\/wp\/v2\/media\/234444"}],"wp:attachment":[{"href":"https:\/\/linkxa.es\/linkshop\/wp-json\/wp\/v2\/media?parent=234443"}],"wp:term":[{"taxonomy":"product_brand","embeddable":true,"href":"https:\/\/linkxa.es\/linkshop\/wp-json\/wp\/v2\/product_brand?post=234443"},{"taxonomy":"product_cat","embeddable":true,"href":"https:\/\/linkxa.es\/linkshop\/wp-json\/wp\/v2\/product_cat?post=234443"},{"taxonomy":"product_tag","embeddable":true,"href":"https:\/\/linkxa.es\/linkshop\/wp-json\/wp\/v2\/product_tag?post=234443"}],"curies":[{"name":"wp","href":"https:\/\/api.w.org\/{rel}","templated":true}]}}