{"id":234451,"date":"2025-06-07T14:46:46","date_gmt":"2025-06-07T14:46:46","guid":{"rendered":"https:\/\/linkxa.es\/contratacion\/producto\/auriculares-micro-epos-sennheiser-pc-7\/"},"modified":"2025-08-02T09:20:03","modified_gmt":"2025-08-02T09:20:03","slug":"auriculares-micro-epos-sennheiser-pc-7","status":"publish","type":"product","link":"https:\/\/linkxa.es\/linkshop\/producto\/auriculares-micro-epos-sennheiser-pc-7\/","title":{"rendered":"Auriculares micro epos sennheiser pc 7"},"content":{"rendered":"<h3 style=\"text-align: center;\"><strong>Epos sennheiser\u00a0 |\u00a0 Auriculares<\/strong><\/h3>\n<p>\u00a0<\/p>\n<p>S\u00f3lo con\u00e9ctalo a tu computadora y empieza a hablar por la red. El econ\u00f3mico PC 7 USB cuenta con USB plug-and-play que es facil\u00edsimo de usar. Ideal para familias, su pr\u00e1ctico estilo de un solo lado te<br \/>permite seguir en contacto con el ambiente que te rodea mientras hablas por Skype. Adem\u00e1s, el reconocido sonido Sennheiser se combina con un micr\u00f3fono con cancelaci\u00f3n activa de ruido que te<br \/>garantiza que cada palabra se oir\u00e1 con claridad. &#8211; M\u00e1s valor por tu dinero: excelente duraci\u00f3n y calidad de sonido a un precio econ\u00f3mico. &#8211; Cancelaci\u00f3n activa de ruido: gracias a su micr\u00f3fono con sistema<br \/>de cancelaci\u00f3n activa de ruido, tu voz se escuchar\u00e1 con claridad sin que tengas que gritar. &#8211; USB plug-and-play: simplemente con\u00e9ctalo al puerto USB de tu Mac o PC y comienza a hablar por tel\u00e9fono a<br \/>trav\u00e9s de la red. &#8211; Mant\u00e9n libre un o\u00eddo: ideal para familias, su dise\u00f1o de un solo lado te mantiene en contacto con tu entorno mientras est\u00e1s hablando por la red. &#8211; Ligero y confortable: gracias a su ligera<br \/>diadema, olvidar\u00e1s incluso que lo est\u00e1s usando. &#8211; Mayor tranquilidad, gracias a sus 2 a\u00f1os de garant\u00eda en todo el mundo.<\/p>\n<p>\u00a0<\/p>\n","protected":false},"excerpt":{"rendered":"<p>Auriculares micro epos sennheiser pc 7 chat usb<\/p>\n","protected":false},"featured_media":234452,"comment_status":"closed","ping_status":"open","template":"","meta":{"_et_pb_use_builder":"","_et_pb_old_content":"","_et_gb_content_width":""},"product_brand":[2884],"product_cat":[2799,2800,2058],"product_tag":[2803,2804,2949,2068,2885],"class_list":{"0":"post-234451","1":"product","2":"type-product","3":"status-publish","4":"has-post-thumbnail","6":"product_brand-epos-sennheiser","7":"product_cat-altavoces-mp3-y-auriculares","8":"product_cat-auriculares","9":"product_cat-dispositivos","10":"product_tag-altavoces-mp3-y-auriculares","11":"product_tag-auriculares","12":"product_tag-auriculares-micro-epos-sennheiser-pc-7","13":"product_tag-dispositivos","14":"product_tag-epos-sennheiser","15":"product_shipping_class-2059","16":"pa_canon-digital-incluida-0-e-incluidos","18":"first","19":"instock","20":"taxable","21":"shipping-taxable","22":"purchasable","23":"product-type-simple"},"_links":{"self":[{"href":"https:\/\/linkxa.es\/linkshop\/wp-json\/wp\/v2\/product\/234451","targetHints":{"allow":["GET"]}}],"collection":[{"href":"https:\/\/linkxa.es\/linkshop\/wp-json\/wp\/v2\/product"}],"about":[{"href":"https:\/\/linkxa.es\/linkshop\/wp-json\/wp\/v2\/types\/product"}],"replies":[{"embeddable":true,"href":"https:\/\/linkxa.es\/linkshop\/wp-json\/wp\/v2\/comments?post=234451"}],"wp:featuredmedia":[{"embeddable":true,"href":"https:\/\/linkxa.es\/linkshop\/wp-json\/wp\/v2\/media\/234452"}],"wp:attachment":[{"href":"https:\/\/linkxa.es\/linkshop\/wp-json\/wp\/v2\/media?parent=234451"}],"wp:term":[{"taxonomy":"product_brand","embeddable":true,"href":"https:\/\/linkxa.es\/linkshop\/wp-json\/wp\/v2\/product_brand?post=234451"},{"taxonomy":"product_cat","embeddable":true,"href":"https:\/\/linkxa.es\/linkshop\/wp-json\/wp\/v2\/product_cat?post=234451"},{"taxonomy":"product_tag","embeddable":true,"href":"https:\/\/linkxa.es\/linkshop\/wp-json\/wp\/v2\/product_tag?post=234451"}],"curies":[{"name":"wp","href":"https:\/\/api.w.org\/{rel}","templated":true}]}}