{"id":234454,"date":"2024-11-28T01:53:05","date_gmt":"2024-11-28T01:53:05","guid":{"rendered":"https:\/\/linkxa.es\/contratacion\/producto\/altavoz-energy-sistem-bloom-menta\/"},"modified":"2025-08-02T09:20:33","modified_gmt":"2025-08-02T09:20:33","slug":"altavoz-energy-sistem-bloom-menta","status":"publish","type":"product","link":"https:\/\/linkxa.es\/linkshop\/producto\/altavoz-energy-sistem-bloom-menta\/","title":{"rendered":"Altavoz energy sistem bloom menta"},"content":{"rendered":"<h3 style=\"text-align: center;\"><strong>Energy sistem\u00a0 |\u00a0 Altavoces<\/strong><\/h3>\n<p>\u00a0<\/p>\n<p>Bloom &#8211; Altavoz Bluetooth<br \/>Playa o monta\u00f1a? El altavoz resistente al agua que sigue tu ritmo.<\/p>\n<p>Altavoz con tecnolog\u00eda inal\u00e1mbrica Bluetooth 5.3, con un dise\u00f1o colorido para llevar contigo vayas donde vayas. 18h de bater\u00eda, luces LED, tecnolog\u00eda True Wireless Stereo e IPX6, perfecto para todas tus<br \/>escapadas. Toda tu m\u00fasica en MP3 desde microSD\/audio-in<\/p>\n<p>Tu compa\u00f1ero de aventuras<br \/>El altavoz Bluetooth Bloom est\u00e1 fabricado con pl\u00e1stico reciclado certificado (GRS) y, adem\u00e1s, su packaging est\u00e1 compuesto de materiales sostenibles con certificaci\u00f3n FSC. Gracias a su resistencia al<br \/>agua IPX6 no tienes que preocuparte por los l\u00edquidos y podr\u00e1s centrarte s\u00f3lo en disfrutar.<\/p>\n<p>La banda sonora perfecta para tus fiestas<br \/>El altavoz Bluetooth Bloom est\u00e1 fabricado con pl\u00e1stico reciclado certificado (GRS) y, adem\u00e1s, su packaging est\u00e1 compuesto de materiales sostenibles con certificaci\u00f3n FSC. Gracias a su resistencia al<br \/>agua IPX6 no tienes que preocuparte por los l\u00edquidos y podr\u00e1s centrarte s\u00f3lo en disfrutar.<\/p>\n<p>Conexi\u00f3n inal\u00e1mbrica sin l\u00edmites<br \/>Altavoz con tecnolog\u00eda inal\u00e1mbrica Bluetooth versi\u00f3n 5.3, que proporciona una mayor estabilidad en la se\u00f1al. Reproduce f\u00e1cilmente tus archivos MP3 desde tarjetas microSD. Adem\u00e1s, disfruta de la<br \/>libertad total para contestar tus llamadas con la funci\u00f3n manos libres y controla tu m\u00f3vil gracias al Voice Assistant.<\/p>\n<p>Doble potencia, doble diversi\u00f3n<br \/>Altavoz port\u00e1til con 10 W de potencia. Gracias a la tecnolog\u00eda True Wireless Stereo puedes vincular dos altavoces al mismo tiempo y duplicar la potencia de sonido. \u00a1Lleva tu experiencia musical al<br \/>siguiente nivel!<\/p>\n<p>Energy Sistem Bloom. Canales de salida de audio: 1.0 canales, Tipo de altavoces: Rango completo, Di\u00e1metro del conductor: 5,2 cm. Potencia estimada RMS: 10 W, Rango de frecuencia: 80 &#8211; 18000 Hz.<br \/>Tecnolog\u00eda de conectividad: Inal\u00e1mbrico, Alcance de frecuencia: 2,402 &#8211; 2,48 GHz, Perfiles de Bluetooth: A2DP, AVRCP, HFP, SBC. Tipo de producto: Altavoz monof\u00f3nico port\u00e1til, Color del producto: Menta,<br \/>Dise\u00f1o de producto: Cilindro. Uso recomendado: Tel\u00e9fono m\u00f3vil\/Smartphone, Formatos de audio soportados: MP3, WAV, Tarjetas de memoria compatibles: MicroSD (TransFlash), SD<br \/>Altavoces<br \/>Canales de salida de audio 1.0 canales<br \/>N\u00famero de altavoces 1<br \/>Tipo de altavoces Rango completo<br \/>Di\u00e1metro del conductor 5,2 cm<br \/>Tecnolog\u00eda True Wireless Stereo (TWS) Si<br \/>Audio<br \/>Potencia estimada RMS 10 W<br \/>Rango de frecuencia 80 &#8211; 18000 Hz<br \/>Puertos e Interfaces<br \/>Tecnolog\u00eda de conectividad Inal\u00e1mbrico<br \/>Wifi No<br \/>Bluetooth Si<br \/>Versi\u00f3n de Bluetooth 5.3<br \/>Alcance de frecuencia 2,402 &#8211; 2,48 GHz<br \/>Perfiles de Bluetooth A2DP, AVRCP, HFP, SBC<br \/>alcance Bluetooth 20 m<br \/>Conector de 3,5 mm Si<br \/>Conector USB USB Tipo C<br \/>Entrada auxiliar Si<br \/>Dise\u00f1o<br \/>Tipo de producto Altavoz monof\u00f3nico port\u00e1til<br \/>Dise\u00f1o de producto Cilindro<br \/>Color del producto Menta<br \/>Material de la carcasa Pl\u00e1stico reciclado<br \/>Control de volumen Botones<br \/>Interruptor de encendido\/apagado integrado Si<br \/>Funciones de protecci\u00f3n A prueba de salpicaduras<br \/>Iluminaci\u00f3n LED Si<br \/>Iluminaci\u00f3n de color Multi<br \/>Asa de transporte Si<br \/>C\u00f3digo IP (International Protection) IPX6<br \/>Desempe\u00f1o<br \/>Uso recomendado Tel\u00e9fono m\u00f3vil\/Smartphone<br \/>Formatos de audio soportados MP3, WAV<br \/>Tarjeta de lectura integrada Si<br \/>Tarjetas de memoria compatibles MicroSD (TransFlash), SD<br \/>Tama\u00f1o m\u00e1ximo de tarjeta de memoria 128 GB<br \/>Micr\u00f3fono incorporado Si<br \/>Modo manos libres Si<br \/>Asistente virtual Google Assistant &#038; Apple Siri<br \/>Control de energ\u00eda<br \/>Tipo de bater\u00eda Bater\u00eda integrada<br \/>Tecnolog\u00eda de bater\u00eda I\u00f3n de litio<br \/>Capacidad de bater\u00eda 1800 mAh<br \/>Voltaje de la pila 3,7 V<br \/>Autonom\u00eda 18 h<br \/>Tiempo de recarga de la bater\u00eda 3 h<br \/>Sostenibilidad<br \/>Certificados de sostenibilidad Forest Stewardship Council (FSC)<br \/>Peso y dimensiones<br \/>Ancho 85 mm<br \/>Profundidad 85 mm<br \/>Altura 95 mm<br \/>Peso 331 g<br \/>Empaquetado<br \/>Tipo de embalaje Envase para colgar<br \/>Contenido del embalaje<br \/>Cantidad por paquete 1 pieza(s)<br \/>Cables incluidos USB Tipo C<br \/>Manual de usuario Si<\/p>\n<p>\u00a0<\/p>\n","protected":false},"excerpt":{"rendered":"<p>Altavoz energy sistem bloom menta<\/p>\n","protected":false},"featured_media":234455,"comment_status":"closed","ping_status":"open","template":"","meta":{"_et_pb_use_builder":"","_et_pb_old_content":"","_et_gb_content_width":""},"product_brand":[2879],"product_cat":[2822,2799,2058],"product_tag":[2824,2803,2950,2068,2880],"class_list":{"0":"post-234454","1":"product","2":"type-product","3":"status-publish","4":"has-post-thumbnail","6":"product_brand-energy-sistem","7":"product_cat-altavoces","8":"product_cat-altavoces-mp3-y-auriculares","9":"product_cat-dispositivos","10":"product_tag-altavoces","11":"product_tag-altavoces-mp3-y-auriculares","12":"product_tag-altavoz-energy-sistem-bloom-menta","13":"product_tag-dispositivos","14":"product_tag-energy-sistem","15":"product_shipping_class-2059","16":"pa_canon-digital-incluida-0-e-incluidos","18":"first","19":"instock","20":"taxable","21":"shipping-taxable","22":"purchasable","23":"product-type-simple"},"_links":{"self":[{"href":"https:\/\/linkxa.es\/linkshop\/wp-json\/wp\/v2\/product\/234454","targetHints":{"allow":["GET"]}}],"collection":[{"href":"https:\/\/linkxa.es\/linkshop\/wp-json\/wp\/v2\/product"}],"about":[{"href":"https:\/\/linkxa.es\/linkshop\/wp-json\/wp\/v2\/types\/product"}],"replies":[{"embeddable":true,"href":"https:\/\/linkxa.es\/linkshop\/wp-json\/wp\/v2\/comments?post=234454"}],"wp:featuredmedia":[{"embeddable":true,"href":"https:\/\/linkxa.es\/linkshop\/wp-json\/wp\/v2\/media\/234455"}],"wp:attachment":[{"href":"https:\/\/linkxa.es\/linkshop\/wp-json\/wp\/v2\/media?parent=234454"}],"wp:term":[{"taxonomy":"product_brand","embeddable":true,"href":"https:\/\/linkxa.es\/linkshop\/wp-json\/wp\/v2\/product_brand?post=234454"},{"taxonomy":"product_cat","embeddable":true,"href":"https:\/\/linkxa.es\/linkshop\/wp-json\/wp\/v2\/product_cat?post=234454"},{"taxonomy":"product_tag","embeddable":true,"href":"https:\/\/linkxa.es\/linkshop\/wp-json\/wp\/v2\/product_tag?post=234454"}],"curies":[{"name":"wp","href":"https:\/\/api.w.org\/{rel}","templated":true}]}}