{"id":234463,"date":"2025-06-02T07:20:30","date_gmt":"2025-06-02T07:20:30","guid":{"rendered":"https:\/\/linkxa.es\/contratacion\/producto\/auriculares-energy-sistem-serenity-anc-inalambrico\/"},"modified":"2025-08-02T09:53:25","modified_gmt":"2025-08-02T09:53:25","slug":"auriculares-energy-sistem-serenity-anc-inalambrico","status":"publish","type":"product","link":"https:\/\/linkxa.es\/linkshop\/producto\/auriculares-energy-sistem-serenity-anc-inalambrico\/","title":{"rendered":"Auriculares energy sistem serenity anc inalambrico"},"content":{"rendered":"<h3 style=\"text-align: center;\"><strong>Energy sistem\u00a0 |\u00a0 Auriculares<\/strong><\/h3>\n<p>\u00a0<\/p>\n<p>Sonido excepcional en cualquier entorno<br \/>Disfruta de una experiencia auditiva inmersiva y libre de interferencias gracias a la tecnolog\u00eda Active Noise Cancelling de los auriculares Serenity ANC con hasta -30dB de supresi\u00f3n de ruido exterior. \u00a1Sum\u00e9rgete en tu<br \/>m\u00fasica sin distracciones!<\/p>\n<p>Sonido cristalino<br \/>Auriculares True Wireless con Quad Mic para garantizar llamadas de voz n\u00edtidas y un sonido est\u00e9reo superior. Adem\u00e1s, la tecnolog\u00eda Bluetooth 5.4 asegura una conexi\u00f3n estable y sin interrupciones.<\/p>\n<p>Conectividad ininterrumpida<br \/>Auriculares Bluetooth con 25 horas de autonom\u00eda (5 horas en auricular + 20 horas en el estuche de carga) para que disfrutes de tu m\u00fasica favorita sin l\u00edmites.<\/p>\n<p>Sostenibilidad y resistencia<br \/>Los auriculares Serenity ANC est\u00e1n fabricados con pl\u00e1stico reciclado certificado GRS y cuentan con la certificaci\u00f3n IPX4 contra salpicaduras. Perfectos para un estilo de vida activo.<\/p>\n<p>Energy Sistem Serenity ANC. Tipo de producto: Auriculares. Tecnolog\u00eda de conectividad: True Wireless Stereo (TWS), Bluetooth. Uso recomendado: Llamadas\/M\u00fasica. Frecuencia de auricular: 20 &#8211; 20000 Hz. Alcance<br \/>inal\u00e1mbrico: 20 m. Peso: 40 g. Color del producto: Blanco<br \/>Desempe\u00f1o<br \/>Tipo de producto Auriculares<br \/>Estilo de uso Dentro de o\u00eddo<br \/>Uso recomendado Llamadas\/M\u00fasica<br \/>Tipo de auricular Binaural<br \/>Color del producto Blanco<br \/>Tipo de controles On-ear control unit<br \/>Tipo de control Tocar<br \/>Funciones de protecci\u00f3n A prueba de salpicaduras<br \/>C\u00f3digo IP (International Protection) IPX4<br \/>Indicadores LED Si<br \/>G\u00e9nero Ni\u00f1o\/ni\u00f1a<br \/>Conectar y usar (Plug and Play) Si<br \/>Funciona con Apple Siri Si<br \/>Puertos e Interfaces<br \/>Tecnolog\u00eda de conectividad True Wireless Stereo (TWS)<br \/>Conexi\u00f3n USB Si<br \/>Conector USB USB Tipo C<br \/>Bluetooth Si<br \/>Versi\u00f3n de Bluetooth 5.4<br \/>Frecuencia de banda 2.4 GHz<br \/>Alcance inal\u00e1mbrico 20 m<br \/>Auriculares<br \/>Auriculares de tipo Intraural Auriculares<br \/>Frecuencia de auricular 20 &#8211; 20000 Hz<br \/>Obstrucci\u00f3n 32<br \/>Tipo de controlador Din\u00e1mico<br \/>Reducci\u00f3n de ruido Si<br \/>THD, distorci\u00f3n arm\u00f3nica total 1%<br \/>Micr\u00f3fono<br \/>Tipo de micr\u00f3fono Integrado<br \/>Frecuencia de micr\u00f3fono 100 &#8211; 10000 Hz<br \/>Sensibilidad de micr\u00f3fono -38 dB<br \/>Bater\u00eda<br \/>Bater\u00eda Si<br \/>Tipo de bater\u00eda Bater\u00eda integrada<br \/>Tecnolog\u00eda de bater\u00eda Pol\u00edmero de litio<br \/>Tensi\u00f3n de entrada (estuche de carga) 3,7 V<br \/>Tiempo continuo de reproducci\u00f3n de audio 5 h<br \/>Autonom\u00eda en reproducci\u00f3n continua de audio (ANC on) 5 h<br \/>Tiempo de recarga de la bater\u00eda 1 h<br \/>Peso y dimensiones<br \/>Ancho 64 mm<br \/>Profundidad 25 mm<br \/>Altura 50 mm<br \/>Peso 40 g<br \/>Empaquetado<br \/>Tipo de embalaje Envase para colgar<br \/>Contenido del embalaje<br \/>Tipo de conector del estuche de carga USB Tipo C<br \/>Cables incluidos USB Tipo C<br \/>Cantidad 1<\/p>\n<p>\u00a0<\/p>\n","protected":false},"excerpt":{"rendered":"<p>Auriculares energy sistem serenity anc inalambrico blanco<\/p>\n","protected":false},"featured_media":234850,"comment_status":"closed","ping_status":"open","template":"","meta":{"_et_pb_use_builder":"","_et_pb_old_content":"","_et_gb_content_width":""},"product_brand":[2879],"product_cat":[2799,2800,2058],"product_tag":[2803,2804,2952,2068,2880],"class_list":{"0":"post-234463","1":"product","2":"type-product","3":"status-publish","4":"has-post-thumbnail","6":"product_brand-energy-sistem","7":"product_cat-altavoces-mp3-y-auriculares","8":"product_cat-auriculares","9":"product_cat-dispositivos","10":"product_tag-altavoces-mp3-y-auriculares","11":"product_tag-auriculares","12":"product_tag-auriculares-energy-sistem-serenity-anc-inalambrico","13":"product_tag-dispositivos","14":"product_tag-energy-sistem","15":"product_shipping_class-2059","16":"pa_canon-digital-incluida-0-e-incluidos","18":"first","19":"instock","20":"taxable","21":"shipping-taxable","22":"purchasable","23":"product-type-simple"},"_links":{"self":[{"href":"https:\/\/linkxa.es\/linkshop\/wp-json\/wp\/v2\/product\/234463","targetHints":{"allow":["GET"]}}],"collection":[{"href":"https:\/\/linkxa.es\/linkshop\/wp-json\/wp\/v2\/product"}],"about":[{"href":"https:\/\/linkxa.es\/linkshop\/wp-json\/wp\/v2\/types\/product"}],"replies":[{"embeddable":true,"href":"https:\/\/linkxa.es\/linkshop\/wp-json\/wp\/v2\/comments?post=234463"}],"wp:featuredmedia":[{"embeddable":true,"href":"https:\/\/linkxa.es\/linkshop\/wp-json\/wp\/v2\/media\/234850"}],"wp:attachment":[{"href":"https:\/\/linkxa.es\/linkshop\/wp-json\/wp\/v2\/media?parent=234463"}],"wp:term":[{"taxonomy":"product_brand","embeddable":true,"href":"https:\/\/linkxa.es\/linkshop\/wp-json\/wp\/v2\/product_brand?post=234463"},{"taxonomy":"product_cat","embeddable":true,"href":"https:\/\/linkxa.es\/linkshop\/wp-json\/wp\/v2\/product_cat?post=234463"},{"taxonomy":"product_tag","embeddable":true,"href":"https:\/\/linkxa.es\/linkshop\/wp-json\/wp\/v2\/product_tag?post=234463"}],"curies":[{"name":"wp","href":"https:\/\/api.w.org\/{rel}","templated":true}]}}