{"id":234483,"date":"2025-01-16T11:21:44","date_gmt":"2025-01-16T11:21:44","guid":{"rendered":"https:\/\/linkxa.es\/contratacion\/producto\/altavoz-muvit-life-gallina-amarilla\/"},"modified":"2025-08-02T09:23:39","modified_gmt":"2025-08-02T09:23:39","slug":"altavoz-muvit-life-gallina-amarilla","status":"publish","type":"product","link":"https:\/\/linkxa.es\/linkshop\/producto\/altavoz-muvit-life-gallina-amarilla\/","title":{"rendered":"Altavoz muvit life gallina amarilla"},"content":{"rendered":"<h3 style=\"text-align: center;\"><strong>Muvit\u00a0 |\u00a0 Altavoces<\/strong><\/h3>\n<p>\u00a0<\/p>\n<p>Altavoz Wireless Aniball de\u00a0muvit Life, con dise\u00f1o de gallina y en color amarillo.<\/p>\n<p>Con el muvit life altavoz Wireless tus compa\u00f1eros musicales te seguir\u00e1n donde vayas. Este divertido altavoz es adorable a la vez que pr\u00e1ctico. Con el cable de carga y control incorporado, podr\u00e1s llev\u00e1rtelo<br \/>donde quieras por su tama\u00f1o y funcionalidad. 4 diferentes dise\u00f1os con divertidas formas y un sonido de calidad. Podr\u00e1s emparejar dos diferentes a la vez y distribuirlos por el espacio en el que te<br \/>encuentres.<br \/>Caracter\u00edsticas<\/p>\n<p>Potencia: 3W<br \/>Autonom\u00eda: aprox. 3 hr (300 mAh)<br \/>Rango: 10 m.<br \/>Micr\u00f3fono y controles integrados.<br \/>Recarga por USB (cable integrado).<br \/>Tiempo de carga: 1 hora<br \/>Conectividad: Bluetooth 4.2<br \/>Sensibilidad: &#038;gt, 80 dB<br \/>Sintonizaci\u00f3n de frecuencia: 100 Hz &#8211; 18 kHz<\/p>\n<p>\u00a0<\/p>\n","protected":false},"excerpt":{"rendered":"<p>Altavoz muvit life gallina amarilla<\/p>\n","protected":false},"featured_media":234484,"comment_status":"closed","ping_status":"open","template":"","meta":{"_et_pb_use_builder":"","_et_pb_old_content":"","_et_gb_content_width":""},"product_brand":[2503],"product_cat":[2822,2799,2058],"product_tag":[2824,2803,2954,2068,2504],"class_list":{"0":"post-234483","1":"product","2":"type-product","3":"status-publish","4":"has-post-thumbnail","6":"product_brand-muvit","7":"product_cat-altavoces","8":"product_cat-altavoces-mp3-y-auriculares","9":"product_cat-dispositivos","10":"product_tag-altavoces","11":"product_tag-altavoces-mp3-y-auriculares","12":"product_tag-altavoz-muvit-life-gallina-amarilla","13":"product_tag-dispositivos","14":"product_tag-muvit","15":"product_shipping_class-2059","16":"pa_canon-digital-incluida-0-e-incluidos","18":"first","19":"instock","20":"taxable","21":"shipping-taxable","22":"purchasable","23":"product-type-simple"},"_links":{"self":[{"href":"https:\/\/linkxa.es\/linkshop\/wp-json\/wp\/v2\/product\/234483","targetHints":{"allow":["GET"]}}],"collection":[{"href":"https:\/\/linkxa.es\/linkshop\/wp-json\/wp\/v2\/product"}],"about":[{"href":"https:\/\/linkxa.es\/linkshop\/wp-json\/wp\/v2\/types\/product"}],"replies":[{"embeddable":true,"href":"https:\/\/linkxa.es\/linkshop\/wp-json\/wp\/v2\/comments?post=234483"}],"wp:featuredmedia":[{"embeddable":true,"href":"https:\/\/linkxa.es\/linkshop\/wp-json\/wp\/v2\/media\/234484"}],"wp:attachment":[{"href":"https:\/\/linkxa.es\/linkshop\/wp-json\/wp\/v2\/media?parent=234483"}],"wp:term":[{"taxonomy":"product_brand","embeddable":true,"href":"https:\/\/linkxa.es\/linkshop\/wp-json\/wp\/v2\/product_brand?post=234483"},{"taxonomy":"product_cat","embeddable":true,"href":"https:\/\/linkxa.es\/linkshop\/wp-json\/wp\/v2\/product_cat?post=234483"},{"taxonomy":"product_tag","embeddable":true,"href":"https:\/\/linkxa.es\/linkshop\/wp-json\/wp\/v2\/product_tag?post=234483"}],"curies":[{"name":"wp","href":"https:\/\/api.w.org\/{rel}","templated":true}]}}