{"id":234491,"date":"2025-06-23T11:31:33","date_gmt":"2025-06-23T11:31:33","guid":{"rendered":"https:\/\/linkxa.es\/contratacion\/producto\/auriculares-epos-sennheiser-pc-2-chat\/"},"modified":"2025-08-02T09:24:32","modified_gmt":"2025-08-02T09:24:32","slug":"auriculares-epos-sennheiser-pc-2-chat","status":"publish","type":"product","link":"https:\/\/linkxa.es\/linkshop\/producto\/auriculares-epos-sennheiser-pc-2-chat\/","title":{"rendered":"Auriculares epos sennheiser pc 2 chat"},"content":{"rendered":"<h3 style=\"text-align: center;\"><strong>Epos sennheiser\u00a0 |\u00a0 Auriculares<\/strong><\/h3>\n<p>\u00a0<\/p>\n<p>S\u00f3lo con\u00e9ctalo a tu computadora y empieza a chatear. El econ\u00f3mico manos libres PC 2 CHAT es un vers\u00e1til juego de aud\u00edfono y micr\u00f3fono para disfrutarlo en familia. Esto se debe a que su pr\u00e1ctico estilo de un solo lado te mantiene en<br \/>contacto con el ambiente que te rodea.<br \/>El PC 2 CHAT no s\u00f3lo te da el excelente sonido Sennheiser, sino que tambi\u00e9n cuenta con un micr\u00f3fono de alta calidad con cancelaci\u00f3n activa de ruido y un dise\u00f1o c\u00f3modo y ligero que te permitir\u00e1n conversar por horas.<\/p>\n<p>&#8211; M\u00e1s valor por tu dinero: excelente duraci\u00f3n y calidad de sonido a un precio econ\u00f3mico.<br \/>&#8211; Cancelaci\u00f3n activa de ruido: gracias a su micr\u00f3fono con sistema de cancelaci\u00f3n activa de ruido, tu voz se escuchar\u00e1 con claridad sin que tengas que gritar.<br \/>&#8211; Mant\u00e9n libre un o\u00eddo: ideal para familias, su dise\u00f1o de un solo lado te mantiene en contacto con tu entorno mientras est\u00e1s hablando por la red.<br \/>&#8211; Ligero y confortable: gracias a su ligera diadema, olvidar\u00e1s incluso que lo est\u00e1s usando.<br \/>&#8211; F\u00e1cil de usar: su sencillo sistema plug-and-play te permitir\u00e1 conectarlo f\u00e1cilmente a tu computadora port\u00e1til o de escritorio.<br \/>&#8211; Mayor tranquilidad, gracias a sus 2 a\u00f1os de garant\u00eda en todo el mundo.<\/p>\n<p>General<br \/>Marca: EPOS SENNHEISER<br \/>Garant\u00eda: 2<br \/>Part Number: 504194<br \/>Categor\u00edas: SONIDO PC<br \/>Reacondicionado: No<br \/>Reposici\u00f3n &#8211; Etiqueta: No<br \/>Peso Volumetrico 0.42 Kg.<br \/>Detalles t\u00e9cnicos<br \/>Tipo de auricular: monoaural<br \/>Array: PC\/Juegos<br \/>Conectividad<br \/>Conectividad del dispositivo: Al\u00e1mbrico<br \/>Tipo conexi\u00f3n: 3.5 mm<br \/>Longitud: 2m<br \/>Peso y dimensiones<br \/>Peso.: 55g<br \/>Empaquetado<br \/>Dimensiones del embalaje (alto x alto x peso): 212 x 64.5 x 244 mm<br \/>Auriculares<br \/>Tipolog\u00eda Auriculares: Diadema, Micr\u00f3fono Incluido<br \/>Estilo de uso: Diadema<br \/>Frecuencia de auricular: 42 &#8211; 17000 Hz<br \/>Sensibilidad de auricular: 95 dB<br \/>Impedancia: 32<br \/>Color<br \/>Color: Negro<br \/>Micr\u00f3fono<br \/>Efecto de cancelaci\u00f3n de ruido: Si<br \/>Frecuencia de micr\u00f3fono: 90 &#8211; 15000 Hz<br \/>Sensibilidad de micr\u00f3fono: -40 dB<\/p>\n<p>\u00a0<\/p>\n","protected":false},"excerpt":{"rendered":"<p>Auriculares epos sennheiser pc 2 chat microfono jack 3.5mm negro<\/p>\n","protected":false},"featured_media":234492,"comment_status":"closed","ping_status":"open","template":"","meta":{"_et_pb_use_builder":"","_et_pb_old_content":"","_et_gb_content_width":""},"product_brand":[2884],"product_cat":[2799,2800,2058],"product_tag":[2803,2804,2956,2068,2885],"class_list":{"0":"post-234491","1":"product","2":"type-product","3":"status-publish","4":"has-post-thumbnail","6":"product_brand-epos-sennheiser","7":"product_cat-altavoces-mp3-y-auriculares","8":"product_cat-auriculares","9":"product_cat-dispositivos","10":"product_tag-altavoces-mp3-y-auriculares","11":"product_tag-auriculares","12":"product_tag-auriculares-epos-sennheiser-pc-2-chat","13":"product_tag-dispositivos","14":"product_tag-epos-sennheiser","15":"product_shipping_class-2059","16":"pa_canon-digital-incluida-0-e-incluidos","18":"first","19":"instock","20":"taxable","21":"shipping-taxable","22":"purchasable","23":"product-type-simple"},"_links":{"self":[{"href":"https:\/\/linkxa.es\/linkshop\/wp-json\/wp\/v2\/product\/234491","targetHints":{"allow":["GET"]}}],"collection":[{"href":"https:\/\/linkxa.es\/linkshop\/wp-json\/wp\/v2\/product"}],"about":[{"href":"https:\/\/linkxa.es\/linkshop\/wp-json\/wp\/v2\/types\/product"}],"replies":[{"embeddable":true,"href":"https:\/\/linkxa.es\/linkshop\/wp-json\/wp\/v2\/comments?post=234491"}],"wp:featuredmedia":[{"embeddable":true,"href":"https:\/\/linkxa.es\/linkshop\/wp-json\/wp\/v2\/media\/234492"}],"wp:attachment":[{"href":"https:\/\/linkxa.es\/linkshop\/wp-json\/wp\/v2\/media?parent=234491"}],"wp:term":[{"taxonomy":"product_brand","embeddable":true,"href":"https:\/\/linkxa.es\/linkshop\/wp-json\/wp\/v2\/product_brand?post=234491"},{"taxonomy":"product_cat","embeddable":true,"href":"https:\/\/linkxa.es\/linkshop\/wp-json\/wp\/v2\/product_cat?post=234491"},{"taxonomy":"product_tag","embeddable":true,"href":"https:\/\/linkxa.es\/linkshop\/wp-json\/wp\/v2\/product_tag?post=234491"}],"curies":[{"name":"wp","href":"https:\/\/api.w.org\/{rel}","templated":true}]}}