{"id":234495,"date":"2025-04-17T12:39:07","date_gmt":"2025-04-17T12:39:07","guid":{"rendered":"https:\/\/linkxa.es\/contratacion\/producto\/auriculares-bluetooth-energy-sistem-power-radio\/"},"modified":"2025-08-02T09:24:57","modified_gmt":"2025-08-02T09:24:57","slug":"auriculares-bluetooth-energy-sistem-power-radio","status":"publish","type":"product","link":"https:\/\/linkxa.es\/linkshop\/producto\/auriculares-bluetooth-energy-sistem-power-radio\/","title":{"rendered":"Auriculares bluetooth energy sistem power radio"},"content":{"rendered":"<h3 style=\"text-align: center;\"><strong>Energy sistem\u00a0 |\u00a0 Auriculares<\/strong><\/h3>\n<p>\u00a0<\/p>\n<p>Auriculares Bluetooth con radio FM integrada y reproductor MP3 Micro SD para disfrutar de tus emisoras y canciones sin necesidad de tu smartphone. Almohadillas viscoel\u00e1sticas, cuero proteico y 45<br \/>horas de autonom\u00eda.<br \/>Experimenta el sonido con Deep Bass<\/p>\n<p>Auriculares de diadema con tecnolog\u00eda inal\u00e1mbrica Bluetooth 5.1 para disfrutar de tu m\u00fasica sin cables, en cualquier momento y lugar. Los graves profundos y contundentes del Deep Bass te ofrecen<br \/>una experiencia de sonido que te har\u00e1 vibrar con cada canci\u00f3n.<br \/>45 horas de m\u00fasica<\/p>\n<p>Tu ritmo no para, tu m\u00fasica tampoco. La bater\u00eda de pol\u00edmero de litio te ofrece hasta 45 horas de autonom\u00eda, para que escuches tus temas preferidos y respondas tus llamadas sin preocupaciones. Con el<br \/>asistente de voz estar\u00e1s conectado a las funciones de tu smartphone en todo momento.<br \/>Auriculares Bluetooth con radio<\/p>\n<p>Sintoniza tus emisoras favoritas gracias a la radio FM incorporada en los auriculares. Disfruta adem\u00e1s de una gran calidad en la recepci\u00f3n, sin cables y con total libertad. Reproduce tu m\u00fasica tambi\u00e9n a<br \/>trav\u00e9s de tarjetas Micro SD de hasta 128 GB.<br \/>Conecta con tu m\u00fasica<\/p>\n<p>Almohadillas de cuero proteico y espuma visco el\u00e1stica, con rotaci\u00f3n de 90 grados. M\u00e1ximo confort y aislamiento para conectar con tu m\u00fasica. Guarda tus auriculares con Bluetooth c\u00f3modamente gracias<br \/>a su dise\u00f1o con sistema de plegado, y ll\u00e9valos contigo all\u00e1 donde vayas.<br \/>Caracter\u00edsticas<\/p>\n<p>Bluetooth 5.1 para reproducir tu m\u00fasica de manera inal\u00e1mbrica.<br \/>Disfruta de la radio con la mejor recepci\u00f3n donde y cuando quieras.<br \/>Toda tu m\u00fasica sin ataduras. Escucha tu m\u00fasica a trav\u00e9s de tarjetas Micro SD de hasta 128 GB.<br \/>Almohadillas circumaurales de cuero proteico y espuma viscoel\u00e1stica para una comodidad inigualable y un aislamiento exterior m\u00e1ximo.<br \/>Bater\u00eda de pol\u00edmero de litio con 45 horas de autonom\u00eda.<br \/>Versatilidad de transporte: sistema de plegado, almohadillas con rotaci\u00f3n de 90 grados.<br \/>Graves profundos y contundentes que te har\u00e1n vibrar con cada canci\u00f3n gracias a Deep Bass.<br \/>Asistente de voz para mantenerte conectado a las funciones de tu smartphone.<\/p>\n<p>Especificaciones Energy Sistem Power Radio<\/p>\n<p>Audio<br \/>Di\u00e1metro del driver: 40 mm<br \/>Tipo: Din\u00e1mico<br \/>Respuesta en frecuencia: 20 Hz ~ 20 kHz<br \/>Tipo: Circumaural<br \/>Conectividad<br \/>Asistente de voz (Google, Siri): S\u00ed<br \/>Bluetooth &#8211; Versi\u00f3n: 5.1<br \/>Bluetooth &#8211; Clase: 2<br \/>Bluetooth &#8211; Frecuencia de trabajo: 2.4 GHz<br \/>Bluetooth &#8211; Perfiles: A2DP \/ AVRCP \/ HFP \/ HSP<br \/>Bluetooth &#8211; Alcance: 20 m<br \/>Bluetooth &#8211; Codecs de audio soportados: SBC<br \/>Bluetooth &#8211; Potencia m\u00e1xima de la se\u00f1al: &#038;lt, 20,00 dBm<br \/>Bater\u00eda<br \/>Tipo: LiPo<br \/>Capacidad: 1200 mAh<br \/>Voltaje: 3.7 V<br \/>Autonom\u00eda &#8211; Uso normal: 45 h<br \/>Tiempo de carga: 4 h<br \/>Micr\u00f3fono<br \/>Manos libres: S\u00ed<br \/>Tipo de micr\u00f3fono: Integrado<br \/>Sensibilidad del micr\u00f3fono: -38 dB 3 dB (@1 kHz)<br \/>Rango de frecuencia: 100 Hz ~ 10 kHz<br \/>Alimentaci\u00f3n<br \/>Conectores: Jack de 3&#8217;5 mm \/ USB tipo C<br \/>Longitud del cable: 120 cm<br \/>Compatibilidad<br \/>Compatibilidad: Mac \/ PC Windows \/ Smartphone \/ Tablet \/ TV<br \/>Radio FM<br \/>Radio FM: S\u00ed<br \/>Radio FM &#8211; Auto b\u00fasqueda: S\u00ed<br \/>Radio FM &#8211; Rango de frecuencia: 87,5 ~ 108 MHz<br \/>Reproductor de memorias externas<br \/>Reproductor de memorias externas: S\u00ed<br \/>Paso de carpeta: S\u00ed<br \/>Sistema de archivos compatibles: exFAT \/ FAT \/ FAT32<br \/>Modo aleatorio: S\u00ed<br \/>Ext. Mem &#8211; compatible: micro SD<br \/>Ext. Mem &#8211; Capacidad: 128 GB<br \/>Navegaci\u00f3n por carpeta: S\u00ed<br \/>Formatos audio compatibles: MP3 \/ WAV<br \/>Otras caracter\u00edsticas<br \/>Control de reproducci\u00f3n: S\u00ed<br \/>Control de volumen: S\u00ed<br \/>Tipo de diadema: Ajustable<br \/>Dimensiones y peso<br \/>Alto: 171 mm<br \/>Ancho: 182 mm<br \/>Profundo: 85 mm<br \/>Peso: 176 g<br \/>Contenido del paquete<br \/>Auriculares<br \/>Cable USB tipo C<br \/>Cable de audio mini jack de 3.5 mm<br \/>Gu\u00eda r\u00e1pida<\/p>\n<p>\u00a0<\/p>\n","protected":false},"excerpt":{"rendered":"<p>Auriculares bluetooth energy sistem power radio negros &#8211; microfono &#8211; radio fm<\/p>\n","protected":false},"featured_media":234496,"comment_status":"closed","ping_status":"open","template":"","meta":{"_et_pb_use_builder":"","_et_pb_old_content":"","_et_gb_content_width":""},"product_brand":[2879],"product_cat":[2799,2800,2058],"product_tag":[2803,2804,2957,2068,2880],"class_list":{"0":"post-234495","1":"product","2":"type-product","3":"status-publish","4":"has-post-thumbnail","6":"product_brand-energy-sistem","7":"product_cat-altavoces-mp3-y-auriculares","8":"product_cat-auriculares","9":"product_cat-dispositivos","10":"product_tag-altavoces-mp3-y-auriculares","11":"product_tag-auriculares","12":"product_tag-auriculares-bluetooth-energy-sistem-power-radio","13":"product_tag-dispositivos","14":"product_tag-energy-sistem","15":"product_shipping_class-2059","16":"pa_canon-digital-incluida-0-e-incluidos","18":"first","19":"instock","20":"taxable","21":"shipping-taxable","22":"purchasable","23":"product-type-simple"},"_links":{"self":[{"href":"https:\/\/linkxa.es\/linkshop\/wp-json\/wp\/v2\/product\/234495","targetHints":{"allow":["GET"]}}],"collection":[{"href":"https:\/\/linkxa.es\/linkshop\/wp-json\/wp\/v2\/product"}],"about":[{"href":"https:\/\/linkxa.es\/linkshop\/wp-json\/wp\/v2\/types\/product"}],"replies":[{"embeddable":true,"href":"https:\/\/linkxa.es\/linkshop\/wp-json\/wp\/v2\/comments?post=234495"}],"wp:featuredmedia":[{"embeddable":true,"href":"https:\/\/linkxa.es\/linkshop\/wp-json\/wp\/v2\/media\/234496"}],"wp:attachment":[{"href":"https:\/\/linkxa.es\/linkshop\/wp-json\/wp\/v2\/media?parent=234495"}],"wp:term":[{"taxonomy":"product_brand","embeddable":true,"href":"https:\/\/linkxa.es\/linkshop\/wp-json\/wp\/v2\/product_brand?post=234495"},{"taxonomy":"product_cat","embeddable":true,"href":"https:\/\/linkxa.es\/linkshop\/wp-json\/wp\/v2\/product_cat?post=234495"},{"taxonomy":"product_tag","embeddable":true,"href":"https:\/\/linkxa.es\/linkshop\/wp-json\/wp\/v2\/product_tag?post=234495"}],"curies":[{"name":"wp","href":"https:\/\/api.w.org\/{rel}","templated":true}]}}