{"id":234500,"date":"2025-05-07T07:50:37","date_gmt":"2025-05-07T07:50:37","guid":{"rendered":"https:\/\/linkxa.es\/contratacion\/producto\/auriculares-motorola-verveloop-500-bluetooth-negro\/"},"modified":"2025-08-02T09:25:21","modified_gmt":"2025-08-02T09:25:21","slug":"auriculares-motorola-verveloop-500-bluetooth-negro","status":"publish","type":"product","link":"https:\/\/linkxa.es\/linkshop\/producto\/auriculares-motorola-verveloop-500-bluetooth-negro\/","title":{"rendered":"Auriculares motorola verveloop 500 bluetooth negro"},"content":{"rendered":"<h3 style=\"text-align: center;\"><strong>Motorola\u00a0 |\u00a0 Auriculares<\/strong><\/h3>\n<p>\u00a0<\/p>\n<p>Rango de edad (descripci\u00f3n) Adulto<br \/>Material Pl\u00e1stico<br \/>Usos espec\u00edficos del producto Deporte<br \/>Usos recomendados para el producto Ejercicio, correr, ciclismo, uso diario, comunicaci\u00f3n<br \/>Tipo de control Control de voz<br \/>Peso del producto 26 Gramos<br \/>Nivel de resistencia al agua Resistente al agua<br \/>Rango de frecuencias 20 Hz &#8211; 20.000 Hz<br \/>Fabricante Motorola<br \/>Modelo SH021<br \/>A\u00f1o del modelo 2020<br \/>Dimensiones del producto 2,45 x 2,85 x 6,8 cm, 26 g<br \/>Pilas 2 Litio Ion necesaria(s), incluida(s)<br \/>N\u00famero de modelo del producto SH021<br \/>N\u00famero de producto SH021<br \/>Otras caracter\u00edsticas inal\u00e1mbrico, reducci\u00f3n_de_ruido, con_micr\u00f3fono<br \/>N\u00famero de productos 1<br \/>Tecnolog\u00eda de pantalla No aplica<br \/>Tipo de pantalla No aplica<br \/>Caracter\u00edsticas de audio SBC<br \/>Pilas \/ bater\u00edas incluidas S\u00ed<br \/>Pilas \/ bater\u00edas necesarias S\u00ed<br \/>Composici\u00f3n de la pila de la bater\u00eda Litio Ion<br \/>Tipo de material Pl\u00e1stico<br \/>Factor de forma VerveLoop muy ligero con fijaciones de seguridad<br \/>Incluye bater\u00eda recargable S\u00ed<br \/>Peso del producto 26 g<br \/>Actualizaciones de software garantizadas hasta desconocido<\/p>\n<p>\u00a0<\/p>\n","protected":false},"excerpt":{"rendered":"<p>Auriculares motorola verveloop 500 bluetooth negro<\/p>\n","protected":false},"featured_media":234501,"comment_status":"closed","ping_status":"open","template":"","meta":{"_et_pb_use_builder":"","_et_pb_old_content":"","_et_gb_content_width":""},"product_brand":[2081],"product_cat":[2799,2800,2058],"product_tag":[2803,2804,2958,2068,2082],"class_list":{"0":"post-234500","1":"product","2":"type-product","3":"status-publish","4":"has-post-thumbnail","6":"product_brand-motorola","7":"product_cat-altavoces-mp3-y-auriculares","8":"product_cat-auriculares","9":"product_cat-dispositivos","10":"product_tag-altavoces-mp3-y-auriculares","11":"product_tag-auriculares","12":"product_tag-auriculares-motorola-verveloop-500-bluetooth-negro","13":"product_tag-dispositivos","14":"product_tag-motorola","15":"product_shipping_class-2088","16":"pa_canon-digital-incluida-0-e-incluidos","18":"first","19":"instock","20":"taxable","21":"shipping-taxable","22":"purchasable","23":"product-type-simple"},"_links":{"self":[{"href":"https:\/\/linkxa.es\/linkshop\/wp-json\/wp\/v2\/product\/234500","targetHints":{"allow":["GET"]}}],"collection":[{"href":"https:\/\/linkxa.es\/linkshop\/wp-json\/wp\/v2\/product"}],"about":[{"href":"https:\/\/linkxa.es\/linkshop\/wp-json\/wp\/v2\/types\/product"}],"replies":[{"embeddable":true,"href":"https:\/\/linkxa.es\/linkshop\/wp-json\/wp\/v2\/comments?post=234500"}],"wp:featuredmedia":[{"embeddable":true,"href":"https:\/\/linkxa.es\/linkshop\/wp-json\/wp\/v2\/media\/234501"}],"wp:attachment":[{"href":"https:\/\/linkxa.es\/linkshop\/wp-json\/wp\/v2\/media?parent=234500"}],"wp:term":[{"taxonomy":"product_brand","embeddable":true,"href":"https:\/\/linkxa.es\/linkshop\/wp-json\/wp\/v2\/product_brand?post=234500"},{"taxonomy":"product_cat","embeddable":true,"href":"https:\/\/linkxa.es\/linkshop\/wp-json\/wp\/v2\/product_cat?post=234500"},{"taxonomy":"product_tag","embeddable":true,"href":"https:\/\/linkxa.es\/linkshop\/wp-json\/wp\/v2\/product_tag?post=234500"}],"curies":[{"name":"wp","href":"https:\/\/api.w.org\/{rel}","templated":true}]}}