{"id":234504,"date":"2025-06-09T01:45:12","date_gmt":"2025-06-09T01:45:12","guid":{"rendered":"https:\/\/linkxa.es\/contratacion\/producto\/auriculares-energy-sistem-easypods-jack-3-5mm\/"},"modified":"2025-08-02T09:26:21","modified_gmt":"2025-08-02T09:26:21","slug":"auriculares-energy-sistem-easypods-jack-3-5mm","status":"publish","type":"product","link":"https:\/\/linkxa.es\/linkshop\/producto\/auriculares-energy-sistem-easypods-jack-3-5mm\/","title":{"rendered":"Auriculares energy sistem easypods jack 3.5mm"},"content":{"rendered":"<h3 style=\"text-align: center;\"><strong>Energy sistem\u00a0 |\u00a0 Auriculares<\/strong><\/h3>\n<p>\u00a0<\/p>\n<p>Auriculares con cable de tipo bot\u00f3n con micr\u00f3fono integrado, compatibles con Voice Assistant y controlador de reproducci\u00f3n para un acceso instant\u00e1neo a toda tu m\u00fasica. Dise\u00f1o ergon\u00f3mico, ligeros y c\u00f3modos \u00a1perfectos<br \/>para un uso prolongado!<\/p>\n<p>Energy Sistem EasyPods. Tipo de producto: Auriculares. Tecnolog\u00eda de conectividad: Al\u00e1mbrico. Uso recomendado: M\u00fasica\/uso diario. Frecuencia de auricular: 20 &#8211; 20000 Hz. Longitud de cable: 1,2 m. Peso: 10 g. Color del<br \/>producto: Color menta<br \/>Desempe\u00f1o<br \/>Tipo de producto Auriculares<br \/>Estilo de uso Dentro de o\u00eddo<br \/>Uso recomendado M\u00fasica\/uso diario<br \/>Tipo de auricular Binaural<br \/>Color del producto Color menta<br \/>Teclas de funcionamiento Voice assistant<br \/>Longitud de cable 1,2 m<br \/>Color del cable Azul<br \/>G\u00e9nero Ni\u00f1o\/ni\u00f1a<br \/>Conectar y usar (Plug and Play) Si<br \/>Puertos e Interfaces<br \/>Tecnolog\u00eda de conectividad Al\u00e1mbrico<br \/>Conector de 3,5 mm Si<br \/>Auriculares<br \/>Potencia m\u00e1xima de entrada 5 mW<br \/>Auriculares de tipo Intraural Auriculares<br \/>Frecuencia de auricular 20 &#8211; 20000 Hz<br \/>Obstrucci\u00f3n 32<br \/>Tipo de controlador Din\u00e1mico<br \/>Micr\u00f3fono<br \/>Tipo de micr\u00f3fono Integrado<br \/>Frecuencia de micr\u00f3fono 100 &#8211; 10000 Hz<br \/>Sensibilidad de micr\u00f3fono -42 dB<br \/>Peso y dimensiones<br \/>Ancho 16 mm<br \/>Profundidad 14 mm<br \/>Altura 20 mm<br \/>Peso 10 g<br \/>Empaquetado<br \/>Tipo de embalaje Envase para colgar<br \/>Contenido del embalaje<br \/>Cantidad 1<\/p>\n<p>\u00a0<\/p>\n","protected":false},"excerpt":{"rendered":"<p>Auriculares energy sistem easypods jack 3.5mm menta<\/p>\n","protected":false},"featured_media":234505,"comment_status":"closed","ping_status":"open","template":"","meta":{"_et_pb_use_builder":"","_et_pb_old_content":"","_et_gb_content_width":""},"product_brand":[2879],"product_cat":[2799,2800,2058],"product_tag":[2803,2804,2960,2068,2880],"class_list":{"0":"post-234504","1":"product","2":"type-product","3":"status-publish","4":"has-post-thumbnail","6":"product_brand-energy-sistem","7":"product_cat-altavoces-mp3-y-auriculares","8":"product_cat-auriculares","9":"product_cat-dispositivos","10":"product_tag-altavoces-mp3-y-auriculares","11":"product_tag-auriculares","12":"product_tag-auriculares-energy-sistem-easypods-jack-3-5mm","13":"product_tag-dispositivos","14":"product_tag-energy-sistem","15":"product_shipping_class-2059","16":"pa_canon-digital-incluida-0-e-incluidos","18":"first","19":"instock","20":"taxable","21":"shipping-taxable","22":"purchasable","23":"product-type-simple"},"_links":{"self":[{"href":"https:\/\/linkxa.es\/linkshop\/wp-json\/wp\/v2\/product\/234504","targetHints":{"allow":["GET"]}}],"collection":[{"href":"https:\/\/linkxa.es\/linkshop\/wp-json\/wp\/v2\/product"}],"about":[{"href":"https:\/\/linkxa.es\/linkshop\/wp-json\/wp\/v2\/types\/product"}],"replies":[{"embeddable":true,"href":"https:\/\/linkxa.es\/linkshop\/wp-json\/wp\/v2\/comments?post=234504"}],"wp:featuredmedia":[{"embeddable":true,"href":"https:\/\/linkxa.es\/linkshop\/wp-json\/wp\/v2\/media\/234505"}],"wp:attachment":[{"href":"https:\/\/linkxa.es\/linkshop\/wp-json\/wp\/v2\/media?parent=234504"}],"wp:term":[{"taxonomy":"product_brand","embeddable":true,"href":"https:\/\/linkxa.es\/linkshop\/wp-json\/wp\/v2\/product_brand?post=234504"},{"taxonomy":"product_cat","embeddable":true,"href":"https:\/\/linkxa.es\/linkshop\/wp-json\/wp\/v2\/product_cat?post=234504"},{"taxonomy":"product_tag","embeddable":true,"href":"https:\/\/linkxa.es\/linkshop\/wp-json\/wp\/v2\/product_tag?post=234504"}],"curies":[{"name":"wp","href":"https:\/\/api.w.org\/{rel}","templated":true}]}}