{"id":234523,"date":"2025-06-15T22:48:44","date_gmt":"2025-06-15T22:48:44","guid":{"rendered":"https:\/\/linkxa.es\/contratacion\/producto\/altavoz-bluetooth-forever-bumpair-bs-700-red\/"},"modified":"2025-08-02T09:27:58","modified_gmt":"2025-08-02T09:27:58","slug":"altavoz-bluetooth-forever-bumpair-bs-700-red","status":"publish","type":"product","link":"https:\/\/linkxa.es\/linkshop\/producto\/altavoz-bluetooth-forever-bumpair-bs-700-red\/","title":{"rendered":"Altavoz bluetooth forever bumpair bs &#8211; 700 red"},"content":{"rendered":"<h3 style=\"text-align: center;\"><strong>Forever\u00a0 |\u00a0 Altavoces<\/strong><\/h3>\n<p>\u00a0<\/p>\n<p>\u00a1Gran poder, encerrado en un peque\u00f1o dispositivo!<\/p>\n<p>Forever BumpAir Bluetooth 5.0 premium y tecnologia TWS genera un excelente sonido est\u00e9reo.<\/p>\n<p>La estructura impermeable IPX6, el material duradero y la carcasa s\u00f3lida garantizar\u00e1n que nada interfiera con la diversi\u00f3n, ya sea en la piscina, la playa o durante un viaje a la monta\u00f1a.<\/p>\n<p>Slot para tarjeta de memoria Micro SD<\/p>\n<p>Elegante y peque\u00f1o altavoz inal\u00e1mbrico Bluetooth de 5W. est\u00e1 equipado con una potente bater\u00eda de 1200 mAh.<\/p>\n<p>La bater\u00eda recargable proporciona un funcionamiento prolongado con una sola carga, hasta cinco horas.<\/p>\n<p>Dise\u00f1o impermeable Shock Proof.<\/p>\n<p>RGB Light<br \/>Nombre del producto Altavoz Bluetooth Forever BumpAir BS-700<\/p>\n<p>Marca FOREVER<br \/>Tipo Altavoz Bluetooth<br \/>Versi\u00f3n de Bluetooth V5.0<br \/>Alcance de Bluetooth 10 m<br \/>Potencia de salida 5W<br \/>Voltaje de entrada 5 V CC 1 A<br \/>Puerto de carga microUSB<br \/>Rango de frecuencia 180 Hz &#8211; 20 kHz<br \/>Impedancia 4<br \/>Relaci\u00f3n se\u00f1al-ruido (SNR): (SNR) 60 dB<br \/>Bater\u00eda Li-poly 3,7 V 1200 mAh<br \/>Tiempo de reproducci\u00f3n de m\u00fasica de hasta 5 horas.<br \/>Tiempo de carga de la bater\u00eda hasta 4 horas.<br \/>Resistente al agua S\u00ed, IPX6<br \/>A prueba de golpes S\u00ed<br \/>Micr\u00f3fono No<br \/>Radio No<br \/>Rango de frecuencia de radio FM No<br \/>TWS (verdadero est\u00e9reo inal\u00e1mbrico) S\u00ed<br \/>AirPlay No<br \/>Wifi No<br \/>NFC No<br \/>Solicitud No<br \/>Ranura AUX S\u00ed<br \/>Soporte de tarjeta microSD S\u00ed<br \/>Puerto USB No<br \/>\u00bfQu\u00e9 hay en la caja? usuario manual, cable micro USB para cargar<br \/>Informaci\u00f3n adicional espect\u00e1culo de luces RGB, correa<br \/>Color rojo<br \/>Tama\u00f1o del producto 96 * 96 * 96 mm<br \/>Tama\u00f1o del paquete 120 * 120 * 120 mm + percha de pl\u00e1stico<\/p>\n<p>\u00a0<\/p>\n","protected":false},"excerpt":{"rendered":"<p>Altavoz bluetooth forever bumpair bs &#8211; 700 red color rojo<\/p>\n","protected":false},"featured_media":234524,"comment_status":"closed","ping_status":"open","template":"","meta":{"_et_pb_use_builder":"","_et_pb_old_content":"","_et_gb_content_width":""},"product_brand":[2334],"product_cat":[2822,2799,2058],"product_tag":[2824,2803,2966,2068,2335],"class_list":{"0":"post-234523","1":"product","2":"type-product","3":"status-publish","4":"has-post-thumbnail","6":"product_brand-forever","7":"product_cat-altavoces","8":"product_cat-altavoces-mp3-y-auriculares","9":"product_cat-dispositivos","10":"product_tag-altavoces","11":"product_tag-altavoces-mp3-y-auriculares","12":"product_tag-altavoz-bluetooth-forever-bumpair-bs-700-red","13":"product_tag-dispositivos","14":"product_tag-forever","15":"product_shipping_class-2059","16":"pa_canon-digital-incluida-0-e-incluidos","18":"first","19":"instock","20":"taxable","21":"shipping-taxable","22":"purchasable","23":"product-type-simple"},"_links":{"self":[{"href":"https:\/\/linkxa.es\/linkshop\/wp-json\/wp\/v2\/product\/234523","targetHints":{"allow":["GET"]}}],"collection":[{"href":"https:\/\/linkxa.es\/linkshop\/wp-json\/wp\/v2\/product"}],"about":[{"href":"https:\/\/linkxa.es\/linkshop\/wp-json\/wp\/v2\/types\/product"}],"replies":[{"embeddable":true,"href":"https:\/\/linkxa.es\/linkshop\/wp-json\/wp\/v2\/comments?post=234523"}],"wp:featuredmedia":[{"embeddable":true,"href":"https:\/\/linkxa.es\/linkshop\/wp-json\/wp\/v2\/media\/234524"}],"wp:attachment":[{"href":"https:\/\/linkxa.es\/linkshop\/wp-json\/wp\/v2\/media?parent=234523"}],"wp:term":[{"taxonomy":"product_brand","embeddable":true,"href":"https:\/\/linkxa.es\/linkshop\/wp-json\/wp\/v2\/product_brand?post=234523"},{"taxonomy":"product_cat","embeddable":true,"href":"https:\/\/linkxa.es\/linkshop\/wp-json\/wp\/v2\/product_cat?post=234523"},{"taxonomy":"product_tag","embeddable":true,"href":"https:\/\/linkxa.es\/linkshop\/wp-json\/wp\/v2\/product_tag?post=234523"}],"curies":[{"name":"wp","href":"https:\/\/api.w.org\/{rel}","templated":true}]}}