{"id":234548,"date":"2025-01-04T05:47:56","date_gmt":"2025-01-04T05:47:56","guid":{"rendered":"https:\/\/linkxa.es\/contratacion\/producto\/auriculares-jbl-tune-t115tws-inalambrico-menta\/"},"modified":"2025-08-02T09:30:29","modified_gmt":"2025-08-02T09:30:29","slug":"auriculares-jbl-tune-t115tws-inalambrico-menta","status":"publish","type":"product","link":"https:\/\/linkxa.es\/linkshop\/producto\/auriculares-jbl-tune-t115tws-inalambrico-menta\/","title":{"rendered":"Auriculares jbl tune t115tws inalambrico menta"},"content":{"rendered":"<h3 style=\"text-align: center;\"><strong>Jbl\u00a0 |\u00a0 Auriculares<\/strong><\/h3>\n<p>\u00a0<\/p>\n<p>Sum\u00e9rgete en tu propio universo sonoro.<\/p>\n<p>Disfruta de una libertad ilimitada sin cables tanto para escuchar m\u00fasica como para realizar llamadas. Dual Connect te permite usar ambos auriculares o solo uno, como prefieras, y en modo est\u00e9reo o<br \/>mono. El incre\u00edble sonido de tus artistas favoritos resulta a\u00fan m\u00e1s espectacular con JBL Pure Bass. Con hasta 21 horas de bater\u00eda y un ajuste muy c\u00f3modo, puedes divertirte d\u00eda y noche. Y si te<br \/>desconectas del mundo, puedes recibir llamadas o hablar con tu asistente de voz utilizando solo un dedo. \u00a1Tan sencillo como parece!<\/p>\n<p>Siente los bajos<\/p>\n<p>JBL ha hecho posibles festivales y conciertos de todo el mundo durante d\u00e9cadas. Ahora, ofrece un sonido Pure Bass incre\u00edble a tu propio universo sonoro.<\/p>\n<p>Durante m\u00e1s tiempo<\/p>\n<p>Con hasta 21 horas de autonom\u00eda de bater\u00eda (6 horas desde los auriculares y 15 horas desde el estuche), puedes escuchar todo el d\u00eda y toda la noche y recargar en solo 15 minutos. Disfruta de un<br \/>concierto privado que dure tanto como te apetezca.<\/p>\n<p>Un o\u00eddo o los dos<\/p>\n<p>Eres m\u00e1s del o\u00eddo izquierdo, del derecho o de los dos? Dual Connect te da la opci\u00f3n de disfrutar de la m\u00fasica o de realizar llamadas con los dos auriculares o solo con uno. Y nunca te quedar\u00e1s sin<br \/>bater\u00eda porque puedes cargar un auricular mientras usas el otro.<\/p>\n<p>Ajuste c\u00f3modo<\/p>\n<p>Disfruta de una libertad total gracias a los auriculares True Wireless JBL TUNE 115TWS con una m\u00e1xima comodidad. Ajuste ce\u00f1ido con 3 tama\u00f1os de almohadillas para ajustarse a la talla de tus o\u00eddos.<\/p>\n<p>Llamadas en manos libres y acceso al asistente de voz<\/p>\n<p>Recibe y haz llamadas o habla con tu asistente de voz utilizando solo un dedo. \u00a1Tan sencillo como parece!<\/p>\n<p>Contenido de la caja:<\/p>\n<p>JBL TUNE 115TWS<br \/>3 tama\u00f1os de almohadillas (S, M, L)<br \/>Cable USB tipo C de carga<br \/>Estuche de carga<\/p>\n<p>\u00a0<\/p>\n","protected":false},"excerpt":{"rendered":"<p>Auriculares jbl tune t115tws inalambrico menta<\/p>\n","protected":false},"featured_media":234549,"comment_status":"closed","ping_status":"open","template":"","meta":{"_et_pb_use_builder":"","_et_pb_old_content":"","_et_gb_content_width":""},"product_brand":[2970],"product_cat":[2799,2800,2058],"product_tag":[2803,2804,2972,2068,2971],"class_list":{"0":"post-234548","1":"product","2":"type-product","3":"status-publish","4":"has-post-thumbnail","6":"product_brand-jbl","7":"product_cat-altavoces-mp3-y-auriculares","8":"product_cat-auriculares","9":"product_cat-dispositivos","10":"product_tag-altavoces-mp3-y-auriculares","11":"product_tag-auriculares","12":"product_tag-auriculares-jbl-tune-t115tws-inalambrico-menta","13":"product_tag-dispositivos","14":"product_tag-jbl","15":"product_shipping_class-2059","16":"pa_canon-digital-incluida-0-e-incluidos","18":"first","19":"instock","20":"taxable","21":"shipping-taxable","22":"purchasable","23":"product-type-simple"},"_links":{"self":[{"href":"https:\/\/linkxa.es\/linkshop\/wp-json\/wp\/v2\/product\/234548","targetHints":{"allow":["GET"]}}],"collection":[{"href":"https:\/\/linkxa.es\/linkshop\/wp-json\/wp\/v2\/product"}],"about":[{"href":"https:\/\/linkxa.es\/linkshop\/wp-json\/wp\/v2\/types\/product"}],"replies":[{"embeddable":true,"href":"https:\/\/linkxa.es\/linkshop\/wp-json\/wp\/v2\/comments?post=234548"}],"wp:featuredmedia":[{"embeddable":true,"href":"https:\/\/linkxa.es\/linkshop\/wp-json\/wp\/v2\/media\/234549"}],"wp:attachment":[{"href":"https:\/\/linkxa.es\/linkshop\/wp-json\/wp\/v2\/media?parent=234548"}],"wp:term":[{"taxonomy":"product_brand","embeddable":true,"href":"https:\/\/linkxa.es\/linkshop\/wp-json\/wp\/v2\/product_brand?post=234548"},{"taxonomy":"product_cat","embeddable":true,"href":"https:\/\/linkxa.es\/linkshop\/wp-json\/wp\/v2\/product_cat?post=234548"},{"taxonomy":"product_tag","embeddable":true,"href":"https:\/\/linkxa.es\/linkshop\/wp-json\/wp\/v2\/product_tag?post=234548"}],"curies":[{"name":"wp","href":"https:\/\/api.w.org\/{rel}","templated":true}]}}