{"id":234552,"date":"2025-06-30T14:07:24","date_gmt":"2025-06-30T14:07:24","guid":{"rendered":"https:\/\/linkxa.es\/contratacion\/producto\/auriculares-bluetooth-xiaomi-redmi-buds-3\/"},"modified":"2025-08-02T09:30:56","modified_gmt":"2025-08-02T09:30:56","slug":"auriculares-bluetooth-xiaomi-redmi-buds-3","status":"publish","type":"product","link":"https:\/\/linkxa.es\/linkshop\/producto\/auriculares-bluetooth-xiaomi-redmi-buds-3\/","title":{"rendered":"Auriculares bluetooth xiaomi redmi buds 3"},"content":{"rendered":"<h3 style=\"text-align: center;\"><strong>Xiaomi\u00a0 |\u00a0 Auriculares<\/strong><\/h3>\n<p>\u00a0<\/p>\n<p>Redmi Buds 3 Lite<br \/>Toca el ritmo<br \/>Ajuste seguro<br \/>Ligero y suave para la piel.<br \/>El dise\u00f1o ergon\u00f3mico brinda comodidad sin esfuerzo y mantiene los Redmi<br \/>Buds 3 Lite seguros en sus o\u00eddos incluso durante el ejercicio.<\/p>\n<p>\u00abBip\u00bb, sus auriculares est\u00e1n conectados<br \/>Reconocimiento autom\u00e1tico de dispositivos y conexiones inal\u00e1mbricas<br \/>sencillas.<br \/>Saque los auriculares del estuche de carga e ins\u00e9rtelos en los o\u00eddos.<br \/>Escuchar\u00e1s el sonido de conexi\u00f3n, lo que significa que tu dispositivo ahora<br \/>est\u00e1 conectado a tus auriculares.<\/p>\n<p>Bluetooth 5.2<br \/>Transmisi\u00f3n estable con antiinterferente eficaz.<br \/>La nueva versi\u00f3n 5.2 de la especificaci\u00f3n central de Bluetooth ofrece<br \/>capacidades antiinterferentes significativamente mejoradas y conexiones<br \/>m\u00e1s estables para un audio de llamadas sin interrupciones.<\/p>\n<p>Hasta 18 horas de duraci\u00f3n de la bater\u00eda<br \/>Excelente audio en cualquier momento<br \/>Puerto de carga tipo C: una sola carga es suficiente para hasta 5 horas de<br \/>uso.<br \/>Rendimiento excepcional sin preocupaciones: haga ejercicio, escuche<br \/>m\u00fasica, vea pel\u00edculas y disfrute de largas llamadas telef\u00f3nicas.<\/p>\n<p>Excelente claridad de audio<br \/>Ajustado por expertos por Xiaomi Sound Lab<br \/>El controlador din\u00e1mico de 6 mm ha sido ajustado por expertos por Xiaomi<br \/>Sound Lab, lo que garantiza una calidad de audio constante y da vida a cada<br \/>nota.<\/p>\n<p>Cancelaci\u00f3n de ruido para llamadas<br \/>Audio de alta resoluci\u00f3n para llamadas y tecnolog\u00eda antiinterferente<br \/>Disfrute de llamadas claras y sin interrupciones con una tecnolog\u00eda<br \/>antiinterferente eficaz. Redmi Buds 3 Lite utiliza un algoritmo de reducci\u00f3n<br \/>de ruido para identificar y extraer voces humanas y reducir el ruido de<br \/>fondo, lo que garantiza la claridad de sus llamadas.<\/p>\n<p>Modo de baja latencia para juegos<br \/>Sonido preciso que da la ventaja en la competencia<br \/>Active el modo de baja latencia para una experiencia de juego inmersiva.<br \/>Juego sin esfuerzo con una producci\u00f3n precisa de incluso el audio m\u00e1s<br \/>tenue, para que puedas diferenciar entre disparos y pasos.<\/p>\n<p>Operaciones t\u00e1ctiles sensibles<br \/>Sonido incre\u00edble a tu alcance<br \/>Toque dos veces, mantenga presionado o utilice una de las otras<br \/>operaciones t\u00e1ctiles para cambiar entre modos: simple, conveniente y<br \/>eficiente.<\/p>\n<p>Resistencia al polvo y al agua para uso diario<br \/>Protecci\u00f3n profesional contra el polvo y las salpicaduras de agua.<br \/>Dise\u00f1ado por expertos con resistencia al agua y al polvo IP54. Disfrute de<br \/>un rendimiento extraordinario en una variedad de entornos, desde su viaje<br \/>diario al trabajo hasta su tiempo en el gimnasio.<\/p>\n<p>Especificaciones<br \/>Conexi\u00f3n inal\u00e1mbrica<br \/>Bluetooth5.2<br \/>Rango de comunicaci\u00f3n<br \/>10 m (espacio abierto sin obst\u00e1culos)<br \/>Peso neto de un solo auricular<br \/>Aprox. 4,2 g<br \/>Peso total con estuche de carga<br \/>Aprox. 36g<br \/>Duraci\u00f3n de la bater\u00eda del auricular<br \/>Aprox. 5 horas<br \/>Duraci\u00f3n de la bater\u00eda del estuche de carga<br \/>Aprox. 18 horas<br \/>Dimensiones de los auriculares<br \/>24,5 x 16,7 x 24,6 mm<br \/>Dimensiones del estuche de carga<br \/>60 x 46 x 23,7 mm<br \/>Puerto de carga<br \/>Tipo-C<br \/>Contenidos del paquete<br \/>Estuche de carga x1<br \/>Auricular x2<br \/>3 pares de puntas para auriculares (S \/ M \/ L \/, M preinstaladas)<br \/>2 pares de ganchos para auriculares (S \/ L \/, L preinstalados)<br \/>Manual de usuario x1<\/p>\n<p>\u00a0<\/p>\n","protected":false},"excerpt":{"rendered":"<p>Auriculares bluetooth xiaomi redmi buds 3 lite con estuche de carga &#8211;  autonomia 5h &#8211;  blancos<\/p>\n","protected":false},"featured_media":234553,"comment_status":"closed","ping_status":"open","template":"","meta":{"_et_pb_use_builder":"","_et_pb_old_content":"","_et_gb_content_width":""},"product_brand":[2092],"product_cat":[2799,2800,2058],"product_tag":[2803,2804,2973,2068,2093],"class_list":{"0":"post-234552","1":"product","2":"type-product","3":"status-publish","4":"has-post-thumbnail","6":"product_brand-xiaomi","7":"product_cat-altavoces-mp3-y-auriculares","8":"product_cat-auriculares","9":"product_cat-dispositivos","10":"product_tag-altavoces-mp3-y-auriculares","11":"product_tag-auriculares","12":"product_tag-auriculares-bluetooth-xiaomi-redmi-buds-3","13":"product_tag-dispositivos","14":"product_tag-xiaomi","15":"product_shipping_class-2059","16":"pa_canon-digital-incluida-0-e-incluidos","18":"first","19":"instock","20":"taxable","21":"shipping-taxable","22":"purchasable","23":"product-type-simple"},"_links":{"self":[{"href":"https:\/\/linkxa.es\/linkshop\/wp-json\/wp\/v2\/product\/234552","targetHints":{"allow":["GET"]}}],"collection":[{"href":"https:\/\/linkxa.es\/linkshop\/wp-json\/wp\/v2\/product"}],"about":[{"href":"https:\/\/linkxa.es\/linkshop\/wp-json\/wp\/v2\/types\/product"}],"replies":[{"embeddable":true,"href":"https:\/\/linkxa.es\/linkshop\/wp-json\/wp\/v2\/comments?post=234552"}],"wp:featuredmedia":[{"embeddable":true,"href":"https:\/\/linkxa.es\/linkshop\/wp-json\/wp\/v2\/media\/234553"}],"wp:attachment":[{"href":"https:\/\/linkxa.es\/linkshop\/wp-json\/wp\/v2\/media?parent=234552"}],"wp:term":[{"taxonomy":"product_brand","embeddable":true,"href":"https:\/\/linkxa.es\/linkshop\/wp-json\/wp\/v2\/product_brand?post=234552"},{"taxonomy":"product_cat","embeddable":true,"href":"https:\/\/linkxa.es\/linkshop\/wp-json\/wp\/v2\/product_cat?post=234552"},{"taxonomy":"product_tag","embeddable":true,"href":"https:\/\/linkxa.es\/linkshop\/wp-json\/wp\/v2\/product_tag?post=234552"}],"curies":[{"name":"wp","href":"https:\/\/api.w.org\/{rel}","templated":true}]}}