{"id":234585,"date":"2025-02-09T18:58:11","date_gmt":"2025-02-09T18:58:11","guid":{"rendered":"https:\/\/linkxa.es\/contratacion\/producto\/auriculares-urbanista-true-wireless-inalambricos-atlanta\/"},"modified":"2025-08-02T10:03:54","modified_gmt":"2025-08-02T10:03:54","slug":"auriculares-urbanista-true-wireless-inalambricos-atlanta","status":"publish","type":"product","link":"https:\/\/linkxa.es\/linkshop\/producto\/auriculares-urbanista-true-wireless-inalambricos-atlanta\/","title":{"rendered":"Auriculares urbanista true wireless inalambricos atlanta"},"content":{"rendered":"<h3 style=\"text-align: center;\"><strong>Urbanista\u00a0 |\u00a0 Auriculares<\/strong><\/h3>\n<p>\u00a0<\/p>\n<p>ATLANTA &#8211; SIENTE EL RITMO DE LA CIUDAD Encuentra tu ritmo con Urbanista Atlanta, unos auriculares inal\u00e1mbricos avanzados para escuchar m\u00fasica con graves profundos y un sonido detallado. La<br \/>tecnolog\u00eda de cancelaci\u00f3n activa del ruido de Atlanta ofrece una experiencia de audio potente y precisa que podr\u00e1 disfrutar durante horas, y los micr\u00f3fonos triples con cancelaci\u00f3n del ruido de los<br \/>auriculares garantizan un sonido cristalino para las llamadas en cualquier entorno.<\/p>\n<p>ENCUENTRA TU RITMO<\/p>\n<p>Sum\u00e9rjase en un sonido potente con cancelaci\u00f3n activa del ruido, una tecnolog\u00eda avanzada que a\u00edsla y bloquea los sonidos que te distraen de la m\u00fasica. Con los intuitivos controles t\u00e1ctiles de Atlanta y la<br \/>funci\u00f3n de conectividad multipunto, la potencia del sonido est\u00e1 siempre en tus manos con el dispositivo Bluetooth.<\/p>\n<p>ENCUENTRA TU SONIDO<\/p>\n<p>La aplicaci\u00f3n m\u00f3vil Urbanista te ayuda a personalizar la experiencia de sonido seg\u00fan tus preferencias. Ambientes intensos o ritmos cargados de graves, puedes elegir el sonido a tu gusto. La tecnolog\u00eda<br \/>de detecci\u00f3n de o\u00eddo integrada en los auriculares pausa autom\u00e1ticamente el audio cuando te los quitas de los o\u00eddos, y la funci\u00f3n de reproducci\u00f3n autom\u00e1tica reanuda la m\u00fasica cuando te los vuelves a<br \/>poner.<\/p>\n<p>ENCUENTRA TU ENERG\u00cdA<\/p>\n<p>Atlanta siempre sube el nivel de energ\u00eda. Los auriculares ofrecen 8,5 horas de reproducci\u00f3n con una sola carga, y hasta 34 horas de tiempo total de escucha con el estuche de carga inal\u00e1mbrica que se<br \/>recarga con una sola carga. El estuche de carga inal\u00e1mbrica que se recarga en cualquier pad con certificaci\u00f3n QI o a trav\u00e9s de un cable USB Type-C.<\/p>\n<p>ENCUENTRA TU ESTILO<\/p>\n<p>Las vibrantes combinaciones de colores de Atlanta llevan el estilo en\u00e9rgico de la ciudad con confianza. Elige entre 4 tonos \u00fanicos que a\u00f1adir\u00e1n una inyecci\u00f3n instant\u00e1nea de frescura a tu look diario: Azul<br \/>Acero, Rojo Vibrante o los cl\u00e1sicos Negro Medianoche y Blanco Puro.<\/p>\n<p>CAMINO HACIA LA SOSTENIBILIDAD<\/p>\n<p>En Urbanista estamos trabajando para conseguir un futuro m\u00e1s sostenible con nuestros productos. Hemos empezado por los envases, donde la mayor\u00eda de los materiales utilizados proceden de fuentes<br \/>sostenibles, alej\u00e1ndonos del uso de pl\u00e1stico y barnices innecesarios.<\/p>\n<p>\u00a0<\/p>\n","protected":false},"excerpt":{"rendered":"<p>Auriculares urbanista true wireless inalambricos atlanta multipunto vibration red<\/p>\n","protected":false},"featured_media":234962,"comment_status":"closed","ping_status":"open","template":"","meta":{"_et_pb_use_builder":"","_et_pb_old_content":"","_et_gb_content_width":""},"product_brand":[2849],"product_cat":[2799,2800,2058],"product_tag":[2803,2804,2977,2068,2850],"class_list":{"0":"post-234585","1":"product","2":"type-product","3":"status-publish","4":"has-post-thumbnail","6":"product_brand-urbanista","7":"product_cat-altavoces-mp3-y-auriculares","8":"product_cat-auriculares","9":"product_cat-dispositivos","10":"product_tag-altavoces-mp3-y-auriculares","11":"product_tag-auriculares","12":"product_tag-auriculares-urbanista-true-wireless-inalambricos-atlanta","13":"product_tag-dispositivos","14":"product_tag-urbanista","15":"product_shipping_class-2059","16":"pa_canon-digital-incluida-0-e-incluidos","18":"first","19":"instock","20":"taxable","21":"shipping-taxable","22":"purchasable","23":"product-type-simple"},"_links":{"self":[{"href":"https:\/\/linkxa.es\/linkshop\/wp-json\/wp\/v2\/product\/234585","targetHints":{"allow":["GET"]}}],"collection":[{"href":"https:\/\/linkxa.es\/linkshop\/wp-json\/wp\/v2\/product"}],"about":[{"href":"https:\/\/linkxa.es\/linkshop\/wp-json\/wp\/v2\/types\/product"}],"replies":[{"embeddable":true,"href":"https:\/\/linkxa.es\/linkshop\/wp-json\/wp\/v2\/comments?post=234585"}],"wp:featuredmedia":[{"embeddable":true,"href":"https:\/\/linkxa.es\/linkshop\/wp-json\/wp\/v2\/media\/234962"}],"wp:attachment":[{"href":"https:\/\/linkxa.es\/linkshop\/wp-json\/wp\/v2\/media?parent=234585"}],"wp:term":[{"taxonomy":"product_brand","embeddable":true,"href":"https:\/\/linkxa.es\/linkshop\/wp-json\/wp\/v2\/product_brand?post=234585"},{"taxonomy":"product_cat","embeddable":true,"href":"https:\/\/linkxa.es\/linkshop\/wp-json\/wp\/v2\/product_cat?post=234585"},{"taxonomy":"product_tag","embeddable":true,"href":"https:\/\/linkxa.es\/linkshop\/wp-json\/wp\/v2\/product_tag?post=234585"}],"curies":[{"name":"wp","href":"https:\/\/api.w.org\/{rel}","templated":true}]}}