{"id":234593,"date":"2025-03-21T22:00:30","date_gmt":"2025-03-21T22:00:30","guid":{"rendered":"https:\/\/linkxa.es\/contratacion\/producto\/auriculares-micro-energy-sistem-lolroll-pop\/"},"modified":"2025-08-02T10:14:00","modified_gmt":"2025-08-02T10:14:00","slug":"auriculares-micro-energy-sistem-lolroll-pop","status":"publish","type":"product","link":"https:\/\/linkxa.es\/linkshop\/producto\/auriculares-micro-energy-sistem-lolroll-pop\/","title":{"rendered":"Auriculares micro energy sistem lol&#038;roll pop"},"content":{"rendered":"<h3 style=\"text-align: center;\"><strong>Energy sistem\u00a0 |\u00a0 Auriculares<\/strong><\/h3>\n<p>\u00a0<\/p>\n<p>M\u00e1s diversi\u00f3n y seguridad con Bluetooth y limitaci\u00f3n de volumen<\/p>\n<p>Auriculares infantiles con Bluetooth 5.1 para una diversi\u00f3n sin cables. M\u00e1xima protecci\u00f3n auditiva con limitaci\u00f3n de volumen de 85dB. Conecta dos auriculares con la funci\u00f3n la Music Share para<br \/>compartir m\u00fasica y series. Micr\u00f3fono y cable extra\u00edble.<\/p>\n<p>\u00a0<\/p>\n<p>Conectividad Bluetooth y seguridad auditiva<\/p>\n<p>Auriculares infantiles con limitaci\u00f3n de volumen de 85dB, para que puedan disfrutar de la m\u00fasica y v\u00eddeos con total seguridad, sin da\u00f1ar su salud auditiva. Con\u00e9ctalos con el smartphone o la tablet<br \/>gracias a la tecnolog\u00eda inal\u00e1mbrica Bluetooth 5.1.<\/p>\n<p>\u00a0<\/p>\n<p>\u00a1Jugar compartiendo es m\u00e1s divertido!<\/p>\n<p>La funci\u00f3n Music Share permite conectar dos dispositivos a trav\u00e9s de la toma de salida de audio, para compartir m\u00fasica y contenido multimedia. Y la diversi\u00f3n contin\u00faa con las pegatinas de la banda<br \/>Lol&#038;amp,Roll y un personaje de cart\u00f3n plegable con el que pueden crear su propia historia.<\/p>\n<p>\u00a0<\/p>\n<p>Con la m\u00fasica a todas partes<\/p>\n<p>Gracias a su reproductor de audio de memorias microSD, los peques pueden llevar la m\u00fasica con ellos all\u00e1 donde vayan. S\u00faper f\u00e1ciles de transportar, con un dise\u00f1o compacto y c\u00f3modo.<\/p>\n<p>\u00a0<\/p>\n<p>Para casa y para el cole<\/p>\n<p>Los cascos para ni\u00f1os Lol&#038;amp,Roll Pop cuentan con micr\u00f3fono integrado para que los peques puedan comunicarse en las videollamadas del cole o con sus familiares y amigos. Con conector tipo C y cable<br \/>extra\u00edble, para mayor seguridad.<\/p>\n<p>ESPECIFICACIONES<\/p>\n<p>General<br \/>Marca: ENERGY SISTEM<br \/>Garant\u00eda: 3<br \/>Part Number: 454860<br \/>Categor\u00edas: SONIDO<br \/>Reacondicionado: No<br \/>Reposici\u00f3n &#8211; Etiqueta: No<br \/>Peso Volumetrico 0.91 Kg.<br \/>Contenido del embalaje<br \/>Material incluido: Audio (3.5mm), USB TIPO C<br \/>Gu\u00eda de configuraci\u00f3n r\u00e1pida: Si<br \/>Detalles t\u00e9cnicos<br \/>Tipolog\u00eda Imagen Sonido: Auriculares<br \/>Alcance Bluetooth: 20 m<br \/>Conexi\u00f3n inal\u00e1mbrica: Si<br \/>Tarjeta de memoria: Si<br \/>Tipo de auricular: Binaurale<br \/>Conectividad<br \/>Interfaz: Bluetooth, Jack, SD<br \/>Conectividad del dispositivo: Inal\u00e1mbrico \/ Al\u00e1mbrico<br \/>Control de energ\u00eda<br \/>Alimentaci\u00f3n: Bater\u00eda<br \/>Carga por USB: Si<br \/>Recargable: Si<br \/>Otras caracter\u00edsticas<br \/>Altavoz, auricular, jack de salida: 1<br \/>Tecnolog\u00eda inal\u00e1mbrica: Bluetooth<br \/>Versi\u00f3n de Bluetooth: 5.1<br \/>Peso y dimensiones<br \/>Altura: 140 mm<br \/>Ancho: 165 mm<br \/>Peso: 105 g<br \/>Profundidad: 65 mm<br \/>Auriculares<br \/>Tipolog\u00eda Auriculares: Micr\u00f3fono Incluido<br \/>Auriculares: 6.3 mm, Bluetooth<br \/>Estilo de uso: Diadema<br \/>Frecuencia de auricular: 20 Hz 20 Khz<br \/>Sensibilidad de auricular: 85 dB<br \/>Tipo de controlador: Din\u00e1mico<br \/>Unidad de disco: 30 mm<br \/>Bater\u00eda<br \/>Capacidad: 300 mAh<br \/>Tiempo de carga: 2 h<br \/>Color<br \/>Color: Azul<br \/>Auriculares<br \/>Audifonos: Supraaural<br \/>Micr\u00f3fono<br \/>Micr\u00f3fono: 3.5 mm<\/p>\n<p>\u00a0<\/p>\n","protected":false},"excerpt":{"rendered":"<p>Auriculares micro energy sistem lol&#038;roll pop blue supraural &#8211; bt 5.1 &#8211; jack 3.5mm &#8211; multiplataforma<\/p>\n","protected":false},"featured_media":235086,"comment_status":"closed","ping_status":"open","template":"","meta":{"_et_pb_use_builder":"","_et_pb_old_content":"","_et_gb_content_width":""},"product_brand":[2879],"product_cat":[2799,2800,2058],"product_tag":[2803,2804,2978,2068,2880],"class_list":{"0":"post-234593","1":"product","2":"type-product","3":"status-publish","4":"has-post-thumbnail","6":"product_brand-energy-sistem","7":"product_cat-altavoces-mp3-y-auriculares","8":"product_cat-auriculares","9":"product_cat-dispositivos","10":"product_tag-altavoces-mp3-y-auriculares","11":"product_tag-auriculares","12":"product_tag-auriculares-micro-energy-sistem-lolroll-pop","13":"product_tag-dispositivos","14":"product_tag-energy-sistem","15":"product_shipping_class-2059","16":"pa_canon-digital-incluida-0-e-incluidos","18":"first","19":"instock","20":"taxable","21":"shipping-taxable","22":"purchasable","23":"product-type-simple"},"_links":{"self":[{"href":"https:\/\/linkxa.es\/linkshop\/wp-json\/wp\/v2\/product\/234593","targetHints":{"allow":["GET"]}}],"collection":[{"href":"https:\/\/linkxa.es\/linkshop\/wp-json\/wp\/v2\/product"}],"about":[{"href":"https:\/\/linkxa.es\/linkshop\/wp-json\/wp\/v2\/types\/product"}],"replies":[{"embeddable":true,"href":"https:\/\/linkxa.es\/linkshop\/wp-json\/wp\/v2\/comments?post=234593"}],"wp:featuredmedia":[{"embeddable":true,"href":"https:\/\/linkxa.es\/linkshop\/wp-json\/wp\/v2\/media\/235086"}],"wp:attachment":[{"href":"https:\/\/linkxa.es\/linkshop\/wp-json\/wp\/v2\/media?parent=234593"}],"wp:term":[{"taxonomy":"product_brand","embeddable":true,"href":"https:\/\/linkxa.es\/linkshop\/wp-json\/wp\/v2\/product_brand?post=234593"},{"taxonomy":"product_cat","embeddable":true,"href":"https:\/\/linkxa.es\/linkshop\/wp-json\/wp\/v2\/product_cat?post=234593"},{"taxonomy":"product_tag","embeddable":true,"href":"https:\/\/linkxa.es\/linkshop\/wp-json\/wp\/v2\/product_tag?post=234593"}],"curies":[{"name":"wp","href":"https:\/\/api.w.org\/{rel}","templated":true}]}}