{"id":234609,"date":"2025-02-17T21:32:30","date_gmt":"2025-02-17T21:32:30","guid":{"rendered":"https:\/\/linkxa.es\/contratacion\/producto\/auriculares-acer-go-ahr162-inalambrico-blanco\/"},"modified":"2025-08-02T09:36:22","modified_gmt":"2025-08-02T09:36:22","slug":"auriculares-acer-go-ahr162-inalambrico-blanco","status":"publish","type":"product","link":"https:\/\/linkxa.es\/linkshop\/producto\/auriculares-acer-go-ahr162-inalambrico-blanco\/","title":{"rendered":"Auriculares acer go ahr162 inalambrico blanco"},"content":{"rendered":"<h3 style=\"text-align: center;\"><strong>Acer\u00a0 |\u00a0 Auriculares<\/strong><\/h3>\n<p>\u00a0<\/p>\n<p>&#8211; TIPO DE PRODUCTO\u00a0<br \/>Auriculares inal\u00e1mbricos &#8211; Bluetooth\u00a0<\/p>\n<p>&#8211; COLOR\u00a0<br \/>Blanco\u00a0<\/p>\n<p>&#8211; USO RECOMENDADO\u00a0<br \/>Componentes electr\u00f3nicos port\u00e1tiles, tel\u00e9fono, ordenador\u00a0<\/p>\n<p>&#8211; COMPATIBILIDAD\u00a0<br \/>iPhone, tel\u00e9fonos Android, Windows\u00a0<\/p>\n<p>&#8211; CONECTIVIDAD\u00a0<br \/>Tecnolog\u00eda de conectividad: Inal\u00e1mbrico\u00a0<br \/>Tecnolog\u00eda inal\u00e1mbrica: Bluetooth\u00a0<br \/>Versi\u00f3n Bluetooth: 5.0\u00a0<br \/>Perfiles Bluetooth:\u00a0<br \/>A2DP (Perfil de distribuci\u00f3n de audio avanzado)\u00a0<br \/>HFP (Perfil de manos libres)\u00a0<br \/>AVRCP (Perfil de control remoto de audio y v\u00eddeo)\u00a0<\/p>\n<p>&#8211; AUDIO\u00a0<br \/>Factor de forma: En oreja\u00a0<br \/>Respuesta de frecuencia: 20 &#8211; 20000 Hz\u00a0<\/p>\n<p>&#8211; MICR\u00d3FONO\u00a0<br \/>Modo de operaci\u00f3n: Omnidireccional\u00a0<\/p>\n<p>&#8211; ALIMENTACI\u00d3N\u00a0<br \/>Bater\u00eda: Pilas recargables para auriculares\u00a0<br \/>Capacidad: 40 mAh\u00a0<br \/>Tiempo de recarga: 90 min\u00a0<\/p>\n<p>&#8211; AUTONOM\u00cdA\u00a0<br \/>Reproducci\u00f3n continua (80% de volumen): Hasta 4 horas\u00a0<br \/>Modo suspensi\u00f3n: Hasta 40 horas<\/p>\n<p>\u00a0<\/p>\n","protected":false},"excerpt":{"rendered":"<p>Auriculares acer go ahr162 inalambrico blanco<\/p>\n","protected":false},"featured_media":234610,"comment_status":"closed","ping_status":"open","template":"","meta":{"_et_pb_use_builder":"","_et_pb_old_content":"","_et_gb_content_width":""},"product_brand":[2518],"product_cat":[2799,2800,2058],"product_tag":[2521,2803,2804,2982,2068],"class_list":{"0":"post-234609","1":"product","2":"type-product","3":"status-publish","4":"has-post-thumbnail","6":"product_brand-acer","7":"product_cat-altavoces-mp3-y-auriculares","8":"product_cat-auriculares","9":"product_cat-dispositivos","10":"product_tag-acer","11":"product_tag-altavoces-mp3-y-auriculares","12":"product_tag-auriculares","13":"product_tag-auriculares-acer-go-ahr162-inalambrico-blanco","14":"product_tag-dispositivos","15":"product_shipping_class-2059","16":"pa_canon-digital-incluida-0-e-incluidos","18":"first","19":"instock","20":"taxable","21":"shipping-taxable","22":"purchasable","23":"product-type-simple"},"_links":{"self":[{"href":"https:\/\/linkxa.es\/linkshop\/wp-json\/wp\/v2\/product\/234609","targetHints":{"allow":["GET"]}}],"collection":[{"href":"https:\/\/linkxa.es\/linkshop\/wp-json\/wp\/v2\/product"}],"about":[{"href":"https:\/\/linkxa.es\/linkshop\/wp-json\/wp\/v2\/types\/product"}],"replies":[{"embeddable":true,"href":"https:\/\/linkxa.es\/linkshop\/wp-json\/wp\/v2\/comments?post=234609"}],"wp:featuredmedia":[{"embeddable":true,"href":"https:\/\/linkxa.es\/linkshop\/wp-json\/wp\/v2\/media\/234610"}],"wp:attachment":[{"href":"https:\/\/linkxa.es\/linkshop\/wp-json\/wp\/v2\/media?parent=234609"}],"wp:term":[{"taxonomy":"product_brand","embeddable":true,"href":"https:\/\/linkxa.es\/linkshop\/wp-json\/wp\/v2\/product_brand?post=234609"},{"taxonomy":"product_cat","embeddable":true,"href":"https:\/\/linkxa.es\/linkshop\/wp-json\/wp\/v2\/product_cat?post=234609"},{"taxonomy":"product_tag","embeddable":true,"href":"https:\/\/linkxa.es\/linkshop\/wp-json\/wp\/v2\/product_tag?post=234609"}],"curies":[{"name":"wp","href":"https:\/\/api.w.org\/{rel}","templated":true}]}}