{"id":234613,"date":"2024-12-16T15:56:42","date_gmt":"2024-12-16T15:56:42","guid":{"rendered":"https:\/\/linkxa.es\/contratacion\/producto\/auriculares-apple-airpods-max-inalambrico-2nd\/"},"modified":"2025-08-02T11:50:42","modified_gmt":"2025-08-02T11:50:42","slug":"auriculares-apple-airpods-max-inalambrico-2nd","status":"publish","type":"product","link":"https:\/\/linkxa.es\/linkshop\/producto\/auriculares-apple-airpods-max-inalambrico-2nd\/","title":{"rendered":"Auriculares apple airpods max inalambrico 2nd"},"content":{"rendered":"<h3 style=\"text-align: center;\"><strong>Apple\u00a0 |\u00a0 Auriculares<\/strong><\/h3>\n<p>\u00a0<\/p>\n<p>Ficha T\u00e9cnica<br \/>General<br \/>Color<br \/>Naranja<br \/>Generaci\u00f3n<br \/>2\u00aa generaci\u00f3n<br \/>Profundidad<br \/>8.34 cm<br \/>Altura<br \/>18.73 cm<br \/>Anchura<br \/>16.86 cm<br \/>Peso<br \/>386.2 g<br \/>Uso recomendado<br \/>Componentes electr\u00f3nicos port\u00e1tiles, ordenador<br \/>Tipo de producto<br \/>Auriculares con diadema &#8211; Bluetooth &#8211; inal\u00e1mbrico<br \/>Compatibilidad<br \/>iPhone, iPad, Mac, iPod<br \/>Funciones adicionales<br \/>Audio espacial con seguimiento din\u00e1mico de la cabeza, modo de transparencia, uso compartido de audio inal\u00e1mbrico<br \/>Detalles sobre dimensiones y peso<br \/>Auriculares: 16.86 cm x 8.34 cm x 18.73 cm \/ 386.2 g<br \/>Carcasa: 134.5 g<br \/>Caracter\u00edsticas<br \/>Cambio autom\u00e1tico de dispositivos, carga r\u00e1pida<br \/>Garant\u00eda del fabricante<br \/>Servicio y mantenimiento<br \/>Garant\u00eda limitada &#8211; 1 a\u00f1o<br \/>Diverso<br \/>Detalles de cables<br \/>Cable de carga USB-C &#8211; extra\u00edble<br \/>Accesorios incluidos<br \/>Funda inteligente, cable de carga USB-C<br \/>Alimentaci\u00f3n<br \/>Tiempo de ejecuci\u00f3n (m\u00e1ximo)<br \/>20 hora(s)<br \/>Bater\u00eda<br \/>Pilas para auriculares recargable<br \/>Datos de tiempo de ejecuci\u00f3n<br \/>Reproducci\u00f3n continua (con la cancelaci\u00f3n de ruido activada): hasta 20 horas<br \/>Reproducci\u00f3n continua (audio espacial encendido): hasta 20 horas<br \/>Conversaci\u00f3n continua: hasta 20 horas<br \/>Reproducci\u00f3n continua (con carga de 5 minutos): hasta 1.5 horas<br \/>Audio salida<br \/>Modo de salida del sonido<br \/>Est\u00e9reo<br \/>Tecnolog\u00eda de conectividad<br \/>Inal\u00e1mbrico<br \/>Eliminaci\u00f3n activa de ruido<br \/>S\u00ed<br \/>Diadema ajustable<br \/>S\u00ed<br \/>Tecnolog\u00eda inal\u00e1mbrica<br \/>Bluetooth<br \/>Factor de forma de los auriculares<br \/>Tama\u00f1o completo<br \/>Tecnolog\u00eda de auriculares<br \/>Dynamic<br \/>Versi\u00f3n Bluetooth<br \/>Bluetooth 5.0<br \/>Caracter\u00edsticas<br \/>Chip Apple H1<br \/>Efectos de sonido<br \/>Adaptive EQ<br \/>Tecnolog\u00eda de cancelaci\u00f3n activa del ruido<br \/>Pro-level Active Noise Cancellation<br \/>Tipo de micr\u00f3fono<br \/>Factor de forma<br \/>Integrado<br \/>Micr\u00f3fonos incluidos<br \/>9<br \/>Control remoto<br \/>Controles<br \/>Volumen, reproducci\u00f3n\/pausa, contestar llamada, rechazar llamada, sin sonido, pista anterior\/siguiente, asistente de voz, ANC\/transparencia<br \/>Seguimiento<br \/>Sensores<br \/>Giroscopio, aceler\u00f3metro, sensor \u00f3ptico, sensor de posici\u00f3n, sensor detector de carcasa<br \/>Internet de las cosas (IoT)<br \/>Compatible con Internet de las cosas (IoT)<br \/>S\u00ed<br \/>Asistente inteligente<br \/>Siri<\/p>\n<p>\u00a0<\/p>\n","protected":false},"excerpt":{"rendered":"<p>Auriculares apple airpods max inalambrico 2nd gen orange<\/p>\n","protected":false},"featured_media":235471,"comment_status":"closed","ping_status":"open","template":"","meta":{"_et_pb_use_builder":"","_et_pb_old_content":"","_et_gb_content_width":""},"product_brand":[2061],"product_cat":[2799,2800,2058],"product_tag":[2803,2064,2804,2983,2068],"class_list":{"0":"post-234613","1":"product","2":"type-product","3":"status-publish","4":"has-post-thumbnail","6":"product_brand-apple","7":"product_cat-altavoces-mp3-y-auriculares","8":"product_cat-auriculares","9":"product_cat-dispositivos","10":"product_tag-altavoces-mp3-y-auriculares","11":"product_tag-apple","12":"product_tag-auriculares","13":"product_tag-auriculares-apple-airpods-max-inalambrico-2nd","14":"product_tag-dispositivos","15":"product_shipping_class-2059","16":"pa_canon-digital-incluida-0-e-incluidos","18":"first","19":"instock","20":"taxable","21":"shipping-taxable","22":"purchasable","23":"product-type-simple"},"_links":{"self":[{"href":"https:\/\/linkxa.es\/linkshop\/wp-json\/wp\/v2\/product\/234613","targetHints":{"allow":["GET"]}}],"collection":[{"href":"https:\/\/linkxa.es\/linkshop\/wp-json\/wp\/v2\/product"}],"about":[{"href":"https:\/\/linkxa.es\/linkshop\/wp-json\/wp\/v2\/types\/product"}],"replies":[{"embeddable":true,"href":"https:\/\/linkxa.es\/linkshop\/wp-json\/wp\/v2\/comments?post=234613"}],"wp:featuredmedia":[{"embeddable":true,"href":"https:\/\/linkxa.es\/linkshop\/wp-json\/wp\/v2\/media\/235471"}],"wp:attachment":[{"href":"https:\/\/linkxa.es\/linkshop\/wp-json\/wp\/v2\/media?parent=234613"}],"wp:term":[{"taxonomy":"product_brand","embeddable":true,"href":"https:\/\/linkxa.es\/linkshop\/wp-json\/wp\/v2\/product_brand?post=234613"},{"taxonomy":"product_cat","embeddable":true,"href":"https:\/\/linkxa.es\/linkshop\/wp-json\/wp\/v2\/product_cat?post=234613"},{"taxonomy":"product_tag","embeddable":true,"href":"https:\/\/linkxa.es\/linkshop\/wp-json\/wp\/v2\/product_tag?post=234613"}],"curies":[{"name":"wp","href":"https:\/\/api.w.org\/{rel}","templated":true}]}}