{"id":234618,"date":"2024-12-02T04:14:42","date_gmt":"2024-12-02T04:14:42","guid":{"rendered":"https:\/\/linkxa.es\/contratacion\/producto\/auriculares-con-microfono-logitech-headset-h390\/"},"modified":"2025-08-02T09:37:11","modified_gmt":"2025-08-02T09:37:11","slug":"auriculares-con-microfono-logitech-headset-h390","status":"publish","type":"product","link":"https:\/\/linkxa.es\/linkshop\/producto\/auriculares-con-microfono-logitech-headset-h390\/","title":{"rendered":"Auriculares con microfono logitech headset h390"},"content":{"rendered":"<h3 style=\"text-align: center;\"><strong>Logitech\u00a0 |\u00a0 Auriculares<\/strong><\/h3>\n<p>\u00a0<\/p>\n<p>Un casco telef\u00f3nico USB vers\u00e1til con una diadema acolchada y ajustable<br \/>para escuchar con total comodidad puro sonido digital.<\/p>\n<p>Comfortable Design<br \/>C\u00f3modo dise\u00f1o<\/p>\n<p>La diadema acolchada y ajustable y las almohadillas afelpadas para las<br \/>orejas hacen el uso m\u00e1s c\u00f3modo.<br \/>Noise Canceling Microphone<br \/>Micr\u00f3fono con supresi\u00f3n de ruido<\/p>\n<p>No tendr\u00e1 que levantar la voz para que le oigan.<br \/>Rotating Microphone<br \/>Micr\u00f3fono giratorio<\/p>\n<p>Permite apartar el micr\u00f3fono mientras se escucha m\u00fasica o se ve una<br \/>pel\u00edcula.<br \/>In Line Audio Controls<br \/>Controles de audio integrados en el cable<\/p>\n<p>Ajuste el volumen o silencie el micr\u00f3fono al instante.<br \/>Pure Digital USB<br \/>Pura tecnolog\u00eda USB digital<\/p>\n<p>Experimentar\u00e1 una claridad de sonido digital excepcional con la sencillez de<br \/>una \u00fanica conexi\u00f3n USB Plug and Play. Cu\u00e1les son las ventajas de la<br \/>tecnolog\u00eda USB para los cascos telef\u00f3nicos?<\/p>\n<p>\u00a0<\/p>\n","protected":false},"excerpt":{"rendered":"<p>Auriculares con microfono logitech headset h390 usb<\/p>\n","protected":false},"featured_media":234619,"comment_status":"closed","ping_status":"open","template":"","meta":{"_et_pb_use_builder":"","_et_pb_old_content":"","_et_gb_content_width":""},"product_brand":[2798],"product_cat":[2799,2800,2058],"product_tag":[2803,2804,2984,2068,2801],"class_list":{"0":"post-234618","1":"product","2":"type-product","3":"status-publish","4":"has-post-thumbnail","6":"product_brand-logitech","7":"product_cat-altavoces-mp3-y-auriculares","8":"product_cat-auriculares","9":"product_cat-dispositivos","10":"product_tag-altavoces-mp3-y-auriculares","11":"product_tag-auriculares","12":"product_tag-auriculares-con-microfono-logitech-headset-h390","13":"product_tag-dispositivos","14":"product_tag-logitech","15":"product_shipping_class-2088","16":"pa_canon-digital-incluida-0-e-incluidos","18":"first","19":"instock","20":"taxable","21":"shipping-taxable","22":"purchasable","23":"product-type-simple"},"_links":{"self":[{"href":"https:\/\/linkxa.es\/linkshop\/wp-json\/wp\/v2\/product\/234618","targetHints":{"allow":["GET"]}}],"collection":[{"href":"https:\/\/linkxa.es\/linkshop\/wp-json\/wp\/v2\/product"}],"about":[{"href":"https:\/\/linkxa.es\/linkshop\/wp-json\/wp\/v2\/types\/product"}],"replies":[{"embeddable":true,"href":"https:\/\/linkxa.es\/linkshop\/wp-json\/wp\/v2\/comments?post=234618"}],"wp:featuredmedia":[{"embeddable":true,"href":"https:\/\/linkxa.es\/linkshop\/wp-json\/wp\/v2\/media\/234619"}],"wp:attachment":[{"href":"https:\/\/linkxa.es\/linkshop\/wp-json\/wp\/v2\/media?parent=234618"}],"wp:term":[{"taxonomy":"product_brand","embeddable":true,"href":"https:\/\/linkxa.es\/linkshop\/wp-json\/wp\/v2\/product_brand?post=234618"},{"taxonomy":"product_cat","embeddable":true,"href":"https:\/\/linkxa.es\/linkshop\/wp-json\/wp\/v2\/product_cat?post=234618"},{"taxonomy":"product_tag","embeddable":true,"href":"https:\/\/linkxa.es\/linkshop\/wp-json\/wp\/v2\/product_tag?post=234618"}],"curies":[{"name":"wp","href":"https:\/\/api.w.org\/{rel}","templated":true}]}}