{"id":234624,"date":"2024-12-01T20:51:12","date_gmt":"2024-12-01T20:51:12","guid":{"rendered":"https:\/\/linkxa.es\/contratacion\/producto\/auriculares-nilox-microfono-control-volumen-negro\/"},"modified":"2025-08-02T09:38:07","modified_gmt":"2025-08-02T09:38:07","slug":"auriculares-nilox-microfono-control-volumen-negro","status":"publish","type":"product","link":"https:\/\/linkxa.es\/linkshop\/producto\/auriculares-nilox-microfono-control-volumen-negro\/","title":{"rendered":"Auriculares nilox microfono control volumen negro"},"content":{"rendered":"<h3 style=\"text-align: center;\"><strong>Nilox\u00a0 |\u00a0 Auriculares<\/strong><\/h3>\n<p>\u00a0<\/p>\n<p>DESCRIPCI\u00d3N<br \/>Auriculares flexibles y plegables con micr\u00f3fono incorporado y conexi\u00f3n USB. ideal<br \/>para la telefon\u00eda por Internet (VOIP), el chat y la videoconferencia. Incluyen control de<br \/>volumen, cancelaci\u00f3n de ruido y micr\u00f3fono en el cable. ?Auriculares? &#8211; Di\u00e1metro:<br \/>40mm &#8211; Respuesta en frecuencia: 20Hz-20KHz &#8211; Sensibilidad: 1053dB &#8211;<br \/>Impedancia: 32 O 10% &#8211; Potencia de entrada: 20mW &#8211; Potencia de entrada m\u00e1xima:<br \/>40mW Micr\u00f3fono &#8211; Tipo condensador electret &#8211; Cancelaci\u00f3n de ruido soportada &#8211;<br \/>Giratorio y Flexible &#8211; Rango de frecuencia: 30Hz-16KHz &#8211; Impedancia: 2.2K? 10% &#8211;<br \/>Sensibilidad: -58dB 2dB Otros &#8211; Longitud del cable: 1.8m &#8211; Conexi\u00f3n de entrada: USB<br \/>&#8211; Control de volumen en el cable. &#8211; Almohadillas confortables &#8211; Diadema ajustable &#8211;<br \/>Perfecto para comunicaciones VOIP &#8211; Plug and Play &#8211; Peso: 109g<br \/>ESPECIFICACIONES T\u00c9CNICAS<\/p>\n<p>Auriculares<br \/>Audifonos<br \/>Supraaural<br \/>Frecuencia de auricular<br \/>20 &#8211; 20000 Hz<br \/>Obstrucci\u00f3n<br \/>32 O<br \/>Sensibilidad de auricular<br \/>105 dB<br \/>Micr\u00f3fono<br \/>Frecuencia de micr\u00f3fono<br \/>30 &#8211; 16000 Hz<br \/>Sensibilidad de micr\u00f3fono<br \/>58 dB<br \/>Tipo de micr\u00f3fono<br \/>Integrado<br \/>Peso y dimensiones<br \/>Peso<br \/>109 g<\/p>\n<p>Puertos e Interfaces<br \/>Bluetooth<br \/>No<br \/>Conector USB<br \/>USB tipo A<br \/>Conexi\u00f3n USB<br \/>Si<br \/>Respuesta de frecuencia (modo m\u00fasica)<br \/>20 &#8211; 20000 Hz<br \/>Tecnolog\u00eda de conectividad<br \/>Al\u00e1mbrico<br \/>Desempe\u00f1o<br \/>Color del producto<br \/>Negro<br \/>Color del cable<br \/>Negro<br \/>Conectar y usar (Plug and Play)<br \/>Si<br \/>Control de volumen<br \/>Giratorio<br \/>Estilo de uso<br \/>Diadema<br \/>Longitud de cable<br \/>1,8 m<br \/>Nivel de presi\u00f3n sonora (Max)<br \/>105 dB<br \/>Teclas de funcionamiento<br \/>Volume +, Volume &#8211;<br \/>Tipo de producto<br \/>Auriculares<br \/>Tipo de auricular<br \/>Binaural<br \/>Uso recomendado<br \/>Oficina\/Call center<\/p>\n<p>\u00a0<\/p>\n","protected":false},"excerpt":{"rendered":"<p>Auriculares nilox microfono control volumen negro alambrico usb<\/p>\n","protected":false},"featured_media":234625,"comment_status":"closed","ping_status":"open","template":"","meta":{"_et_pb_use_builder":"","_et_pb_old_content":"","_et_gb_content_width":""},"product_brand":[2697],"product_cat":[2799,2800,2058],"product_tag":[2803,2804,2986,2068,2698],"class_list":{"0":"post-234624","1":"product","2":"type-product","3":"status-publish","4":"has-post-thumbnail","6":"product_brand-nilox","7":"product_cat-altavoces-mp3-y-auriculares","8":"product_cat-auriculares","9":"product_cat-dispositivos","10":"product_tag-altavoces-mp3-y-auriculares","11":"product_tag-auriculares","12":"product_tag-auriculares-nilox-microfono-control-volumen-negro","13":"product_tag-dispositivos","14":"product_tag-nilox","15":"product_shipping_class-2059","16":"pa_canon-digital-incluida-0-e-incluidos","18":"first","19":"instock","20":"taxable","21":"shipping-taxable","22":"purchasable","23":"product-type-simple"},"_links":{"self":[{"href":"https:\/\/linkxa.es\/linkshop\/wp-json\/wp\/v2\/product\/234624","targetHints":{"allow":["GET"]}}],"collection":[{"href":"https:\/\/linkxa.es\/linkshop\/wp-json\/wp\/v2\/product"}],"about":[{"href":"https:\/\/linkxa.es\/linkshop\/wp-json\/wp\/v2\/types\/product"}],"replies":[{"embeddable":true,"href":"https:\/\/linkxa.es\/linkshop\/wp-json\/wp\/v2\/comments?post=234624"}],"wp:featuredmedia":[{"embeddable":true,"href":"https:\/\/linkxa.es\/linkshop\/wp-json\/wp\/v2\/media\/234625"}],"wp:attachment":[{"href":"https:\/\/linkxa.es\/linkshop\/wp-json\/wp\/v2\/media?parent=234624"}],"wp:term":[{"taxonomy":"product_brand","embeddable":true,"href":"https:\/\/linkxa.es\/linkshop\/wp-json\/wp\/v2\/product_brand?post=234624"},{"taxonomy":"product_cat","embeddable":true,"href":"https:\/\/linkxa.es\/linkshop\/wp-json\/wp\/v2\/product_cat?post=234624"},{"taxonomy":"product_tag","embeddable":true,"href":"https:\/\/linkxa.es\/linkshop\/wp-json\/wp\/v2\/product_tag?post=234624"}],"curies":[{"name":"wp","href":"https:\/\/api.w.org\/{rel}","templated":true}]}}