{"id":234629,"date":"2025-05-28T18:11:41","date_gmt":"2025-05-28T18:11:41","guid":{"rendered":"https:\/\/linkxa.es\/contratacion\/producto\/auricular-con-microfono-mhs-001-diadema-jack\/"},"modified":"2025-08-02T09:39:06","modified_gmt":"2025-08-02T09:39:06","slug":"auricular-con-microfono-mhs-001-diadema-jack","status":"publish","type":"product","link":"https:\/\/linkxa.es\/linkshop\/producto\/auricular-con-microfono-mhs-001-diadema-jack\/","title":{"rendered":"Auricular con microfono mhs &#8211; 001 diadema jack"},"content":{"rendered":"<h3 style=\"text-align: center;\"><strong>Gembird\u00a0 |\u00a0 Auriculares<\/strong><\/h3>\n<p>\u00a0<\/p>\n<p>Auriculares Audifonos Circumaural Obstrucci\u00f3n 32 O Frecuencia de auricular 20 &#8211; 20000 Hz Sensibilidad de auricular 105 dB Unidad de disco 4 cm Micr\u00f3fono Frecuencia de micr\u00f3fono 30 &#8211; 16000 Hz Sensibilidad de micr\u00f3fono 58 dB Micr\u00f3fono mudo Si Peso y dimensiones Peso 200 g Puertos e Interfaces Tecnolog\u00eda de conectividad Al\u00e1mbrico Longitud de cable 1,8 m 3.5 mm connector Si Dise\u00f1o Color del producto Negro Estilo de uso Diadema Desempe\u00f1o Utilizar con Centro de llamadas\/Oficina<\/p>\n<p>\u00a0<\/p>\n","protected":false},"excerpt":{"rendered":"<p>Auricular con microfono mhs &#8211; 001 &#8211;  diadema &#8211;  jack 3.5mm &#8211;  1.8m<\/p>\n","protected":false},"featured_media":234630,"comment_status":"closed","ping_status":"open","template":"","meta":{"_et_pb_use_builder":"","_et_pb_old_content":"","_et_gb_content_width":""},"product_brand":[2870],"product_cat":[2799,2800,2058],"product_tag":[2803,2988,2804,2068,2871],"class_list":{"0":"post-234629","1":"product","2":"type-product","3":"status-publish","4":"has-post-thumbnail","6":"product_brand-gembird","7":"product_cat-altavoces-mp3-y-auriculares","8":"product_cat-auriculares","9":"product_cat-dispositivos","10":"product_tag-altavoces-mp3-y-auriculares","11":"product_tag-auricular-con-microfono-mhs-001-diadema-jack","12":"product_tag-auriculares","13":"product_tag-dispositivos","14":"product_tag-gembird","15":"product_shipping_class-2059","16":"pa_canon-digital-incluida-0-e-incluidos","18":"first","19":"instock","20":"taxable","21":"shipping-taxable","22":"purchasable","23":"product-type-simple"},"_links":{"self":[{"href":"https:\/\/linkxa.es\/linkshop\/wp-json\/wp\/v2\/product\/234629","targetHints":{"allow":["GET"]}}],"collection":[{"href":"https:\/\/linkxa.es\/linkshop\/wp-json\/wp\/v2\/product"}],"about":[{"href":"https:\/\/linkxa.es\/linkshop\/wp-json\/wp\/v2\/types\/product"}],"replies":[{"embeddable":true,"href":"https:\/\/linkxa.es\/linkshop\/wp-json\/wp\/v2\/comments?post=234629"}],"wp:featuredmedia":[{"embeddable":true,"href":"https:\/\/linkxa.es\/linkshop\/wp-json\/wp\/v2\/media\/234630"}],"wp:attachment":[{"href":"https:\/\/linkxa.es\/linkshop\/wp-json\/wp\/v2\/media?parent=234629"}],"wp:term":[{"taxonomy":"product_brand","embeddable":true,"href":"https:\/\/linkxa.es\/linkshop\/wp-json\/wp\/v2\/product_brand?post=234629"},{"taxonomy":"product_cat","embeddable":true,"href":"https:\/\/linkxa.es\/linkshop\/wp-json\/wp\/v2\/product_cat?post=234629"},{"taxonomy":"product_tag","embeddable":true,"href":"https:\/\/linkxa.es\/linkshop\/wp-json\/wp\/v2\/product_tag?post=234629"}],"curies":[{"name":"wp","href":"https:\/\/api.w.org\/{rel}","templated":true}]}}