{"id":234640,"date":"2025-07-27T08:25:53","date_gmt":"2025-07-27T08:25:53","guid":{"rendered":"https:\/\/linkxa.es\/contratacion\/producto\/auricular-ewent-ew3567-con-microfono\/"},"modified":"2025-08-02T09:40:24","modified_gmt":"2025-08-02T09:40:24","slug":"auricular-ewent-ew3567-con-microfono","status":"publish","type":"product","link":"https:\/\/linkxa.es\/linkshop\/producto\/auricular-ewent-ew3567-con-microfono\/","title":{"rendered":"Auricular ewent ew3567 con microfono"},"content":{"rendered":"<h3 style=\"text-align: center;\"><strong>Ewent\u00a0 |\u00a0 Auriculares<\/strong><\/h3>\n<p>\u00a0<\/p>\n<p>Auriculares con micr\u00f3fono<br \/>EW3567<br \/>Hable c\u00f3modamente a trav\u00e9s de su port\u00e1til, tel\u00e9fono inteligente o tableta<\/p>\n<p>Auricular est\u00e9reo de alta calidad con micr\u00f3fono flexible ajustable para una comunicaci\u00f3n manos libres<br \/>Ideal para aplicaciones de mensajer\u00eda instant\u00e1nea en su ordenador port\u00e1til, tel\u00e9fono inteligente y tableta, como Skype, FaceTime, etc.<br \/>UNA clavija para la se\u00f1al del altavoz y el micr\u00f3fono<br \/>Control de volumen integrado en el cable<br \/>Dise\u00f1o c\u00f3modo con almohadillas suaves para las orejas y montura ajustable<\/p>\n<p>Details<\/p>\n<p>Los auriculares EW3567 con micr\u00f3fono est\u00e1n especialmente dise\u00f1ados para hablar a trav\u00e9s de su ordenador port\u00e1til, tel\u00e9fono inteligente o tableta. La se\u00f1al del altavoz y el micr\u00f3fono se combinan en UN solo conector. Ideal para utilizar con<br \/>ordenadores port\u00e1tiles equipados con un conector combinado de altavoz\/micr\u00f3fono. Tambi\u00e9n puede utilizar los auriculares con su tableta y tel\u00e9fono inteligente. El control de volumen est\u00e1 integrado en el cable.<\/p>\n<p>\u00a0<\/p>\n","protected":false},"excerpt":{"rendered":"<p>Auricular ewent ew3567 con microfono<\/p>\n","protected":false},"featured_media":234641,"comment_status":"closed","ping_status":"open","template":"","meta":{"_et_pb_use_builder":"","_et_pb_old_content":"","_et_gb_content_width":""},"product_brand":[2990],"product_cat":[2799,2800,2058],"product_tag":[2803,2992,2804,2068,2991],"class_list":{"0":"post-234640","1":"product","2":"type-product","3":"status-publish","4":"has-post-thumbnail","6":"product_brand-ewent","7":"product_cat-altavoces-mp3-y-auriculares","8":"product_cat-auriculares","9":"product_cat-dispositivos","10":"product_tag-altavoces-mp3-y-auriculares","11":"product_tag-auricular-ewent-ew3567-con-microfono","12":"product_tag-auriculares","13":"product_tag-dispositivos","14":"product_tag-ewent","15":"product_shipping_class-2088","16":"pa_canon-digital-incluida-0-e-incluidos","18":"first","19":"instock","20":"taxable","21":"shipping-taxable","22":"purchasable","23":"product-type-simple"},"_links":{"self":[{"href":"https:\/\/linkxa.es\/linkshop\/wp-json\/wp\/v2\/product\/234640","targetHints":{"allow":["GET"]}}],"collection":[{"href":"https:\/\/linkxa.es\/linkshop\/wp-json\/wp\/v2\/product"}],"about":[{"href":"https:\/\/linkxa.es\/linkshop\/wp-json\/wp\/v2\/types\/product"}],"replies":[{"embeddable":true,"href":"https:\/\/linkxa.es\/linkshop\/wp-json\/wp\/v2\/comments?post=234640"}],"wp:featuredmedia":[{"embeddable":true,"href":"https:\/\/linkxa.es\/linkshop\/wp-json\/wp\/v2\/media\/234641"}],"wp:attachment":[{"href":"https:\/\/linkxa.es\/linkshop\/wp-json\/wp\/v2\/media?parent=234640"}],"wp:term":[{"taxonomy":"product_brand","embeddable":true,"href":"https:\/\/linkxa.es\/linkshop\/wp-json\/wp\/v2\/product_brand?post=234640"},{"taxonomy":"product_cat","embeddable":true,"href":"https:\/\/linkxa.es\/linkshop\/wp-json\/wp\/v2\/product_cat?post=234640"},{"taxonomy":"product_tag","embeddable":true,"href":"https:\/\/linkxa.es\/linkshop\/wp-json\/wp\/v2\/product_tag?post=234640"}],"curies":[{"name":"wp","href":"https:\/\/api.w.org\/{rel}","templated":true}]}}