{"id":234649,"date":"2024-12-17T03:26:31","date_gmt":"2024-12-17T03:26:31","guid":{"rendered":"https:\/\/linkxa.es\/contratacion\/producto\/auricular-hiditec-bluetooth-aken-red\/"},"modified":"2025-08-02T09:41:16","modified_gmt":"2025-08-02T09:41:16","slug":"auricular-hiditec-bluetooth-aken-red","status":"publish","type":"product","link":"https:\/\/linkxa.es\/linkshop\/producto\/auricular-hiditec-bluetooth-aken-red\/","title":{"rendered":"Auricular hiditec bluetooth aken red"},"content":{"rendered":"<h3 style=\"text-align: center;\"><strong>Hiditec\u00a0 |\u00a0 Auriculares<\/strong><\/h3>\n<p>\u00a0<\/p>\n<p>DESCRIPCI\u00d3N<br \/>Innovaci\u00f3n al servicio de tus o\u00eddos AKEN cuenta con un revolucionario<br \/>sistema de sujeci\u00f3n con el cual cambiamos el concepto del intrauricular<br \/>que conoces hasta ahora para ofrecerte una excelente experiencia de uso<br \/>en cualquier situaci\u00f3n.<br \/>Innovador sistema de ajuste EARFIX El innovador sistema de ajuste EARFIX<br \/>se adapta perfectamente a ti, consiguiendo que el intrauricular no se<br \/>mueva de tu oreja durante su uso y, adem\u00e1s, ofrezca una perfecta<br \/>insonorizaci\u00f3n y ac\u00fastica aisl\u00e1ndote del ruido exterior. Protecci\u00f3n IPX5<br \/>Util\u00edzalo en cualquier situaci\u00f3n , AKEN ofrece protecci\u00f3n IPX5 frente al agua<br \/>y al sudor. Ya no tienes excusas para escuchar tu m\u00fasica favorita durante<br \/>todo el d\u00eda y en cualquier lugar. M\u00fasica non stop La vida es un non stop, si<br \/>quieres un compa\u00f1ero de viaje, AKEN cuenta con 150mAh de bater\u00eda,<br \/>permitiendo disfrutar de una autonom\u00eda de hasta 9 horas sin interrupciones<br \/>y, por supuesto, podr\u00e1s controlar tu m\u00fasica directamente desde el<br \/>intrauricular. Potencia de 10 Incorpora altavoces de 10mm con imanes de<br \/>neodimio para ofrecer un sonido n\u00edtido y unos potentes graves. Con AKEN,<br \/>disfrutar\u00e1s de la m\u00e1xima potencia, adem\u00e1s de una mayor durabilidad y<br \/>mejor ac\u00fastica gracias al chasis de aluminio anodizado con el que cuenta.<br \/>Sin l\u00edmites, sin cables La conexi\u00f3n Bluetooth 4.2 te dar\u00e1 la libertad de<br \/>reproducir tu m\u00fasica de forma inal\u00e1mbrica, sin interrupciones para hacer tu<br \/>vida m\u00e1s f\u00e1cil. Responde a tus llamadas desde el intrauricular con una sola<br \/>pulsaci\u00f3n.<br \/>ESPECIFICACIONES T\u00c9CNICAS<\/p>\n<p>Auriculares<br \/>Audifonos<br \/>Intraaural<br \/>Frecuencia de auricular<br \/>20 &#8211; 20000 Hz<br \/>Obstrucci\u00f3n<br \/>32 O<br \/>Sensibilidad de auricular<br \/>105 dB<br \/>Sistema ac\u00fastico<br \/>Cerrado<br \/>Tipo de im\u00e1n<br \/>Neodimio<br \/>Unidad de disco<br \/>1 cm<br \/>Micr\u00f3fono<br \/>Sensibilidad de micr\u00f3fono<br \/>-42 dB<br \/>Tipo de micr\u00f3fono<br \/>Integrado<br \/>Requisitos del sistema<br \/>Sistema operativo MAC soportado<br \/>Si<br \/>Sistema operativo Windows soportado<br \/>Si<br \/>Sistemas operativos m\u00f3viles soportados<br \/>Android, BlackBerry OS, iOS<br \/>Otras caracter\u00edsticas<br \/>Conector de 2,5 mm<br \/>No<br \/>Manual de usuario<br \/>Si<br \/>Material del marco<br \/>Aluminio<br \/>Sistema de ajuste seguro<br \/>Si<\/p>\n<p>Bater\u00eda<br \/>Bater\u00eda recargable<br \/>Si<br \/>Capacidad de bater\u00eda<br \/>150 mAh<br \/>Tecnolog\u00eda de bater\u00eda<br \/>Litio<br \/>Tiempo continuo de reproducci\u00f3n de audio<br \/>9 h<br \/>Tiempo de conversaci\u00f3n<br \/>9 h<br \/>Tiempo de recarga de la bater\u00eda<br \/>1,5 h<br \/>Tiempo de reposo<br \/>360 h<br \/>Tipo de bater\u00eda<br \/>Bater\u00eda integrada<br \/>Voltaje de la pila<br \/>3,7 V<br \/>Puertos e Interfaces<br \/>Conector de 3,5 mm<br \/>No<br \/>Alcance inal\u00e1mbrico<br \/>10 m<br \/>Bluetooth<br \/>Si<br \/>Perfiles de Bluetooth<br \/>A2DP,AVRCP,HFP,HSP<br \/>Versi\u00f3n de Bluetooth<br \/>4.2<br \/>Tecnolog\u00eda de conectividad<br \/>Inal\u00e1mbrico<br \/>Desempe\u00f1o<br \/>Color del producto<br \/>Rojo<br \/>Control de volumen<br \/>Digital<br \/>C\u00f3digo IP (International Protection)<br \/>IP5X<br \/>Estilo de uso<br \/>Dentro de o\u00eddo, Banda para cuello<br \/>Funciones de protecci\u00f3n<br \/>Resistente al sudor, Resistente al agua<br \/>Teclas de funcionamiento<br \/>Reproducir\/Pausar, Track &#038;lt,, Pista &#038;gt,, Volume +, Volume &#8211;<br \/>Tipo de producto<br \/>Auriculares<br \/>Tipo de auricular<br \/>Binaural<br \/>Tipo de control<br \/>Control en l\u00ednea<br \/>Uso recomendado<br \/>Calls\/Music<br \/>Contenido del embalaje<br \/>Auriculares adicionales<br \/>Si<br \/>Cables incluidos<br \/>USB<br \/>Funda de transporte<br \/>Si<\/p>\n<p>\u00a0<\/p>\n","protected":false},"excerpt":{"rendered":"<p>Auricular hiditec bluetooth aken red<\/p>\n","protected":false},"featured_media":234650,"comment_status":"closed","ping_status":"open","template":"","meta":{"_et_pb_use_builder":"","_et_pb_old_content":"","_et_gb_content_width":""},"product_brand":[2876],"product_cat":[2799,2800,2058],"product_tag":[2803,2994,2804,2068,2877],"class_list":{"0":"post-234649","1":"product","2":"type-product","3":"status-publish","4":"has-post-thumbnail","6":"product_brand-hiditec","7":"product_cat-altavoces-mp3-y-auriculares","8":"product_cat-auriculares","9":"product_cat-dispositivos","10":"product_tag-altavoces-mp3-y-auriculares","11":"product_tag-auricular-hiditec-bluetooth-aken-red","12":"product_tag-auriculares","13":"product_tag-dispositivos","14":"product_tag-hiditec","15":"product_shipping_class-2059","16":"pa_canon-digital-incluida-0-e-incluidos","18":"first","19":"instock","20":"taxable","21":"shipping-taxable","22":"purchasable","23":"product-type-simple"},"_links":{"self":[{"href":"https:\/\/linkxa.es\/linkshop\/wp-json\/wp\/v2\/product\/234649","targetHints":{"allow":["GET"]}}],"collection":[{"href":"https:\/\/linkxa.es\/linkshop\/wp-json\/wp\/v2\/product"}],"about":[{"href":"https:\/\/linkxa.es\/linkshop\/wp-json\/wp\/v2\/types\/product"}],"replies":[{"embeddable":true,"href":"https:\/\/linkxa.es\/linkshop\/wp-json\/wp\/v2\/comments?post=234649"}],"wp:featuredmedia":[{"embeddable":true,"href":"https:\/\/linkxa.es\/linkshop\/wp-json\/wp\/v2\/media\/234650"}],"wp:attachment":[{"href":"https:\/\/linkxa.es\/linkshop\/wp-json\/wp\/v2\/media?parent=234649"}],"wp:term":[{"taxonomy":"product_brand","embeddable":true,"href":"https:\/\/linkxa.es\/linkshop\/wp-json\/wp\/v2\/product_brand?post=234649"},{"taxonomy":"product_cat","embeddable":true,"href":"https:\/\/linkxa.es\/linkshop\/wp-json\/wp\/v2\/product_cat?post=234649"},{"taxonomy":"product_tag","embeddable":true,"href":"https:\/\/linkxa.es\/linkshop\/wp-json\/wp\/v2\/product_tag?post=234649"}],"curies":[{"name":"wp","href":"https:\/\/api.w.org\/{rel}","templated":true}]}}