{"id":234677,"date":"2025-04-22T14:34:55","date_gmt":"2025-04-22T14:34:55","guid":{"rendered":"https:\/\/linkxa.es\/contratacion\/producto\/altavoz-mars-gaming-ms-eco-bt-5-1\/"},"modified":"2025-08-02T09:43:15","modified_gmt":"2025-08-02T09:43:15","slug":"altavoz-mars-gaming-ms-eco-bt-5-1","status":"publish","type":"product","link":"https:\/\/linkxa.es\/linkshop\/producto\/altavoz-mars-gaming-ms-eco-bt-5-1\/","title":{"rendered":"Altavoz mars gaming ms &#8211; eco bt 5.1"},"content":{"rendered":"<h3 style=\"text-align: center;\"><strong>Mars gaming\u00a0 |\u00a0 Altavoces<\/strong><\/h3>\n<p>\u00a0<\/p>\n<p>Altavoz Bluetooth ecol\u00f3gico MS-ECO de la nueva generaci\u00f3n de producto tecnol\u00f3gicos ECO de Mars Gaming. Fabricado con sustitutivos del pl\u00e1stico: wheat straw y bamb\u00fa, membranas biol\u00f3gicas y<br \/>empaquetado ECO. Colabora para salvar el planeta con el proyecto be plastic smart.<br \/>Proyecto Be Plastic Smart<\/p>\n<p>Es una realidad que los mares y oc\u00e9anos son los grandes receptores de basuras y pl\u00e1sticos y que reciben entre 8 y 10 millones de toneladas de basura al a\u00f1o, lo que ha provocado la formaci\u00f3n de 5<br \/>islas de basura y micro pl\u00e1sticos en los oc\u00e9anos Pac\u00edfico, Atl\u00e1ntico e \u00cdndico, y que resulta en, adem\u00e1s de la propia contaminaci\u00f3n y liberaci\u00f3n de qu\u00edmicos o enredos de los animales marinos entre otros,<br \/>la presencia de micro pl\u00e1sticos en los alimentos de origen marino y, en consecuencia, en la propia cadena alimentaria.<\/p>\n<p>Por ello, para colaborar en el cuidado del planeta, en el fomento de la concienciaci\u00f3n de esta realidad y participar en las actividades de limpieza de nuestras costas, Mars Gaming destinar\u00e1 el 10% de los<br \/>beneficios por la venta del MS-ECO a entidades sin \u00e1nimo de lucro que generen acciones inmediatas y duraderas en este objetivo medioambiental como es la Fundaci\u00f3n Ecomar.<br \/>Caracter\u00edsticas<\/p>\n<p>Material Eco Wheat Straw. El material sustitutivo del pl\u00e1stico m\u00e1s innovador. El wheat straw es un subproducto del trigo obtenido del aprovechamiento de los residuos de las cosechas. Material<br \/>compostable y biodegradable, permite sustituir de forma efectiva el pl\u00e1stico con la dureza y durabilidad requeridas en los productos comerciales.<br \/>Material Eco bamb\u00fa. De bosques sostenibles, el bamb\u00fa es la madera m\u00e1s ecol\u00f3gica de todas gracias a su enorme capacidad de crecimiento utilizando los m\u00ednimos recursos. El bamb\u00fa aporta belleza<br \/>y naturalidad al MS-ECO, adem\u00e1s de sustituir la necesidad del uso de pl\u00e1stico u otros materiales contaminantes.<br \/>Material Eco membrana biol\u00f3gica. Un sonido limpio, equilibrado y potente gracias al uso de membrana biol\u00f3gica en el driver de sonido. Disfruta de una calidad de sonido excelente mientras cuidas el<br \/>medio ambiente.<br \/>Empaquetado ecol\u00f3gico. Fabricado con materiales reciclados y reducido al m\u00ednimo tama\u00f1o posible. Adem\u00e1s, eliminamos todo material que genera residuos de forma innecesaria imprimiendo el<br \/>manual en el propio empaquetado.<br \/>Reduce al m\u00e1ximo la huella de CO2.<br \/>Bluetooth 5.1. Incorporamos el avanzado Bluetooth 5.1 para un m\u00e1ximo ahorro energ\u00e9tico, una estabilidad de la conexi\u00f3n inal\u00e1mbrica ante cualquier circunstancia, una latencia s\u00faper baja y una calidad<br \/>de sonido de alta fidelidad con codecs avanzados. Adem\u00e1s, su conexi\u00f3n es ultra sencilla y autom\u00e1tica una vez emparejado.<br \/>Compacto con gran autonom\u00eda. Tama\u00f1o super compacto y con una bater\u00eda de peque\u00f1o tama\u00f1o para minimizar el impacto medioambiental. Gracias al Bluetooth 5.1 y a avanzados sistemas de ahorro<br \/>de energ\u00eda, obtendr\u00e1s hasta 5 horas de uso. Para que lo disfrutes en cualquier parte.<\/p>\n<p>Especificaciones Mars Gaming MS-ECO<\/p>\n<p>Altavoces<br \/>N\u00famero de dispositivos: 1<\/p>\n<p>Audio<br \/>Potencia estimada RMS: 8 W<br \/>Rango de frecuencia: 20 &#8211; 20000 Hz<br \/>Obstrucci\u00f3n: 4 Ohmios<\/p>\n<p>Puertos e Interfaces<br \/>Tecnolog\u00eda de conectividad: Inal\u00e1mbrico<br \/>Wifi: No<br \/>Bluetooth: Si<br \/>Versi\u00f3n de Bluetooth: 5.1<br \/>Longitud del cable: 0,3 m<\/p>\n<p>Dise\u00f1o<br \/>Tipo de producto: Altavoz monof\u00f3nico port\u00e1til<br \/>Color del producto: Gris<\/p>\n<p>Desempe\u00f1o<br \/>Uso recomendado: Universal<br \/>Tarjeta de lectura integrada: No<\/p>\n<p>Control de energ\u00eda<br \/>Tipo de bater\u00eda: Bater\u00eda integrada<br \/>Tecnolog\u00eda de bater\u00eda: Ion de litio<br \/>Capacidad de bater\u00eda: 600 mAh<br \/>Autonom\u00eda: 5 h<\/p>\n<p>Peso y dimensiones<br \/>Ancho: 91 mm<br \/>Profundidad: 43 mm<br \/>Altura: 91 mm<br \/>Peso: 222 g<br \/>Ancho del paquete: 100 mm<br \/>Profundidad del paquete: 112 mm<br \/>Altura del paquete: 47 mm<\/p>\n<p>Contenido del embalaje<br \/>Cantidad por paquete: 1 pieza(s)<br \/>Cables incluidos: USB<\/p>\n<p>\u00a0<\/p>\n","protected":false},"excerpt":{"rendered":"<p>Altavoz mars gaming ms &#8211; eco bt 5.1 bambu<\/p>\n","protected":false},"featured_media":234678,"comment_status":"closed","ping_status":"open","template":"","meta":{"_et_pb_use_builder":"","_et_pb_old_content":"","_et_gb_content_width":""},"product_brand":[2929],"product_cat":[2822,2799,2058],"product_tag":[2824,2803,2999,2068,2930],"class_list":{"0":"post-234677","1":"product","2":"type-product","3":"status-publish","4":"has-post-thumbnail","6":"product_brand-mars-gaming","7":"product_cat-altavoces","8":"product_cat-altavoces-mp3-y-auriculares","9":"product_cat-dispositivos","10":"product_tag-altavoces","11":"product_tag-altavoces-mp3-y-auriculares","12":"product_tag-altavoz-mars-gaming-ms-eco-bt-5-1","13":"product_tag-dispositivos","14":"product_tag-mars-gaming","15":"product_shipping_class-2059","16":"pa_canon-digital-incluida-0-e-incluidos","18":"first","19":"instock","20":"taxable","21":"shipping-taxable","22":"purchasable","23":"product-type-simple"},"_links":{"self":[{"href":"https:\/\/linkxa.es\/linkshop\/wp-json\/wp\/v2\/product\/234677","targetHints":{"allow":["GET"]}}],"collection":[{"href":"https:\/\/linkxa.es\/linkshop\/wp-json\/wp\/v2\/product"}],"about":[{"href":"https:\/\/linkxa.es\/linkshop\/wp-json\/wp\/v2\/types\/product"}],"replies":[{"embeddable":true,"href":"https:\/\/linkxa.es\/linkshop\/wp-json\/wp\/v2\/comments?post=234677"}],"wp:featuredmedia":[{"embeddable":true,"href":"https:\/\/linkxa.es\/linkshop\/wp-json\/wp\/v2\/media\/234678"}],"wp:attachment":[{"href":"https:\/\/linkxa.es\/linkshop\/wp-json\/wp\/v2\/media?parent=234677"}],"wp:term":[{"taxonomy":"product_brand","embeddable":true,"href":"https:\/\/linkxa.es\/linkshop\/wp-json\/wp\/v2\/product_brand?post=234677"},{"taxonomy":"product_cat","embeddable":true,"href":"https:\/\/linkxa.es\/linkshop\/wp-json\/wp\/v2\/product_cat?post=234677"},{"taxonomy":"product_tag","embeddable":true,"href":"https:\/\/linkxa.es\/linkshop\/wp-json\/wp\/v2\/product_tag?post=234677"}],"curies":[{"name":"wp","href":"https:\/\/api.w.org\/{rel}","templated":true}]}}