{"id":234709,"date":"2025-05-05T07:19:12","date_gmt":"2025-05-05T07:19:12","guid":{"rendered":"https:\/\/linkxa.es\/contratacion\/producto\/auriculares-energy-sistem-high-jump-inalambrico\/"},"modified":"2025-08-02T09:45:03","modified_gmt":"2025-08-02T09:45:03","slug":"auriculares-energy-sistem-high-jump-inalambrico","status":"publish","type":"product","link":"https:\/\/linkxa.es\/linkshop\/producto\/auriculares-energy-sistem-high-jump-inalambrico\/","title":{"rendered":"Auriculares energy sistem high jump inalambrico"},"content":{"rendered":"<h3 style=\"text-align: center;\"><strong>Energy sistem\u00a0 |\u00a0 Auriculares<\/strong><\/h3>\n<p>\u00a0<\/p>\n<p>Practica tu deporte favorito con los auriculares True Wireless High Jump de Energy Sistem con protecci\u00f3n IPX5, resistentes a salpicaduras. Dise\u00f1ados para deportistas, Secure-Fit + y 20 h de autonom\u00eda total. Personaliza tu<br \/>m\u00fasica y controles gracias a ESmart Connect.<br \/>Caracter\u00edsticas<\/p>\n<p>M\u00e1s horas de m\u00fasica y deporte: Auriculares deportivos inal\u00e1mbricos dise\u00f1ados para que nunca te falte la m\u00fasica en tus entrenamientos. Con hasta 20 horas de autonom\u00eda y estuche de carga incluido. Te olvidar\u00e1s de la<br \/>bater\u00eda mientras rindes al m\u00e1ximo nivel.<br \/>S\u00fadalos, l\u00edmpialos, sigue entrenando: Entrena sin preocupaciones gracias a la protecci\u00f3n contra el sudor y las salpicaduras, con certificaci\u00f3n IPX5. Solo tienes que limpiar tus auriculares cuando hayas sudado, y seguir<br \/>con tu rutina deportiva. \u00a1Que nada frene tu ritmo!<br \/>Tecnolog\u00eda inal\u00e1mbrica Bluetooth 5.3: La conexi\u00f3n Bluetooth 5.3 te ofrece una mayor estabilidad y calidad en la se\u00f1al de audio. Adem\u00e1s, con la tecnolog\u00eda True Wireless Stereo podr\u00e1s sincronizarlos f\u00e1cilmente.<br \/>Responde tambi\u00e9n tus llamadas con la mejor calidad de sonido, gracias al micr\u00f3fono integrado.<br \/>T\u00fa te mueves, tus auriculares no: Sea cual sea el deporte que te motiva, tus auriculares inal\u00e1mbricos se mantienen siempre fijos a tus o\u00eddos con el sistema de sujeci\u00f3n Secure-Fit+. Incluyen varios tama\u00f1os de<br \/>almohadillas para que elijas la que mejor se adapte a ti. \u00a1M\u00e1xima comodidad!<\/p>\n<p>Especificaciones Energy Sistem High Jump<\/p>\n<p>Audio<br \/>Di\u00e1metro del driver: 10 mm<br \/>Tipo: Din\u00e1mico<br \/>Impedancia: 32 Ohmios<br \/>Latencia: 100 ms<br \/>Potencia m\u00e1xima: 5 W<br \/>Respuesta en frecuencia: 20 Hz ~ 20 kHz<br \/>THD &#038;lt, 1%: S\u00ed<br \/>Tipo: Intrauditivo<br \/>Conectividad<br \/>Compatible con ESmart Connect App: S\u00ed<br \/>Asistente de voz (Google, Siri): S\u00ed<br \/>Bluetooth &#8211; Versi\u00f3n: 5.3<br \/>Bluetooth &#8211; Clase: 2<br \/>Bluetooth &#8211; Frecuencia de trabajo: 2.4 GHz<br \/>Bluetooth &#8211; Perfiles: A2DP \/ AVRCP \/ HFP \/ HSP<br \/>Bluetooth &#8211; Alcance: 20m<br \/>Bluetooth &#8211; Codecs de audio soportados: AAC \/ SBC<br \/>Bluetooth &#8211; Potencia m\u00e1xima de la se\u00f1al: &#038;lt, 20,00 dBm<br \/>Tecnolog\u00eda True Wireless: S\u00ed<br \/>Bater\u00eda<br \/>Sistema de carga: USB tipo C<br \/>Tipo: LiPo<br \/>Capacidad: 30 mAh<br \/>Voltaje: 3.7 V<br \/>Autonom\u00eda &#8211; Uso normal: 5 horas<br \/>Tiempo de carga: 1.5 horas<br \/>Estuche de carga: S\u00ed<br \/>Estuche de carga &#8211; Tipo: Li-Po<br \/>Estuche de carga &#8211; Capacidad: 300 mAh<br \/>Estuche de carga &#8211; Voltaje: 3.7 V<br \/>Estuche de carga &#8211; Autonom\u00eda adicional: 15 horas<br \/>Estuche de carga &#8211; Tiempo de carga: 1.5 horas<br \/>Micr\u00f3fono<br \/>Manos libres: S\u00ed<br \/>Tipo de micr\u00f3fono: Integrado<br \/>Sensibilidad del micr\u00f3fono: -42 dB 3 dB<br \/>Rango de frecuencia: 100 Hz ~ 10 kHz<br \/>ENC: S\u00ed<br \/>Compatibilidad<br \/>Smartphone \/ Tablet<br \/>Otras caracter\u00edsticas<br \/>Control de reproducci\u00f3n: S\u00ed<br \/>Control de volumen: S\u00ed<br \/>Cert. IPXX: IPX5<br \/>Dimensiones y peso<br \/>Alto: 30 mm<br \/>Ancho: 56 mm<br \/>Profundo: 45 mm<br \/>Peso: 34 g<br \/>Contenido de la caja<br \/>Auriculares Energy Sistem High Jump<br \/>Estuche de carga<br \/>Almohadillas intercambiables<br \/>Cable USB Tipo C<br \/>Gu\u00eda r\u00e1pida<\/p>\n<p>\u00a0<\/p>\n","protected":false},"excerpt":{"rendered":"<p>Auriculares energy sistem high jump inalambrico blanco<\/p>\n","protected":false},"featured_media":234710,"comment_status":"closed","ping_status":"open","template":"","meta":{"_et_pb_use_builder":"","_et_pb_old_content":"","_et_gb_content_width":""},"product_brand":[2879],"product_cat":[2799,2800,2058],"product_tag":[2803,2804,3004,2068,2880],"class_list":{"0":"post-234709","1":"product","2":"type-product","3":"status-publish","4":"has-post-thumbnail","6":"product_brand-energy-sistem","7":"product_cat-altavoces-mp3-y-auriculares","8":"product_cat-auriculares","9":"product_cat-dispositivos","10":"product_tag-altavoces-mp3-y-auriculares","11":"product_tag-auriculares","12":"product_tag-auriculares-energy-sistem-high-jump-inalambrico","13":"product_tag-dispositivos","14":"product_tag-energy-sistem","15":"product_shipping_class-2059","16":"pa_canon-digital-incluida-0-e-incluidos","18":"first","19":"instock","20":"taxable","21":"shipping-taxable","22":"purchasable","23":"product-type-simple"},"_links":{"self":[{"href":"https:\/\/linkxa.es\/linkshop\/wp-json\/wp\/v2\/product\/234709","targetHints":{"allow":["GET"]}}],"collection":[{"href":"https:\/\/linkxa.es\/linkshop\/wp-json\/wp\/v2\/product"}],"about":[{"href":"https:\/\/linkxa.es\/linkshop\/wp-json\/wp\/v2\/types\/product"}],"replies":[{"embeddable":true,"href":"https:\/\/linkxa.es\/linkshop\/wp-json\/wp\/v2\/comments?post=234709"}],"wp:featuredmedia":[{"embeddable":true,"href":"https:\/\/linkxa.es\/linkshop\/wp-json\/wp\/v2\/media\/234710"}],"wp:attachment":[{"href":"https:\/\/linkxa.es\/linkshop\/wp-json\/wp\/v2\/media?parent=234709"}],"wp:term":[{"taxonomy":"product_brand","embeddable":true,"href":"https:\/\/linkxa.es\/linkshop\/wp-json\/wp\/v2\/product_brand?post=234709"},{"taxonomy":"product_cat","embeddable":true,"href":"https:\/\/linkxa.es\/linkshop\/wp-json\/wp\/v2\/product_cat?post=234709"},{"taxonomy":"product_tag","embeddable":true,"href":"https:\/\/linkxa.es\/linkshop\/wp-json\/wp\/v2\/product_tag?post=234709"}],"curies":[{"name":"wp","href":"https:\/\/api.w.org\/{rel}","templated":true}]}}