{"id":234713,"date":"2025-06-01T18:53:36","date_gmt":"2025-06-01T18:53:36","guid":{"rendered":"https:\/\/linkxa.es\/contratacion\/producto\/auriculares-jabra-engage-40-negro\/"},"modified":"2025-08-02T09:45:28","modified_gmt":"2025-08-02T09:45:28","slug":"auriculares-jabra-engage-40-negro","status":"publish","type":"product","link":"https:\/\/linkxa.es\/linkshop\/producto\/auriculares-jabra-engage-40-negro\/","title":{"rendered":"Auriculares jabra engage 40 negro"},"content":{"rendered":"<h3 style=\"text-align: center;\"><strong>Jabra\u00a0 |\u00a0 Auriculares<\/strong><\/h3>\n<p>\u00a0<\/p>\n<p>\u00ab`<br \/>&#8211; GENERAL<\/p>\n<p>Tipo de producto: Auricular con cable<br \/>Uso recomendado: Ordenador &#8211; comunicaci\u00f3n<br \/>Conector: USB-A (USB 4 espigas, Tipo A)<br \/>Material de las almohadillas: Cuero sint\u00e9tico<br \/>Protecci\u00f3n: Protecci\u00f3n a impactos ac\u00fasticos<br \/>Certificaci\u00f3n de software: Optimizado para Microsoft Teams<br \/>Cumplimiento de normas: OSHA, G616<br \/>Garant\u00eda del fabricante: 3 a\u00f1os<br \/>Accesorios incluidos: Bolso para transporte, unidad de control<\/p>\n<p>&#8211; DIMENSIONES Y PESO<\/p>\n<p>Anchura: 16.7 cm<br \/>Altura: 16.7 cm<br \/>Profundidad: 5.4 cm<br \/>Peso: 63 g<\/p>\n<p>&#8211; AUDIO SALIDA<\/p>\n<p>Modo de salida del sonido: Est\u00e9reo<br \/>Respuesta de frecuencia:<br \/>&#8211; Multimedia: 50 &#8211; 20000 Hz<br \/>&#8211; Comunicaci\u00f3n: 100 &#8211; 14000 Hz<br \/>Control de volumen en el cable: S\u00ed<br \/>Aislamiento de ruido: S\u00ed<br \/>Funci\u00f3n de limitaci\u00f3n de volumen: S\u00ed<br \/>Diafragma: 20 mm<br \/>Presi\u00f3n de sonido m\u00e1xima: 105 dB<br \/>Alimentaci\u00f3n de entrada m\u00e1xima: 30 mW<br \/>Tecnolog\u00eda de conectividad: Cableado<br \/>Efectos de sonido: HD Voice<br \/>Factor de forma de los auriculares: En oreja<br \/>Caracter\u00edsticas de audio:<br \/>&#8211; Luz ocupado<br \/>&#8211; Tecnolog\u00eda PeakStop<br \/>&#8211; Jabra Direct<br \/>&#8211; Jabra Xpress<br \/>&#8211; Procesamiento digital de se\u00f1ales<br \/>&#8211; SafeToneTM 2.0<br \/>&#8211; IntelliTone 2.0<br \/>&#8211; Normalizaci\u00f3n del nivel del habla<br \/>&#8211; Jabra BalancedVoice<\/p>\n<p>&#8211; MICR\u00d3FONO<\/p>\n<p>Micr\u00f3fonos incluidos: 2<br \/>Tipo de micr\u00f3fono: Boom<br \/>Factor de forma: Micr\u00f3fono de auriculares<br \/>Respuesta de frecuencia: 100 &#8211; 8000 Hz<br \/>Sensibilidad: -38 dBV\/Pascal<\/p>\n<p>&#8211; CONTROL REMOTO<\/p>\n<p>Controles:<br \/>&#8211; Sin sonido<br \/>&#8211; Control de volumen<br \/>&#8211; Responder\/finalizar<br \/>&#8211; Bot\u00f3n programable<\/p>\n<p>&#8211; CABLE<\/p>\n<p>Longitud del cable: 2.4 m<br \/>Detalles de cables: Cable para auriculares de 2.4 m<br \/>\u00ab`<\/p>\n<p>\u00a0<\/p>\n","protected":false},"excerpt":{"rendered":"<p>Auriculares jabra engage 40 negro<\/p>\n","protected":false},"featured_media":234714,"comment_status":"closed","ping_status":"open","template":"","meta":{"_et_pb_use_builder":"","_et_pb_old_content":"","_et_gb_content_width":""},"product_brand":[2839],"product_cat":[2799,2800,2058],"product_tag":[2803,2804,3005,2068,2840],"class_list":{"0":"post-234713","1":"product","2":"type-product","3":"status-publish","4":"has-post-thumbnail","6":"product_brand-jabra","7":"product_cat-altavoces-mp3-y-auriculares","8":"product_cat-auriculares","9":"product_cat-dispositivos","10":"product_tag-altavoces-mp3-y-auriculares","11":"product_tag-auriculares","12":"product_tag-auriculares-jabra-engage-40-negro","13":"product_tag-dispositivos","14":"product_tag-jabra","15":"product_shipping_class-2059","16":"pa_canon-digital-incluida-0-e-incluidos","18":"first","19":"instock","20":"taxable","21":"shipping-taxable","22":"purchasable","23":"product-type-simple"},"_links":{"self":[{"href":"https:\/\/linkxa.es\/linkshop\/wp-json\/wp\/v2\/product\/234713","targetHints":{"allow":["GET"]}}],"collection":[{"href":"https:\/\/linkxa.es\/linkshop\/wp-json\/wp\/v2\/product"}],"about":[{"href":"https:\/\/linkxa.es\/linkshop\/wp-json\/wp\/v2\/types\/product"}],"replies":[{"embeddable":true,"href":"https:\/\/linkxa.es\/linkshop\/wp-json\/wp\/v2\/comments?post=234713"}],"wp:featuredmedia":[{"embeddable":true,"href":"https:\/\/linkxa.es\/linkshop\/wp-json\/wp\/v2\/media\/234714"}],"wp:attachment":[{"href":"https:\/\/linkxa.es\/linkshop\/wp-json\/wp\/v2\/media?parent=234713"}],"wp:term":[{"taxonomy":"product_brand","embeddable":true,"href":"https:\/\/linkxa.es\/linkshop\/wp-json\/wp\/v2\/product_brand?post=234713"},{"taxonomy":"product_cat","embeddable":true,"href":"https:\/\/linkxa.es\/linkshop\/wp-json\/wp\/v2\/product_cat?post=234713"},{"taxonomy":"product_tag","embeddable":true,"href":"https:\/\/linkxa.es\/linkshop\/wp-json\/wp\/v2\/product_tag?post=234713"}],"curies":[{"name":"wp","href":"https:\/\/api.w.org\/{rel}","templated":true}]}}