{"id":234752,"date":"2025-03-16T06:15:53","date_gmt":"2025-03-16T06:15:53","guid":{"rendered":"https:\/\/linkxa.es\/contratacion\/producto\/auriculares-jabra-evolve-20-ms-negro\/"},"modified":"2025-08-02T09:48:20","modified_gmt":"2025-08-02T09:48:20","slug":"auriculares-jabra-evolve-20-ms-negro","status":"publish","type":"product","link":"https:\/\/linkxa.es\/linkshop\/producto\/auriculares-jabra-evolve-20-ms-negro\/","title":{"rendered":"Auriculares jabra evolve 20 ms negro"},"content":{"rendered":"<h3 style=\"text-align: center;\"><strong>Jabra\u00a0 |\u00a0 Auriculares<\/strong><\/h3>\n<p>\u00a0<\/p>\n<p>\u00ab`<br \/>&#8211; GENERAL<\/p>\n<p>Tipo de producto: Auricular con cable<br \/>Uso recomendado: Componentes electr\u00f3nicos port\u00e1tiles, tel\u00e9fono, ordenador &#8211; comunicaci\u00f3n<br \/>Compatibilidad: Mac, Windows<br \/>Material de las almohadillas: Espuma<br \/>Material de la banda de cabeza: Espuma<br \/>Peso: 104 g<\/p>\n<p>&#8211; DIMENSIONES<\/p>\n<p>Anchura: 14.96 cm<br \/>Altura: 17.01 cm<br \/>Profundidad: 5.95 cm<\/p>\n<p>&#8211; ACCESORIOS INCLUIDOS<\/p>\n<p>Cable USB<\/p>\n<p>&#8211; CUMPLIMIENTO Y CERTIFICACIONES<\/p>\n<p>Cumplimiento de normas: Plug and Play, UL, FCC, KCC, RCM<\/p>\n<p>&#8211; CABLE<\/p>\n<p>Detalles de cables:<br \/>&#8211; Cable para auriculares: 1.2 m<br \/>&#8211; Cable de control de USB: 95 cm<\/p>\n<p>&#8211; AUDIO SALIDA<\/p>\n<p>Modo de salida del sonido: Mono<br \/>Control de volumen en el cable: S\u00ed<br \/>Aislamiento de ruido: S\u00ed<br \/>Diadema ajustable: S\u00ed<br \/>Impedancia: 32 Ohm<br \/>Diafragma: 28 mm<br \/>Alimentaci\u00f3n de entrada m\u00e1xima: 5 mW<br \/>Respuesta de frecuencia: 150 &#8211; 7000 Hz<br \/>Sensibilidad: 93.6 dB<br \/>Tecnolog\u00eda de conectividad: Cableado<br \/>Factor de forma de los auriculares: En oreja &#8211; convertible<br \/>Caracter\u00edsticas de audio:<br \/>&#8211; Luz ocupado<br \/>&#8211; Tecnolog\u00eda PeakStop<\/p>\n<p>&#8211; CONEXIONES<\/p>\n<p>Tipo de conector: Auriculares (USB-C de 24 pines)<\/p>\n<p>&#8211; MICR\u00d3FONO<\/p>\n<p>Tipo: Boom<br \/>Factor de forma: Micr\u00f3fono de auriculares<br \/>Tecnolog\u00eda del micr\u00f3fono: Condensador de electretos<br \/>Respuesta de frecuencia: 100 &#8211; 10000 Hz<br \/>Sensibilidad: -44 dB<\/p>\n<p>&#8211; CONTROL REMOTO<\/p>\n<p>Controles:<br \/>&#8211; Sin sonido<br \/>&#8211; Volumen<br \/>&#8211; Responder\/finalizar<\/p>\n<p>&#8211; DIMENSIONES Y PESO (EMBALAJE)<\/p>\n<p>Anchura del embalaje: 18 cm<br \/>Altura del embalaje: 23 cm<br \/>Profundidad del embalaje: 3.5 cm<br \/>\u00ab`<\/p>\n<p>\u00a0<\/p>\n","protected":false},"excerpt":{"rendered":"<p>Auriculares jabra evolve 20 ms negro<\/p>\n","protected":false},"featured_media":234753,"comment_status":"closed","ping_status":"open","template":"","meta":{"_et_pb_use_builder":"","_et_pb_old_content":"","_et_gb_content_width":""},"product_brand":[2839],"product_cat":[2799,2800,2058],"product_tag":[2803,2804,3011,2068,2840],"class_list":{"0":"post-234752","1":"product","2":"type-product","3":"status-publish","4":"has-post-thumbnail","6":"product_brand-jabra","7":"product_cat-altavoces-mp3-y-auriculares","8":"product_cat-auriculares","9":"product_cat-dispositivos","10":"product_tag-altavoces-mp3-y-auriculares","11":"product_tag-auriculares","12":"product_tag-auriculares-jabra-evolve-20-ms-negro","13":"product_tag-dispositivos","14":"product_tag-jabra","15":"product_shipping_class-2059","16":"pa_canon-digital-incluida-0-e-incluidos","18":"first","19":"instock","20":"taxable","21":"shipping-taxable","22":"purchasable","23":"product-type-simple"},"_links":{"self":[{"href":"https:\/\/linkxa.es\/linkshop\/wp-json\/wp\/v2\/product\/234752","targetHints":{"allow":["GET"]}}],"collection":[{"href":"https:\/\/linkxa.es\/linkshop\/wp-json\/wp\/v2\/product"}],"about":[{"href":"https:\/\/linkxa.es\/linkshop\/wp-json\/wp\/v2\/types\/product"}],"replies":[{"embeddable":true,"href":"https:\/\/linkxa.es\/linkshop\/wp-json\/wp\/v2\/comments?post=234752"}],"wp:featuredmedia":[{"embeddable":true,"href":"https:\/\/linkxa.es\/linkshop\/wp-json\/wp\/v2\/media\/234753"}],"wp:attachment":[{"href":"https:\/\/linkxa.es\/linkshop\/wp-json\/wp\/v2\/media?parent=234752"}],"wp:term":[{"taxonomy":"product_brand","embeddable":true,"href":"https:\/\/linkxa.es\/linkshop\/wp-json\/wp\/v2\/product_brand?post=234752"},{"taxonomy":"product_cat","embeddable":true,"href":"https:\/\/linkxa.es\/linkshop\/wp-json\/wp\/v2\/product_cat?post=234752"},{"taxonomy":"product_tag","embeddable":true,"href":"https:\/\/linkxa.es\/linkshop\/wp-json\/wp\/v2\/product_tag?post=234752"}],"curies":[{"name":"wp","href":"https:\/\/api.w.org\/{rel}","templated":true}]}}