{"id":234762,"date":"2025-05-12T06:11:41","date_gmt":"2025-05-12T06:11:41","guid":{"rendered":"https:\/\/linkxa.es\/contratacion\/producto\/auriculares-conceptronic-polona04ba-inalambrico-negro\/"},"modified":"2025-08-02T09:49:09","modified_gmt":"2025-08-02T09:49:09","slug":"auriculares-conceptronic-polona04ba-inalambrico-negro","status":"publish","type":"product","link":"https:\/\/linkxa.es\/linkshop\/producto\/auriculares-conceptronic-polona04ba-inalambrico-negro\/","title":{"rendered":"Auriculares conceptronic polona04ba inalambrico negro"},"content":{"rendered":"<h3 style=\"text-align: center;\"><strong>Conceptronic\u00a0 |\u00a0 Auriculares<\/strong><\/h3>\n<p>\u00a0<\/p>\n<p>-TIPO DE CONEXI\u00d3N\u00a0<br \/>Bluetooth\u00a0<br \/>Adaptador de audio Bluetooth incluido para dispositivos sin Bluetooth\u00a0<br \/>Puerto de audio 3.5mm\u00a0<br \/>Puerto de carga USB-C\u00a0<\/p>\n<p>-AUTONOM\u00cdA Y BATER\u00cdA\u00a0<br \/>Capacidad de bater\u00eda: 600 mAh\u00a0<br \/>Capacidad energ\u00e9tica: 2.22 Wh\u00a0<br \/>Voltaje de bater\u00eda: 3.7V\u00a0<br \/>Duraci\u00f3n de uso continuo: hasta 44 horas\u00a0<br \/>Tiempo de recarga: 2 \u00b1 0.5 horas\u00a0<br \/>Entrada de alimentaci\u00f3n: DC 5V\u00a0<\/p>\n<p>-AUDIO\u00a0<br \/>Sistema de audio: 2.0 canales\u00a0<br \/>Potencia RMS: 10mW\u00a0<br \/>Impedancia: 32 ohm\u00a0<br \/>Relaci\u00f3n se\u00f1al\/ruido: 55dB\u00a0<br \/>Frecuencia: 2.402 &#8211; 2.480GHz\u00a0<\/p>\n<p>-MICR\u00d3FONO\u00a0<br \/>Tecnolog\u00eda de cancelaci\u00f3n de ruido\u00a0<br \/>Micr\u00f3fono rotatorio 270\u00b0\u00a0<br \/>Sensibilidad del micr\u00f3fono: -42dB \u00b1 2dB\u00a0<br \/>Bot\u00f3n de silenciamiento del micr\u00f3fono\u00a0<\/p>\n<p>-CONTROLES\u00a0<br \/>Encendido\/Apagado\u00a0<br \/>Volumen + \/ &#8211;\u00a0<br \/>Silenciar\/Activar micr\u00f3fono\u00a0<br \/>Reproducir\/Pausar\u00a0<br \/>Pista anterior \/ siguiente\u00a0<\/p>\n<p>-DISE\u00d1O Y CONFORT\u00a0<br \/>Almohadillas suaves\u00a0<br \/>Diadema ajustable\u00a0<br \/>Dise\u00f1o liviano para uso prolongado\u00a0<\/p>\n<p>-DIMENSIONES Y PESO\u00a0<br \/>Dimensiones: 169.19 x 67.97 x 186.52 mm\u00a0<br \/>Peso: 0.17 kg\u00a0<\/p>\n<p>-VERSI\u00d3N DE BLUETOOTH\u00a0<br \/>Bluetooth 5.3\u00a0<\/p>\n<p>-COMPATIBILIDAD\u00a0<br \/>Compatible con PC, laptops y otros dispositivos con y sin Bluetooth\u00a0<br \/>Funciona en oficinas, centros de llamadas o uso dom\u00e9stico\u00a0<\/p>\n<p>-CUMPLIMIENTO Y CERTIFICACIONES\u00a0<br \/>Certificaciones: CE, RoHS\u00a0<br \/>Temperatura de operaci\u00f3n: 0\u00b0C ~ 45\u00b0C\u00a0<\/p>\n<p>-CONTENIDO DEL EMPAQUE\u00a0<br \/>Auriculares est\u00e9reo Bluetooth\u00a0<br \/>Cable USB-C a USB-A\u00a0<br \/>Adaptador de audio Bluetooth\u00a0<br \/>Gu\u00eda r\u00e1pida de instalaci\u00f3n multiling\u00fce\u00a0<\/p>\n<p>-DATOS LOG\u00cdSTICOS\u00a0<br \/>C\u00f3digo HS: 851830\u00a0<br \/>C\u00f3digo TARIC: 8518300090\u00a0<\/p>\n<p>-INFORMACI\u00d3N GENERAL\u00a0<br \/>Color: Negro\u00a0<br \/>EAN: 4015867234341\u00a0<br \/>N\u00famero de modelo: POLONA04BA<\/p>\n<p>\u00a0<\/p>\n","protected":false},"excerpt":{"rendered":"<p>Auriculares conceptronic polona04ba inalambrico negro<\/p>\n","protected":false},"featured_media":234763,"comment_status":"closed","ping_status":"open","template":"","meta":{"_et_pb_use_builder":"","_et_pb_old_content":"","_et_gb_content_width":""},"product_brand":[2897],"product_cat":[2799,2800,2058],"product_tag":[2803,2804,3013,2898,2068],"class_list":{"0":"post-234762","1":"product","2":"type-product","3":"status-publish","4":"has-post-thumbnail","6":"product_brand-conceptronic","7":"product_cat-altavoces-mp3-y-auriculares","8":"product_cat-auriculares","9":"product_cat-dispositivos","10":"product_tag-altavoces-mp3-y-auriculares","11":"product_tag-auriculares","12":"product_tag-auriculares-conceptronic-polona04ba-inalambrico-negro","13":"product_tag-conceptronic","14":"product_tag-dispositivos","15":"product_shipping_class-2059","16":"pa_canon-digital-incluida-0-e-incluidos","18":"first","19":"instock","20":"taxable","21":"shipping-taxable","22":"purchasable","23":"product-type-simple"},"_links":{"self":[{"href":"https:\/\/linkxa.es\/linkshop\/wp-json\/wp\/v2\/product\/234762","targetHints":{"allow":["GET"]}}],"collection":[{"href":"https:\/\/linkxa.es\/linkshop\/wp-json\/wp\/v2\/product"}],"about":[{"href":"https:\/\/linkxa.es\/linkshop\/wp-json\/wp\/v2\/types\/product"}],"replies":[{"embeddable":true,"href":"https:\/\/linkxa.es\/linkshop\/wp-json\/wp\/v2\/comments?post=234762"}],"wp:featuredmedia":[{"embeddable":true,"href":"https:\/\/linkxa.es\/linkshop\/wp-json\/wp\/v2\/media\/234763"}],"wp:attachment":[{"href":"https:\/\/linkxa.es\/linkshop\/wp-json\/wp\/v2\/media?parent=234762"}],"wp:term":[{"taxonomy":"product_brand","embeddable":true,"href":"https:\/\/linkxa.es\/linkshop\/wp-json\/wp\/v2\/product_brand?post=234762"},{"taxonomy":"product_cat","embeddable":true,"href":"https:\/\/linkxa.es\/linkshop\/wp-json\/wp\/v2\/product_cat?post=234762"},{"taxonomy":"product_tag","embeddable":true,"href":"https:\/\/linkxa.es\/linkshop\/wp-json\/wp\/v2\/product_tag?post=234762"}],"curies":[{"name":"wp","href":"https:\/\/api.w.org\/{rel}","templated":true}]}}