{"id":234767,"date":"2025-05-06T13:04:16","date_gmt":"2025-05-06T13:04:16","guid":{"rendered":"https:\/\/linkxa.es\/contratacion\/producto\/auriculares-sony-mdrzx110apw-blanco-pleglable-microfono\/"},"modified":"2025-08-02T09:49:32","modified_gmt":"2025-08-02T09:49:32","slug":"auriculares-sony-mdrzx110apw-blanco-pleglable-microfono","status":"publish","type":"product","link":"https:\/\/linkxa.es\/linkshop\/producto\/auriculares-sony-mdrzx110apw-blanco-pleglable-microfono\/","title":{"rendered":"Auriculares sony mdrzx110apw blanco pleglable microfono"},"content":{"rendered":"<h3 style=\"text-align: center;\"><strong>Sony\u00a0 |\u00a0 Auriculares<\/strong><\/h3>\n<p>\u00a0<\/p>\n<p>AURICULARES SONY MDRZX110APW \/ BLANCO \/ PLEGLABLE \/ MICROFONO<\/p>\n<p>Los controladores de neodimio din\u00e1micos proporcionan un sonido preciso<br \/>Gracias a las ligeras unidades de diafragma de neodimio din\u00e1mico de 30<br \/>mm, los auriculares ofrecen una respuesta potente y r\u00edtmica incluso con<br \/>las pistas m\u00e1s exigentes. Comb\u00ednalas con un diafragma de alta<br \/>sensibilidad y podr\u00e1s subir el volumen de los auriculares todav\u00eda m\u00e1s (sin<br \/>necesidad de un amplificador) y a\u00fan as\u00ed disfrutar de un audio n\u00edtido y<br \/>preciso en todo el espectro.<\/p>\n<p>Imagen de Auriculares ZX110<br \/>El dise\u00f1o plegable giratorio te permite viajar con facilidad<br \/>Ll\u00e9vate estos auriculares contigo all\u00e1 donde vayas. El dise\u00f1o giratorio de<br \/>los auriculares te permite guardarlos c\u00f3modamente cuando no los utilizas<br \/>y facilita su transporte mientras est\u00e1s de viaje. Los auriculares se pliegan<br \/>para que puedas colocarlos dentro de la maleta o el bolso sin que ocupen<br \/>demasiado espacio.<\/p>\n<p>Imagen de Auriculares ZX110<br \/>Mando a distancia y micr\u00f3fono integrados para llamadas manos libres<br \/>Con el mando a distancia y el micr\u00f3fono integrados en el cable de los<br \/>auriculares, podr\u00e1s recibir llamadas manos libres desde smartphones<br \/>seleccionados mientras escuchas m\u00fasica. Cambia f\u00e1cilmente entre<br \/>canciones y llamadas sin necesidad de quitarte los auriculares. * * Solo<br \/>con el modelo MDR-ZX110AP<\/p>\n<p>\u00a0<\/p>\n","protected":false},"excerpt":{"rendered":"<p>Auriculares sony mdrzx110apw &#8211; blanco &#8211; pleglable &#8211; microfono<\/p>\n","protected":false},"featured_media":234768,"comment_status":"closed","ping_status":"open","template":"","meta":{"_et_pb_use_builder":"","_et_pb_old_content":"","_et_gb_content_width":""},"product_brand":[2912],"product_cat":[2799,2800,2058],"product_tag":[2803,2804,3014,2068,2913],"class_list":{"0":"post-234767","1":"product","2":"type-product","3":"status-publish","4":"has-post-thumbnail","6":"product_brand-sony","7":"product_cat-altavoces-mp3-y-auriculares","8":"product_cat-auriculares","9":"product_cat-dispositivos","10":"product_tag-altavoces-mp3-y-auriculares","11":"product_tag-auriculares","12":"product_tag-auriculares-sony-mdrzx110apw-blanco-pleglable-microfono","13":"product_tag-dispositivos","14":"product_tag-sony","15":"product_shipping_class-2059","16":"pa_canon-digital-incluida-0-e-incluidos","18":"first","19":"instock","20":"taxable","21":"shipping-taxable","22":"purchasable","23":"product-type-simple"},"_links":{"self":[{"href":"https:\/\/linkxa.es\/linkshop\/wp-json\/wp\/v2\/product\/234767","targetHints":{"allow":["GET"]}}],"collection":[{"href":"https:\/\/linkxa.es\/linkshop\/wp-json\/wp\/v2\/product"}],"about":[{"href":"https:\/\/linkxa.es\/linkshop\/wp-json\/wp\/v2\/types\/product"}],"replies":[{"embeddable":true,"href":"https:\/\/linkxa.es\/linkshop\/wp-json\/wp\/v2\/comments?post=234767"}],"wp:featuredmedia":[{"embeddable":true,"href":"https:\/\/linkxa.es\/linkshop\/wp-json\/wp\/v2\/media\/234768"}],"wp:attachment":[{"href":"https:\/\/linkxa.es\/linkshop\/wp-json\/wp\/v2\/media?parent=234767"}],"wp:term":[{"taxonomy":"product_brand","embeddable":true,"href":"https:\/\/linkxa.es\/linkshop\/wp-json\/wp\/v2\/product_brand?post=234767"},{"taxonomy":"product_cat","embeddable":true,"href":"https:\/\/linkxa.es\/linkshop\/wp-json\/wp\/v2\/product_cat?post=234767"},{"taxonomy":"product_tag","embeddable":true,"href":"https:\/\/linkxa.es\/linkshop\/wp-json\/wp\/v2\/product_tag?post=234767"}],"curies":[{"name":"wp","href":"https:\/\/api.w.org\/{rel}","templated":true}]}}