{"id":234855,"date":"2025-06-10T03:57:10","date_gmt":"2025-06-10T03:57:10","guid":{"rendered":"https:\/\/linkxa.es\/contratacion\/producto\/auricular-hiditec-bluetooth-fenix-black-tws\/"},"modified":"2025-08-02T09:54:21","modified_gmt":"2025-08-02T09:54:21","slug":"auricular-hiditec-bluetooth-fenix-black-tws","status":"publish","type":"product","link":"https:\/\/linkxa.es\/linkshop\/producto\/auricular-hiditec-bluetooth-fenix-black-tws\/","title":{"rendered":"Auricular hiditec bluetooth fenix black tws"},"content":{"rendered":"<h3 style=\"text-align: center;\"><strong>Hiditec\u00a0 |\u00a0 Auriculares<\/strong><\/h3>\n<p>\u00a0<\/p>\n<p>Especificaciones Hiditec Auricular FENIXBLACK True Wireless Earbuds<br \/>FENIX TWS cuenta con tecnolog\u00eda de baja latencia, adem\u00e1s tiene una autonom\u00eda de 18 horas e incorpora asistente de voz. Su dise\u00f1o reducido y ergon\u00f3mico se adapta perfectamente evitando que se<br \/>mueva.<\/p>\n<p>\u00a0<br \/>Marca Hiditec<br \/>Modelo INT010008<br \/>Caracter\u00edsticas Conectividad<br \/>&#8211; Bluetooth 5.0<br \/>&#8211; Alcance hasta 20 metros<br \/>Drivers<br \/>&#8211; Respuesta en frecuencia: 20 Hz ~ 20 KHz<br \/>&#8211; Di\u00e1metro: 6 mm con membranas de Titanio<br \/>&#8211; Sensibilidad del altavoz: 963dB<br \/>&#8211; Impedancia: 16 15% 1kHz<br \/>Micr\u00f3fono<br \/>&#8211; Sensibilidad: -42 dB3 dB (@1 Khz)<br \/>Caja de carga imantada<br \/>&#8211; Capacidad: 380 mAh<br \/>&#8211; DC 5V\/1A<br \/>&#8211; Tipo: Litio<br \/>&#8211; Autonom\u00eda en uso: hasta 18 horas<br \/>&#8211; Sistema de carga: USB-C<br \/>&#8211; Tiempo de carga: 2 horas<br \/>&#8211; Dimensi\u00f3n de la caja de carga imantada: 62 * 22 * 45 mm<br \/>&#8211; Peso neto caja de carga imantada: 37 g.<br \/>Auriculares<br \/>&#8211; Peso neto auriculares: 6 g * 2 auriculares.<br \/>&#8211; Tiempo de carga: 1 hora<br \/>Otros<br \/>&#8211; Perfiles compatibles: HSP, HFP, A2DP, AVRCP<br \/>Contenido de la caja<br \/>&#8211; Auriculares in-ear True Wireless.<br \/>&#8211; Caja de carga imantada.<br \/>&#8211; Cable USB-C.<br \/>&#8211; Almohadillas intercambiables.<br \/>&#8211; Manual de usuario.<\/p>\n<p>\u00a0<\/p>\n","protected":false},"excerpt":{"rendered":"<p>Auricular hiditec bluetooth fenix black tws<\/p>\n","protected":false},"featured_media":234856,"comment_status":"closed","ping_status":"open","template":"","meta":{"_et_pb_use_builder":"","_et_pb_old_content":"","_et_gb_content_width":""},"product_brand":[2876],"product_cat":[2799,2800,2058],"product_tag":[2803,3023,2804,2068,2877],"class_list":{"0":"post-234855","1":"product","2":"type-product","3":"status-publish","4":"has-post-thumbnail","6":"product_brand-hiditec","7":"product_cat-altavoces-mp3-y-auriculares","8":"product_cat-auriculares","9":"product_cat-dispositivos","10":"product_tag-altavoces-mp3-y-auriculares","11":"product_tag-auricular-hiditec-bluetooth-fenix-black-tws","12":"product_tag-auriculares","13":"product_tag-dispositivos","14":"product_tag-hiditec","15":"product_shipping_class-2059","16":"pa_canon-digital-incluida-0-e-incluidos","18":"first","19":"instock","20":"taxable","21":"shipping-taxable","22":"purchasable","23":"product-type-simple"},"_links":{"self":[{"href":"https:\/\/linkxa.es\/linkshop\/wp-json\/wp\/v2\/product\/234855","targetHints":{"allow":["GET"]}}],"collection":[{"href":"https:\/\/linkxa.es\/linkshop\/wp-json\/wp\/v2\/product"}],"about":[{"href":"https:\/\/linkxa.es\/linkshop\/wp-json\/wp\/v2\/types\/product"}],"replies":[{"embeddable":true,"href":"https:\/\/linkxa.es\/linkshop\/wp-json\/wp\/v2\/comments?post=234855"}],"wp:featuredmedia":[{"embeddable":true,"href":"https:\/\/linkxa.es\/linkshop\/wp-json\/wp\/v2\/media\/234856"}],"wp:attachment":[{"href":"https:\/\/linkxa.es\/linkshop\/wp-json\/wp\/v2\/media?parent=234855"}],"wp:term":[{"taxonomy":"product_brand","embeddable":true,"href":"https:\/\/linkxa.es\/linkshop\/wp-json\/wp\/v2\/product_brand?post=234855"},{"taxonomy":"product_cat","embeddable":true,"href":"https:\/\/linkxa.es\/linkshop\/wp-json\/wp\/v2\/product_cat?post=234855"},{"taxonomy":"product_tag","embeddable":true,"href":"https:\/\/linkxa.es\/linkshop\/wp-json\/wp\/v2\/product_tag?post=234855"}],"curies":[{"name":"wp","href":"https:\/\/api.w.org\/{rel}","templated":true}]}}